{"id":60,"date":"2021-03-29T13:32:46","date_gmt":"2021-03-29T13:32:46","guid":{"rendered":"https:\/\/blogit.utu.fi\/tkyt\/?page_id=60"},"modified":"2021-03-29T13:52:39","modified_gmt":"2021-03-29T13:52:39","slug":"yhdistys","status":"publish","type":"page","link":"https:\/\/blogit.utu.fi\/tkyt\/yhdistys\/","title":{"rendered":"Yhdistys"},"content":{"rendered":"\n<p>Turun korkeakoulujen yhteiskunnallis-taloudellinen tutkimusyhdistys on perustettu vuonna 1957. Yhdistyksen tarkoituksena on edist\u00e4\u00e4 ja tukea sellaista tieteellist\u00e4 tutkimusty\u00f6t\u00e4, jonka kohteina ovat taloudelliset ja yhteiskunnalliset sek\u00e4 niihin liittyv\u00e4t aiheet.<\/p>\n\n\n\n<p>Yhdistyksell\u00e4 on varsinaisia j\u00e4seni\u00e4 ja kannattajaj\u00e4seni\u00e4. Varsinaisia j\u00e4seni\u00e4 ovat Turun yliopisto ja \u00c5bo Akademi. Kannattajaj\u00e4seni\u00e4 on noin 75, ja n\u00e4ihin sis\u00e4ltyy my\u00f6s juridisia henkil\u00f6it\u00e4 (esim. yrityksi\u00e4).<\/p>\n\n\n\n<p>Yhdistys j\u00e4rjest\u00e4\u00e4 vuosittain <a href=\"https:\/\/blogit.utu.fi\/tkyt\/mauno-koivisto-luennot\/\">Mauno Koivisto -luennon<\/a>, joka k\u00e4sittelee jotain ajankohtaista yhteiskunnallista tai taloudellista aihetta. Yhdistys julkaisee kansainv\u00e4liselle ja kotimaiselle lukijakunnalle suunnattua vertaisarvioitua Finnish Journal of Social Research -lehte\u00e4 (<a href=\"https:\/\/fjsr.journal.fi\/index\">https:\/\/fjsr.journal.fi\/index<\/a>).<\/p>\n","protected":false},"excerpt":{"rendered":"<p>Turun korkeakoulujen yhteiskunnallis-taloudellinen tutkimusyhdistys on perustettu vuonna 1957. Yhdistyksen tarkoituksena on edist\u00e4\u00e4 ja tukea sellaista tieteellist\u00e4 tutkimusty\u00f6t\u00e4, jonka kohteina ovat taloudelliset ja yhteiskunnalliset sek\u00e4 niihin liittyv\u00e4t aiheet. Yhdistyksell\u00e4 on varsinaisia j\u00e4seni\u00e4 ja kannattajaj\u00e4seni\u00e4. Varsinaisia j\u00e4seni\u00e4 ovat Turun yliopisto ja \u00c5bo [&hellip;]<\/p>\n","protected":false},"author":5421,"featured_media":0,"parent":0,"menu_order":0,"comment_status":"closed","ping_status":"closed","template":"","meta":{"footnotes":""},"class_list":["post-60","page","type-page","status-publish","hentry"],"_links":{"self":[{"href":"https:\/\/blogit.utu.fi\/tkyt\/wp-json\/wp\/v2\/pages\/60","targetHints":{"allow":["GET"]}}],"collection":[{"href":"https:\/\/blogit.utu.fi\/tkyt\/wp-json\/wp\/v2\/pages"}],"about":[{"href":"https:\/\/blogit.utu.fi\/tkyt\/wp-json\/wp\/v2\/types\/page"}],"author":[{"embeddable":true,"href":"https:\/\/blogit.utu.fi\/tkyt\/wp-json\/wp\/v2\/users\/5421"}],"replies":[{"embeddable":true,"href":"https:\/\/blogit.utu.fi\/tkyt\/wp-json\/wp\/v2\/comments?post=60"}],"version-history":[{"count":2,"href":"https:\/\/blogit.utu.fi\/tkyt\/wp-json\/wp\/v2\/pages\/60\/revisions"}],"predecessor-version":[{"id":177,"href":"https:\/\/blogit.utu.fi\/tkyt\/wp-json\/wp\/v2\/pages\/60\/revisions\/177"}],"wp:attachment":[{"href":"https:\/\/blogit.utu.fi\/tkyt\/wp-json\/wp\/v2\/media?parent=60"}],"curies":[{"name":"wp","href":"https:\/\/api.w.org\/{rel}","templated":true}]}}