{"id":66,"date":"2021-03-29T13:32:46","date_gmt":"2021-03-29T13:32:46","guid":{"rendered":"https:\/\/blogit.utu.fi\/tkyt\/?page_id=66"},"modified":"2025-10-01T12:35:31","modified_gmt":"2025-10-01T12:35:31","slug":"mauno-koivisto-luennot","status":"publish","type":"page","link":"https:\/\/blogit.utu.fi\/tkyt\/mauno-koivisto-luennot\/","title":{"rendered":"Mauno Koivisto -luennot"},"content":{"rendered":"\n<p><br>Yhdistys j\u00e4rjest\u00e4\u00e4 vuosittain Mauno Koivisto-luennon, joka k\u00e4sittelee jotain ajankohtaista taloudellista tai yhteiskunnallista aihetta. <\/p>\n\n\n\n<p>2025 Luento on 7.10 klo 14:00 Turun yliopiston Mauno Koivisto -salissa. Tervetuloa! <br>(My\u00f6s striimin\u00e4: <a href=\"https:\/\/aboakademi.zoom.us\/j\/69781209016\"> https:\/\/aboakademi.zoom.us\/j\/69781209016<\/a>)<\/p>\n\n\n\n<figure class=\"wp-block-image size-large\"><img loading=\"lazy\" decoding=\"async\" width=\"819\" height=\"1024\" src=\"https:\/\/blogit.utu.fi\/tkyt\/wp-content\/uploads\/sites\/606\/2025\/09\/Fairbrother2025-819x1024.png\" alt=\"\" class=\"wp-image-455\" srcset=\"https:\/\/blogit.utu.fi\/tkyt\/wp-content\/uploads\/sites\/606\/2025\/09\/Fairbrother2025-819x1024.png 819w, https:\/\/blogit.utu.fi\/tkyt\/wp-content\/uploads\/sites\/606\/2025\/09\/Fairbrother2025-240x300.png 240w, https:\/\/blogit.utu.fi\/tkyt\/wp-content\/uploads\/sites\/606\/2025\/09\/Fairbrother2025-768x960.png 768w, https:\/\/blogit.utu.fi\/tkyt\/wp-content\/uploads\/sites\/606\/2025\/09\/Fairbrother2025-260x325.png 260w, https:\/\/blogit.utu.fi\/tkyt\/wp-content\/uploads\/sites\/606\/2025\/09\/Fairbrother2025.png 1080w\" sizes=\"auto, (max-width: 819px) 100vw, 819px\" \/><\/figure>\n\n\n\n<p><strong>2024<\/strong> Kriminologian professori <strong>Janne Kivivuori<\/strong> (Helsingin yliopisto): <em>Mit\u00e4 on historiallinen kriminologia? Esimerkkin\u00e4 pohjoismainen pitk\u00e4n keston henkirikostutkimus<\/em> <\/p>\n\n\n\n<figure class=\"wp-block-embed is-type-video is-provider-youtube wp-block-embed-youtube wp-embed-aspect-16-9 wp-has-aspect-ratio\"><div class=\"wp-block-embed__wrapper\">\n<iframe loading=\"lazy\" title=\"Mit\u00e4 on historiallinen kriminologia? Esimerkkin\u00e4 pohjoismainen pitk\u00e4n keston henkirikostutkimus\" width=\"630\" height=\"354\" src=\"https:\/\/www.youtube.com\/embed\/tUXUT7RcGzw?feature=oembed\" frameborder=\"0\" allow=\"accelerometer; autoplay; clipboard-write; encrypted-media; gyroscope; picture-in-picture; web-share\" referrerpolicy=\"strict-origin-when-cross-origin\" allowfullscreen><\/iframe>\n<\/div><\/figure>\n\n\n\n<p><\/p>\n\n\n\n<p><strong>2023<\/strong> Taloustieteen professori Johanna Rickne (Tukholman yliopisto): <em>Sexual Harassment and Gender Inequality in the Labor Market<\/em><\/p>\n\n\n\n<p><strong>2022<\/strong> Poliittisen historian professori <strong>Vesa Vares <\/strong>(Turun yliopisto): <em>Pelkk\u00e4\u00e4 urheilua vai moraalinen velvoite? Jalkapallo politiikan, rahavallan ja edistyksen paineissa Mussolinista Qatariin<\/em> <\/p>\n\n\n\n<p>Luento k\u00e4sitteli jalkapallon historiaa politiikan, rahavallan ja edistyksen n\u00e4k\u00f6kulmista. Luentotallenne on n\u00e4ht\u00e4vill\u00e4 YouTubessa: <\/p>\n\n\n\n<figure class=\"wp-block-embed is-type-video is-provider-youtube wp-block-embed-youtube wp-embed-aspect-16-9 wp-has-aspect-ratio\"><div class=\"wp-block-embed__wrapper\">\n<iframe loading=\"lazy\" title=\"Jalkapallo - pelkk\u00e4\u00e4 urheilua vai moraalinen velvoite?\" width=\"630\" height=\"354\" src=\"https:\/\/www.youtube.com\/embed\/91eSba47qqI?feature=oembed\" frameborder=\"0\" allow=\"accelerometer; autoplay; clipboard-write; encrypted-media; gyroscope; picture-in-picture; web-share\" referrerpolicy=\"strict-origin-when-cross-origin\" allowfullscreen><\/iframe>\n<\/div><\/figure>\n\n\n\n<p><\/p>\n\n\n\n<p><strong>2021<\/strong> Historiantutkija ja dosentti <strong>Tapio Bergholm<\/strong> (FT, YT): <em>Mauno Koivisto ja Turun yliopistot<\/em><\/p>\n\n\n\n<p>Vuoden 2021 Mauno Koivisto -luennolla historiantutkija ja dosentti Tapio Bergholm (FT, YT) tutustutti kuulijat presidentti Mauno Koiviston nuoruusvuosiin. Luento pohjautuu Bergholmin syksyll\u00e4 2020 julkaistuun teokseen Kiihke\u00e4 Koivisto. <\/p>\n\n\n\n<p>Hybridiluennon tallenne on n\u00e4ht\u00e4viss\u00e4 YouTubessa: <\/p>\n\n\n\n<figure class=\"wp-block-embed is-type-rich is-provider-upotuksen-k-sittelij wp-block-embed-upotuksen-k-sittelij wp-embed-aspect-16-9 wp-has-aspect-ratio\"><div class=\"wp-block-embed__wrapper\">\n<iframe loading=\"lazy\" title=\"Mauno Koivisto ja Turun yliopistot\" width=\"630\" height=\"354\" src=\"https:\/\/www.youtube.com\/embed\/4ALzcq9nTNo?feature=oembed\" frameborder=\"0\" allow=\"accelerometer; autoplay; clipboard-write; encrypted-media; gyroscope; picture-in-picture; web-share\" referrerpolicy=\"strict-origin-when-cross-origin\" allowfullscreen><\/iframe>\n<\/div><\/figure>\n\n\n\n<p><br><br><br><strong>2019 <\/strong>Rehtorit<strong> Jukka Kola <\/strong>(Turun yliopisto) ja <strong>Moira von Wright<\/strong> (\u00c5bo Akademi), keskustelun vet\u00e4j\u00e4n\u00e4 emeritusprofessori <strong>Heikki Paloheimo<\/strong> (Tampereen yliopisto): Turun yliopistot 2020-luvulla.<br><br><strong>2018 <\/strong>Professor<strong> Eszter Hargittai <\/strong>(University of Zurich): The Digital Reproduction of Inequality: The Implications of Differentiated Skills and Online Participation.<br><br><strong>2017 <\/strong>Ohjelmajohtaja<strong> Mika Aaltola <\/strong>(Ulkopoliittinen instituutti): Maailmanluokkaisen Suomen turvallisuus suurvaltapolitiikan murroksessa.<br><br><strong>2016 <\/strong>Professor<strong> Mikael Hjerm <\/strong>(Ume\u00e5 University), kommentoija dosentti<strong> Elina Kilpi-Jakonen <\/strong>(TY, sosiaalitieteiden laitos): Prejudice, past, present and future.<br><br><strong>2015 <\/strong>P\u00e4\u00e4johtaja<strong> Erkki Liikanen <\/strong>(Suomen Pankki), kommentoija professori emeritus<strong> Paavo Okko <\/strong>(TY, taloustieteen laitos): Optimismi, pessimismi ja realismi talouspolitiikassa.<br><br><strong>2014<\/strong> Professor <strong>Torben M. Andersen<\/strong> (Aarhus University), kommentoija VTT <strong>Juhana Vartiainen<\/strong> (Valtion Taloudellinen Tutkimuskeskus): The Nordic welfare model and welfare services &#8211; can we maintain acceptable standards?<br><br><strong>2013<\/strong> Professor <strong>Paul De Grauwe<\/strong> (London School of Economics and Political Science), kommentoija professori <strong>Sixten Korkman<\/strong> (Aalto-yliopisto): Design failures in the Eurozone and how to fix them <a href=\"https:\/\/blogit.utu.fi\/tkyt\/wp-content\/uploads\/sites\/606\/2021\/04\/7_De_Grauwe_2014.pdf\">(linkki luentoon liittyv\u00e4\u00e4n tekstiin, pdf)<\/a><br><br><strong>2012<\/strong> Professor <strong>Walter Korpi<\/strong> (Swedish Institute for Social Research SOFI, Stockholm University): The Rise and Decline of Western Full Employment Welfare States, 1920s \u2013 2005: Distributive Conflict, Partisan Politics, and the Unified Theory<br><br><strong>2011<\/strong> Professor <strong>Eric Uslaner<\/strong> (University of Maryland): Segregation, Diversity, and Mistrust.<br><br><strong>2010<\/strong> Professor of Canada Research Chair in Electoral Studies <strong>Henry Milner<\/strong> (Universit\u00e9 de Montr\u00e9al): Democratic Deficit: The Challenge of Raising Youth Participation <a href=\"https:\/\/blogit.utu.fi\/tkyt\/wp-content\/uploads\/sites\/606\/2021\/04\/rfs_Milner_2011_final.pdf\">(linkki luentoon liittyv\u00e4\u00e4n tekstiin, pdf)<\/a><br><br><strong>2009<\/strong> Professor <strong>Peter Taylor-Gooby<\/strong> University of Kent at Canterbury): Political Legitimacy and Social Citizenship: a dilemma of austerity<br><br><strong>2008<\/strong> Professor of Political Sociology <strong>J\u00f8rgen Goul Andersen<\/strong> (Aalborg University): Miksi hyvinvointivaltio menestyy globalisaation paineista huolimatta?<br><br><strong>2007<\/strong> Professor of empirical sociology, scientific director <strong>Jelle Visser<\/strong> (Amsterdam Institute for Advanced Labour Studies): Welfare State Reform and Corporatism &#8211; what&#8217;s the connection?<br><br><strong>2006<\/strong> Professor of Social Statistics <strong>John Micklewright<\/strong> (University of Southampton): International Surveys of Educational Achievement: How Robust are the Findings?<br><br><strong>2005<\/strong> <strong>Andreas Schleicher<\/strong> (OECD): Kansainv\u00e4linen PISA-tutkimus<br><br><strong>2004<\/strong> Presidentti <strong>Mauno Koivisto<\/strong>: Kontrafaktuaalinen historian tarkastelu<br><br><strong>2003<\/strong> P\u00e4\u00e4llikk\u00f6 <strong>Pekka Sutela<\/strong> (Suomen Pankin Siirtym\u00e4talouksien tutkimuslaitos): Ven\u00e4j\u00e4: matkalla Eurooppaan?<br><br><\/p>\n","protected":false},"excerpt":{"rendered":"<p>Yhdistys j\u00e4rjest\u00e4\u00e4 vuosittain Mauno Koivisto-luennon, joka k\u00e4sittelee jotain ajankohtaista taloudellista tai yhteiskunnallista aihetta. 2025 Luento on 7.10 klo 14:00 Turun yliopiston Mauno Koivisto -salissa. Tervetuloa! (My\u00f6s striimin\u00e4: https:\/\/aboakademi.zoom.us\/j\/69781209016) 2024 Kriminologian professori Janne Kivivuori (Helsingin yliopisto): Mit\u00e4 on historiallinen kriminologia? Esimerkkin\u00e4 [&hellip;]<\/p>\n","protected":false},"author":5421,"featured_media":0,"parent":0,"menu_order":0,"comment_status":"closed","ping_status":"closed","template":"","meta":{"footnotes":""},"class_list":["post-66","page","type-page","status-publish","hentry"],"_links":{"self":[{"href":"https:\/\/blogit.utu.fi\/tkyt\/wp-json\/wp\/v2\/pages\/66","targetHints":{"allow":["GET"]}}],"collection":[{"href":"https:\/\/blogit.utu.fi\/tkyt\/wp-json\/wp\/v2\/pages"}],"about":[{"href":"https:\/\/blogit.utu.fi\/tkyt\/wp-json\/wp\/v2\/types\/page"}],"author":[{"embeddable":true,"href":"https:\/\/blogit.utu.fi\/tkyt\/wp-json\/wp\/v2\/users\/5421"}],"replies":[{"embeddable":true,"href":"https:\/\/blogit.utu.fi\/tkyt\/wp-json\/wp\/v2\/comments?post=66"}],"version-history":[{"count":17,"href":"https:\/\/blogit.utu.fi\/tkyt\/wp-json\/wp\/v2\/pages\/66\/revisions"}],"predecessor-version":[{"id":460,"href":"https:\/\/blogit.utu.fi\/tkyt\/wp-json\/wp\/v2\/pages\/66\/revisions\/460"}],"wp:attachment":[{"href":"https:\/\/blogit.utu.fi\/tkyt\/wp-json\/wp\/v2\/media?parent=66"}],"curies":[{"name":"wp","href":"https:\/\/api.w.org\/{rel}","templated":true}]}}