{"id":69,"date":"2021-03-29T13:32:46","date_gmt":"2021-03-29T13:32:46","guid":{"rendered":"https:\/\/blogit.utu.fi\/tkyt\/?page_id=69"},"modified":"2022-11-30T18:07:25","modified_gmt":"2022-11-30T18:07:25","slug":"finnish-journal-of-social-research-linkki","status":"publish","type":"page","link":"https:\/\/blogit.utu.fi\/tkyt\/finnish-journal-of-social-research-linkki\/","title":{"rendered":"Finnish Journal of Social Research"},"content":{"rendered":"\n<p>Yhdistys julkaisee kansainv\u00e4liselle ja kotimaiselle lukijakunnalle suunnattua vertaisarvioitua Finnish Journal of Social Research -lehte\u00e4. Lehden kotisivut ovat osoitteessa: <a href=\"https:\/\/fjsr.journal.fi\/index\">https:\/\/fjsr.journal.fi\/index. <\/a><\/p>\n\n\n\n<p>Finnish Journal of Social Research k\u00e4ytt\u00e4\u00e4 Tieteellisten seurain valtuuskunnan (TSV) vertaisarviointitunnusta, mik\u00e4 tarkoittaa, ett\u00e4 lehden tieteelliset julkaisut l\u00e4pik\u00e4yv\u00e4t v\u00e4hint\u00e4\u00e4n kahden riippumattoman asiantuntijan suorittaman ennakkoarvioinnin. Lis\u00e4ksi Finnish journal of social research noudattaa Tutkimuseettisen neuvottelukunnan (TENK) Hyv\u00e4n tieteellisen k\u00e4yt\u00e4nn\u00f6n periaatteita.<\/p>\n\n\n\n<p>Vertaisarviointitunnus: <a rel=\"noreferrer noopener\" target=\"_blank\" href=\"https:\/\/www.tsv.fi\/fi\/palvelut\/tunnus\">https:\/\/www.tsv.fi\/fi\/palvelut\/tunnus<\/a><\/p>\n\n\n\n<p>Hyv\u00e4 tieteellinen k\u00e4yt\u00e4nt\u00f6: <a rel=\"noreferrer noopener\" target=\"_blank\" href=\"https:\/\/tenk.fi\/fi\/tiedevilppi\/hyva-tieteellinen-kaytanto-htk\">https:\/\/tenk.fi\/fi\/tiedevilppi\/hyva-tieteellinen-kaytanto-htk<\/a><\/p>\n\n\n\n<p>  <\/p>\n","protected":false},"excerpt":{"rendered":"<p>Yhdistys julkaisee kansainv\u00e4liselle ja kotimaiselle lukijakunnalle suunnattua vertaisarvioitua Finnish Journal of Social Research -lehte\u00e4. Lehden kotisivut ovat osoitteessa: https:\/\/fjsr.journal.fi\/index. Finnish Journal of Social Research k\u00e4ytt\u00e4\u00e4 Tieteellisten seurain valtuuskunnan (TSV) vertaisarviointitunnusta, mik\u00e4 tarkoittaa, ett\u00e4 lehden tieteelliset julkaisut l\u00e4pik\u00e4yv\u00e4t v\u00e4hint\u00e4\u00e4n kahden riippumattoman [&hellip;]<\/p>\n","protected":false},"author":5421,"featured_media":0,"parent":0,"menu_order":0,"comment_status":"closed","ping_status":"closed","template":"","meta":{"footnotes":""},"class_list":["post-69","page","type-page","status-publish","hentry"],"_links":{"self":[{"href":"https:\/\/blogit.utu.fi\/tkyt\/wp-json\/wp\/v2\/pages\/69","targetHints":{"allow":["GET"]}}],"collection":[{"href":"https:\/\/blogit.utu.fi\/tkyt\/wp-json\/wp\/v2\/pages"}],"about":[{"href":"https:\/\/blogit.utu.fi\/tkyt\/wp-json\/wp\/v2\/types\/page"}],"author":[{"embeddable":true,"href":"https:\/\/blogit.utu.fi\/tkyt\/wp-json\/wp\/v2\/users\/5421"}],"replies":[{"embeddable":true,"href":"https:\/\/blogit.utu.fi\/tkyt\/wp-json\/wp\/v2\/comments?post=69"}],"version-history":[{"count":3,"href":"https:\/\/blogit.utu.fi\/tkyt\/wp-json\/wp\/v2\/pages\/69\/revisions"}],"predecessor-version":[{"id":408,"href":"https:\/\/blogit.utu.fi\/tkyt\/wp-json\/wp\/v2\/pages\/69\/revisions\/408"}],"wp:attachment":[{"href":"https:\/\/blogit.utu.fi\/tkyt\/wp-json\/wp\/v2\/media?parent=69"}],"curies":[{"name":"wp","href":"https:\/\/api.w.org\/{rel}","templated":true}]}}