{"id":1032,"date":"2017-02-09T15:21:07","date_gmt":"2017-02-09T15:21:07","guid":{"rendered":"https:\/\/blogit.utu.fi\/tmsry\/?page_id=1032"},"modified":"2018-10-05T08:09:15","modified_gmt":"2018-10-05T08:09:15","slug":"linkit","status":"publish","type":"page","link":"https:\/\/blogit.utu.fi\/tmsry\/linkit\/","title":{"rendered":"Linkit"},"content":{"rendered":"<p>T\u00e4lle sivulle on koostettu linkkej\u00e4 liittyen maantieteeseen ja maantieteellisesti kiinnostavaan toimintaan Turussa ja muualla.<\/p>\n<p><strong>Turku<\/strong><\/p>\n<p><a href=\"http:\/\/www.utu.fi\/fi\/yksikot\/sci\/yksikot\/maageo\">Turun yliopiston maantieteen ja geologian laitos<\/a><\/p>\n<p>Turun yliopiston <a href=\"http:\/\/synapsi.utu.fi\/\">maantieteen ja biologian opiskelijoiden ainej\u00e4rjest\u00f6 Synapsi<\/a><\/p>\n<p><a href=\"http:\/\/www.egea.eu\/entities\/turku\/\">EGEA Turku<\/a><\/p>\n<p><strong>Suomi<\/strong><\/p>\n<p><a href=\"http:\/\/geography.fi\/\">Suomen Maantieteellinen Seura<\/a><\/p>\n<p><a href=\"https:\/\/wiki.oulu.fi\/display\/psms\/Etusivu\">Pohjois-Suomen Maantieteellinen Seura<\/a><\/p>\n<p>Kehitysyhteisty\u00f6n kattoj\u00e4rjest\u00f6 <a href=\"https:\/\/www.kepa.fi\/\">Kepa<\/a><\/p>\n<p><a href=\"http:\/\/www.kehitystutkimus.fi\/\">Suomen kehitystutkimuksen seura<\/a><\/p>\n<p><a href=\"https:\/\/www.ays.fi\/\">Alue- ja ymp\u00e4rist\u00f6tutkimuksen seura<\/a><\/p>\n<p><a href=\"http:\/\/www.kartogra.fi\/\">Suomen Kartografinen Seura<\/a><\/p>\n<p><strong>Paikkatieto ja muut aineistot<\/strong><\/p>\n<p><a href=\"http:\/\/www.paikkatietoikkuna.fi\/web\/fi\/etusivu\">Paikkatietoikkuna<\/a> ja <a href=\"http:\/\/www.paikkatietoikkuna.fi\/web\/fi\/positio-lehti\">Positio-lehti<\/a><\/p>\n<p><a href=\"http:\/\/gtkdata.gtk.fi\/maankamara\/\">Maankamara<\/a> ja muut Geologian tutkimuskeskuksen <a href=\"http:\/\/www.gtk.fi\/tietopalvelut\/karttapalvelut\/\">karttapalvelut<\/a><\/p>\n<p><a href=\"https:\/\/asiointi.maanmittauslaitos.fi\/karttapaikka\/\">Karttapaikka<\/a><\/p>\n<p><a href=\"https:\/\/syke.maps.arcgis.com\/home\/index.html\">SYKEn paikkatietoportaali<\/a>,\u00a0josta l\u00f6ytyy mm. meriluontoa koskeva <a href=\"http:\/\/paikkatieto.ymparisto.fi\/velmuviewers\/Html5Viewer_2_9_2\/Index.html?configBase=http:\/\/paikkatieto.ymparisto.fi\/Geocortex\/Essentials\/REST\/sites\/VELMU_karttapalvelu\/viewers\/HTML5\/virtualdirectory\/Resources\/Config\/Default&amp;locale=fi\">VELMU-karttapalvelu<\/a><\/p>\n<p><a href=\"http:\/\/karttapalvelu.lounaispaikka.fi\/\">Lounaispaikan karttapalvelu<\/a>\u00a0\/ <a href=\"http:\/\/www.lounaistieto.fi\/\">Lounaistieto<\/a><\/p>\n<p><a href=\"https:\/\/opaskartta.turku.fi\/ims\/\">Turun opaskartta<\/a><\/p>\n<p><a href=\"https:\/\/www.versuslehti.fi\/\">Versus<\/a>-verkkolehti<\/p>\n<p><a href=\"https:\/\/aluejaymparisto.journal.fi\/\">Alue ja ymp\u00e4rist\u00f6<\/a> -lehti (Alue- ja ymp\u00e4rist\u00f6tutkimuksen seura)<\/p>\n<p><a href=\"https:\/\/terra.journal.fi\/\">Terra<\/a> ja <a href=\"https:\/\/fennia.journal.fi\/\">Fennia<\/a>\u00a0(Suomen Maantieteellinen Seura)<\/p>\n","protected":false},"excerpt":{"rendered":"<p>T\u00e4lle sivulle on koostettu linkkej\u00e4 liittyen maantieteeseen ja maantieteellisesti kiinnostavaan toimintaan Turussa ja muualla. Turku Turun yliopiston maantieteen ja geologian laitos Turun yliopiston maantieteen ja biologian opiskelijoiden ainej\u00e4rjest\u00f6 Synapsi EGEA Turku Suomi Suomen Maantieteellinen Seura Pohjois-Suomen Maantieteellinen Seura Kehitysyhteisty\u00f6n kattoj\u00e4rjest\u00f6 &hellip; <a href=\"https:\/\/blogit.utu.fi\/tmsry\/linkit\/\">Lue loppuun <span class=\"meta-nav\">&rarr;<\/span><\/a><\/p>\n","protected":false},"author":1700,"featured_media":0,"parent":0,"menu_order":0,"comment_status":"closed","ping_status":"closed","template":"sidebar-page.php","meta":{"footnotes":""},"class_list":["post-1032","page","type-page","status-publish","hentry"],"_links":{"self":[{"href":"https:\/\/blogit.utu.fi\/tmsry\/wp-json\/wp\/v2\/pages\/1032","targetHints":{"allow":["GET"]}}],"collection":[{"href":"https:\/\/blogit.utu.fi\/tmsry\/wp-json\/wp\/v2\/pages"}],"about":[{"href":"https:\/\/blogit.utu.fi\/tmsry\/wp-json\/wp\/v2\/types\/page"}],"author":[{"embeddable":true,"href":"https:\/\/blogit.utu.fi\/tmsry\/wp-json\/wp\/v2\/users\/1700"}],"replies":[{"embeddable":true,"href":"https:\/\/blogit.utu.fi\/tmsry\/wp-json\/wp\/v2\/comments?post=1032"}],"version-history":[{"count":11,"href":"https:\/\/blogit.utu.fi\/tmsry\/wp-json\/wp\/v2\/pages\/1032\/revisions"}],"predecessor-version":[{"id":1815,"href":"https:\/\/blogit.utu.fi\/tmsry\/wp-json\/wp\/v2\/pages\/1032\/revisions\/1815"}],"wp:attachment":[{"href":"https:\/\/blogit.utu.fi\/tmsry\/wp-json\/wp\/v2\/media?parent=1032"}],"curies":[{"name":"wp","href":"https:\/\/api.w.org\/{rel}","templated":true}]}}