{"id":2024,"date":"2019-10-14T14:55:42","date_gmt":"2019-10-14T14:55:42","guid":{"rendered":"https:\/\/blogit.utu.fi\/tmsry\/?page_id=2024"},"modified":"2019-11-17T14:20:07","modified_gmt":"2019-11-17T14:20:07","slug":"blogi","status":"publish","type":"page","link":"https:\/\/blogit.utu.fi\/tmsry\/blogi\/","title":{"rendered":"Blogi"},"content":{"rendered":"<p>Turun Maantieteellisen seuran blogi esittelee ajankohtaista maantieteellist\u00e4 tutkimusta. Luvassa on Turun yliopiston maantieteen ja geologian laitoksen tutkimusryhmien esittelyj\u00e4 sek\u00e4 uusien artikkelien suomenkielisi\u00e4 tiiviit\u00e4 katsauksia.<\/p>\n<p>Blogitekstien tarkoituksena on yleistajuistaa maantieteellist\u00e4 tutkimusta ja tuoda maantietellinen tutkiuttu tieto helpommin saataville ja esille. Lis\u00e4ksi blogitekstit kuvaavat turkulaista maantieteellist\u00e4 tutkimusta ja esittelev\u00e4t sen monipuolisuutta.<\/p>\n<p>Blogin kirjoittajana toimii syksyst\u00e4 2019 l\u00e4htien maantieteen opiskelija Anton Kuukka, jolle voi l\u00e4hett\u00e4\u00e4 palautetta ja postausehdotuksia s\u00e4hk\u00f6postilla osoitteeseen antkuu@utu.fi.<\/p>\n<p>Uusimmat blogitekstit:<\/p>\n<ul>\n<li><a href=\"https:\/\/blogit.utu.fi\/tmsry\/esittelyssa-krepro-tutkimusryhma\/\">Esittelyss\u00e4 KREPRO-tutkimusryhm\u00e4<\/a> (17.11.2019)<\/li>\n<li><a href=\"https:\/\/blogit.utu.fi\/tmsry\/murtoot-maailmankartalle\/\">Murtoot maailmankartalle<\/a> (7.11.2019)<\/li>\n<li><a href=\"https:\/\/blogit.utu.fi\/tmsry\/osallistavan-paikkatiedon-kehittamista-tansaniassa\/\">Osallistavan paikkatiedon kehitt\u00e4mist\u00e4 Tansaniassa<\/a> (22.10.2019)<\/li>\n<li><a href=\"https:\/\/blogit.utu.fi\/tmsry\/esittelyssa-fluvial-and-coastal-geography-group\/\">Esittelyss\u00e4 Fluvial and Coastal Geography Group<\/a> (14.10.2019)<\/li>\n<\/ul>\n","protected":false},"excerpt":{"rendered":"<p>Turun Maantieteellisen seuran blogi esittelee ajankohtaista maantieteellist\u00e4 tutkimusta. Luvassa on Turun yliopiston maantieteen ja geologian laitoksen tutkimusryhmien esittelyj\u00e4 sek\u00e4 uusien artikkelien suomenkielisi\u00e4 tiiviit\u00e4 katsauksia. Blogitekstien tarkoituksena on yleistajuistaa maantieteellist\u00e4 tutkimusta ja tuoda maantietellinen tutkiuttu tieto helpommin saataville ja esille. Lis\u00e4ksi &hellip; <a href=\"https:\/\/blogit.utu.fi\/tmsry\/blogi\/\">Lue loppuun <span class=\"meta-nav\">&rarr;<\/span><\/a><\/p>\n","protected":false},"author":11288,"featured_media":0,"parent":0,"menu_order":0,"comment_status":"closed","ping_status":"closed","template":"","meta":{"footnotes":""},"class_list":["post-2024","page","type-page","status-publish","hentry"],"_links":{"self":[{"href":"https:\/\/blogit.utu.fi\/tmsry\/wp-json\/wp\/v2\/pages\/2024","targetHints":{"allow":["GET"]}}],"collection":[{"href":"https:\/\/blogit.utu.fi\/tmsry\/wp-json\/wp\/v2\/pages"}],"about":[{"href":"https:\/\/blogit.utu.fi\/tmsry\/wp-json\/wp\/v2\/types\/page"}],"author":[{"embeddable":true,"href":"https:\/\/blogit.utu.fi\/tmsry\/wp-json\/wp\/v2\/users\/11288"}],"replies":[{"embeddable":true,"href":"https:\/\/blogit.utu.fi\/tmsry\/wp-json\/wp\/v2\/comments?post=2024"}],"version-history":[{"count":7,"href":"https:\/\/blogit.utu.fi\/tmsry\/wp-json\/wp\/v2\/pages\/2024\/revisions"}],"predecessor-version":[{"id":2153,"href":"https:\/\/blogit.utu.fi\/tmsry\/wp-json\/wp\/v2\/pages\/2024\/revisions\/2153"}],"wp:attachment":[{"href":"https:\/\/blogit.utu.fi\/tmsry\/wp-json\/wp\/v2\/media?parent=2024"}],"curies":[{"name":"wp","href":"https:\/\/api.w.org\/{rel}","templated":true}]}}