{"id":241,"date":"2017-01-10T14:56:43","date_gmt":"2017-01-10T14:56:43","guid":{"rendered":"https:\/\/blogit.utu.fi\/tmsry\/?page_id=241"},"modified":"2017-01-10T14:57:35","modified_gmt":"2017-01-10T14:57:35","slug":"kunniajasenet","status":"publish","type":"page","link":"https:\/\/blogit.utu.fi\/tmsry\/jasenet\/kunniajasenet\/","title":{"rendered":"Kunniaj\u00e4senet"},"content":{"rendered":"<p>Kunniaj\u00e4seneksi p\u00e4\u00e4see ansioitunut ja tunnustettu Turun Maantieteellisen Seuran j\u00e4sen. Kunniaj\u00e4seni\u00e4 on t\u00e4ll\u00e4 hetkell\u00e4 seitsem\u00e4n:<\/p>\n<p>* Oiva Tuominen 24.4.1979<br \/>\n* Birger Ohlson 21.9.1981<br \/>\n* Olavi Gran\u00f6 21.3.1991<br \/>\n* Mauno Mielonen 1994<br \/>\n* Ritva Manner 31.1.2007<br \/>\n* Jorma Kyt\u00f6m\u00e4ki 25.3.2011<br \/>\n* Taimi Sitari 25.3.2011<\/p>\n","protected":false},"excerpt":{"rendered":"<p>Kunniaj\u00e4seneksi p\u00e4\u00e4see ansioitunut ja tunnustettu Turun Maantieteellisen Seuran j\u00e4sen. Kunniaj\u00e4seni\u00e4 on t\u00e4ll\u00e4 hetkell\u00e4 seitsem\u00e4n: * Oiva Tuominen 24.4.1979 * Birger Ohlson 21.9.1981 * Olavi Gran\u00f6 21.3.1991 * Mauno Mielonen 1994 * Ritva Manner 31.1.2007 * Jorma Kyt\u00f6m\u00e4ki 25.3.2011 * Taimi &hellip; <a href=\"https:\/\/blogit.utu.fi\/tmsry\/jasenet\/kunniajasenet\/\">Lue loppuun <span class=\"meta-nav\">&rarr;<\/span><\/a><\/p>\n","protected":false},"author":1700,"featured_media":0,"parent":40,"menu_order":0,"comment_status":"closed","ping_status":"closed","template":"sidebar-page.php","meta":{"footnotes":""},"class_list":["post-241","page","type-page","status-publish","hentry"],"_links":{"self":[{"href":"https:\/\/blogit.utu.fi\/tmsry\/wp-json\/wp\/v2\/pages\/241","targetHints":{"allow":["GET"]}}],"collection":[{"href":"https:\/\/blogit.utu.fi\/tmsry\/wp-json\/wp\/v2\/pages"}],"about":[{"href":"https:\/\/blogit.utu.fi\/tmsry\/wp-json\/wp\/v2\/types\/page"}],"author":[{"embeddable":true,"href":"https:\/\/blogit.utu.fi\/tmsry\/wp-json\/wp\/v2\/users\/1700"}],"replies":[{"embeddable":true,"href":"https:\/\/blogit.utu.fi\/tmsry\/wp-json\/wp\/v2\/comments?post=241"}],"version-history":[{"count":1,"href":"https:\/\/blogit.utu.fi\/tmsry\/wp-json\/wp\/v2\/pages\/241\/revisions"}],"predecessor-version":[{"id":244,"href":"https:\/\/blogit.utu.fi\/tmsry\/wp-json\/wp\/v2\/pages\/241\/revisions\/244"}],"up":[{"embeddable":true,"href":"https:\/\/blogit.utu.fi\/tmsry\/wp-json\/wp\/v2\/pages\/40"}],"wp:attachment":[{"href":"https:\/\/blogit.utu.fi\/tmsry\/wp-json\/wp\/v2\/media?parent=241"}],"curies":[{"name":"wp","href":"https:\/\/api.w.org\/{rel}","templated":true}]}}