{"id":271,"date":"2017-01-10T22:24:33","date_gmt":"2017-01-10T22:24:33","guid":{"rendered":"https:\/\/blogit.utu.fi\/tmsry\/?page_id=271"},"modified":"2017-08-30T12:10:28","modified_gmt":"2017-08-30T12:10:28","slug":"kehitysyhteistyo","status":"publish","type":"page","link":"https:\/\/blogit.utu.fi\/tmsry\/toiminta\/kehitysyhteistyo\/","title":{"rendered":"Kehitysyhteisty\u00f6"},"content":{"rendered":"<p>Turun Maantieteellinen Seura on toteuttanut kolme kehitysyhteisty\u00f6hanketta Sansibarilla, Tansaniassa. Nelj\u00e4s hanke on alkanut vuonna 2017. Hankkeet on toteutettu Ulkoasiainministeri\u00f6n rahoituksella ja paikallisen kumppanin kanssa.<\/p>\n<p><strong>KIPPO<\/strong> 2017-2019<\/p>\n<p>TMS:n nykyisen hankkeen kumppaneina ovat Sansibarin mets\u00e4osasto DFNR sek\u00e4 paikallinen uusi kansalaisj\u00e4rjest\u00f6 MUMKI. Hankkeen tavoitteena on tukea paikallista kansalaisyhteiskuntaa ja edist\u00e4\u00e4 Kiwengwa-Pongwen mets\u00e4aluetta ymp\u00e4r\u00f6ivien yhteis\u00f6jen osallistumista mets\u00e4nsuojeluun. <a href=\"https:\/\/blogit.utu.fi\/tmsry\/kippo\/\">Lue lis\u00e4\u00e4<\/a> (englanniksi).<\/p>\n<p><strong>SUFO<\/strong> 2013-2015<\/p>\n<p>Kiwengwa-Pongwen alueen elinkeinojen tukeminen sai jatkoa SUFO-hankkeessa kumppaninaan Sansibarin mets\u00e4osasto DFNR (ent. DCCFF). Painopiste elinkeinojen tukemisessa oli ruokaturvan ja metsiensuojelun yhdist\u00e4misess\u00e4. Eli ruoantuotannon kehitt\u00e4minen tavoin, jotka eiv\u00e4t vaadi suojellun mets\u00e4alueen hy\u00f6dynt\u00e4mist\u00e4 kest\u00e4m\u00e4tt\u00f6m\u00e4ll\u00e4 tavalla. <a href=\"https:\/\/blogit.utu.fi\/tmsry\/sufo\/\">Lue lis\u00e4\u00e4<\/a> (englanniksi).<\/p>\n<div id=\"attachment_283\" style=\"width: 210px\" class=\"wp-caption alignnone\"><img loading=\"lazy\" decoding=\"async\" aria-describedby=\"caption-attachment-283\" class=\"wp-image-283 size-medium\" src=\"https:\/\/blogit.utu.fi\/tmsry\/wp-content\/uploads\/sites\/94\/2017\/01\/sansibar16-07-13-200x300.jpg\" alt=\"Vuohien kasvatusta\" width=\"200\" height=\"300\" srcset=\"https:\/\/blogit.utu.fi\/tmsry\/wp-content\/uploads\/sites\/94\/2017\/01\/sansibar16-07-13-200x300.jpg 200w, https:\/\/blogit.utu.fi\/tmsry\/wp-content\/uploads\/sites\/94\/2017\/01\/sansibar16-07-13.jpg 400w\" sizes=\"auto, (max-width: 200px) 100vw, 200px\" \/><p id=\"caption-attachment-283\" class=\"wp-caption-text\">Vuohenmaidon tuotanto oli yksi SUFOn tukemista elinkeinoista.<\/p><\/div>\n<p>&nbsp;<\/p>\n<p><strong>LIVE<\/strong> 2009-2012<\/p>\n<p>LIVE-projekti jatkoi TMS:n ja Sansibarin mets\u00e4osaston DCCFF:n (nyk. DFNR) kumppanuutta. Hankkeen t\u00e4ht\u00e4imen\u00e4 oli kehitt\u00e4\u00e4 ja tukea paikallisia elinkeinoja Kiwengwa-Pongwen mets\u00e4nsuojelualueen ymp\u00e4rill\u00e4. N\u00e4iden toimien avulla pyrittiin\u00a0kehitt\u00e4m\u00e4\u00e4n ja tukemaan elinkeinoja, jotka v\u00e4hent\u00e4v\u00e4t paikallisten yhteis\u00f6jen k\u00e4ytt\u00f6painetta suojellulle mets\u00e4alueelle. <a href=\"https:\/\/blogit.utu.fi\/tmsry\/live\/\">Lue lis\u00e4\u00e4 <\/a>(englanniksi).<\/p>\n<div id=\"attachment_280\" style=\"width: 310px\" class=\"wp-caption alignnone\"><img loading=\"lazy\" decoding=\"async\" aria-describedby=\"caption-attachment-280\" class=\"wp-image-280 size-medium\" src=\"https:\/\/blogit.utu.fi\/tmsry\/wp-content\/uploads\/sites\/94\/2017\/01\/zbarE42-300x200.jpg\" alt=\"Moderni mehil\u00e4ispes\u00e4\" width=\"300\" height=\"200\" srcset=\"https:\/\/blogit.utu.fi\/tmsry\/wp-content\/uploads\/sites\/94\/2017\/01\/zbarE42-300x200.jpg 300w, https:\/\/blogit.utu.fi\/tmsry\/wp-content\/uploads\/sites\/94\/2017\/01\/zbarE42-768x513.jpg 768w, https:\/\/blogit.utu.fi\/tmsry\/wp-content\/uploads\/sites\/94\/2017\/01\/zbarE42-449x300.jpg 449w, https:\/\/blogit.utu.fi\/tmsry\/wp-content\/uploads\/sites\/94\/2017\/01\/zbarE42.jpg 804w\" sizes=\"auto, (max-width: 300px) 100vw, 300px\" \/><p id=\"caption-attachment-280\" class=\"wp-caption-text\">Moderni mehil\u00e4ispes\u00e4. Hunajantuotanto on kest\u00e4v\u00e4\u00e4 metsienk\u00e4ytt\u00f6\u00e4 oikein toteutettuna.<\/p><\/div>\n<p>&nbsp;<\/p>\n<p><strong>KIWA<\/strong> 2006-2008<\/p>\n<p>TMS on ollut mukana Sansibarin ekoturismin kehitt\u00e4misess\u00e4 kumppaninaan paikallinen mets\u00e4osasto (DCCFF, nykyisin DFNR). Hankkeen aikana rakennettiin uusi matkailukohde Kiwengwan luolille sek\u00e4 luontopolku. Luolakohde tarjoaa vaihtoehtoja kest\u00e4v\u00e4lle turismille ja ty\u00f6t\u00e4 sek\u00e4 tuloja paikallisille asukkaille. <a href=\"https:\/\/blogit.utu.fi\/tmsry\/kiwa\/\">Lue lis\u00e4\u00e4<\/a> (englanniksi).<\/p>\n<div id=\"attachment_274\" style=\"width: 210px\" class=\"wp-caption alignnone\"><img loading=\"lazy\" decoding=\"async\" aria-describedby=\"caption-attachment-274\" class=\"wp-image-274 size-medium\" src=\"https:\/\/blogit.utu.fi\/tmsry\/wp-content\/uploads\/sites\/94\/2017\/01\/kiwa-luolapolku-eveliina-viitaniemi-200x300.jpg\" alt=\"KIWA-luolapolku\" width=\"200\" height=\"300\" srcset=\"https:\/\/blogit.utu.fi\/tmsry\/wp-content\/uploads\/sites\/94\/2017\/01\/kiwa-luolapolku-eveliina-viitaniemi-200x300.jpg 200w, https:\/\/blogit.utu.fi\/tmsry\/wp-content\/uploads\/sites\/94\/2017\/01\/kiwa-luolapolku-eveliina-viitaniemi.jpg 267w\" sizes=\"auto, (max-width: 200px) 100vw, 200px\" \/><p id=\"caption-attachment-274\" class=\"wp-caption-text\">Luontopolku Kiwengwan luolilla.<\/p><\/div>\n","protected":false},"excerpt":{"rendered":"<p>Turun Maantieteellinen Seura on toteuttanut kolme kehitysyhteisty\u00f6hanketta Sansibarilla, Tansaniassa. Nelj\u00e4s hanke on alkanut vuonna 2017. Hankkeet on toteutettu Ulkoasiainministeri\u00f6n rahoituksella ja paikallisen kumppanin kanssa. KIPPO 2017-2019 TMS:n nykyisen hankkeen kumppaneina ovat Sansibarin mets\u00e4osasto DFNR sek\u00e4 paikallinen uusi kansalaisj\u00e4rjest\u00f6 MUMKI. Hankkeen &hellip; <a href=\"https:\/\/blogit.utu.fi\/tmsry\/toiminta\/kehitysyhteistyo\/\">Lue loppuun <span class=\"meta-nav\">&rarr;<\/span><\/a><\/p>\n","protected":false},"author":1700,"featured_media":0,"parent":58,"menu_order":0,"comment_status":"closed","ping_status":"closed","template":"sidebar-page.php","meta":{"footnotes":""},"class_list":["post-271","page","type-page","status-publish","hentry"],"_links":{"self":[{"href":"https:\/\/blogit.utu.fi\/tmsry\/wp-json\/wp\/v2\/pages\/271","targetHints":{"allow":["GET"]}}],"collection":[{"href":"https:\/\/blogit.utu.fi\/tmsry\/wp-json\/wp\/v2\/pages"}],"about":[{"href":"https:\/\/blogit.utu.fi\/tmsry\/wp-json\/wp\/v2\/types\/page"}],"author":[{"embeddable":true,"href":"https:\/\/blogit.utu.fi\/tmsry\/wp-json\/wp\/v2\/users\/1700"}],"replies":[{"embeddable":true,"href":"https:\/\/blogit.utu.fi\/tmsry\/wp-json\/wp\/v2\/comments?post=271"}],"version-history":[{"count":7,"href":"https:\/\/blogit.utu.fi\/tmsry\/wp-json\/wp\/v2\/pages\/271\/revisions"}],"predecessor-version":[{"id":1368,"href":"https:\/\/blogit.utu.fi\/tmsry\/wp-json\/wp\/v2\/pages\/271\/revisions\/1368"}],"up":[{"embeddable":true,"href":"https:\/\/blogit.utu.fi\/tmsry\/wp-json\/wp\/v2\/pages\/58"}],"wp:attachment":[{"href":"https:\/\/blogit.utu.fi\/tmsry\/wp-json\/wp\/v2\/media?parent=271"}],"curies":[{"name":"wp","href":"https:\/\/api.w.org\/{rel}","templated":true}]}}