{"id":289,"date":"2017-01-10T22:31:11","date_gmt":"2017-01-10T22:31:11","guid":{"rendered":"https:\/\/blogit.utu.fi\/tmsry\/?page_id=289"},"modified":"2017-01-10T22:31:12","modified_gmt":"2017-01-10T22:31:12","slug":"julkaisut","status":"publish","type":"page","link":"https:\/\/blogit.utu.fi\/tmsry\/toiminta\/julkaisut\/","title":{"rendered":"Julkaisut"},"content":{"rendered":"<p>TMS on tuottanut kaksi julkaisua, jotka on esitelty alla.<\/p>\n<p><strong>Sansibar &#8211; maustesaari muutoksessa<\/strong> (2010)<img loading=\"lazy\" decoding=\"async\" class=\"size-medium wp-image-295 alignright\" src=\"https:\/\/blogit.utu.fi\/tmsry\/wp-content\/uploads\/sites\/94\/2017\/01\/Kuva_kansi-sansibar-211x300.png\" alt=\"Sansibar-julkaisun kansi\" width=\"211\" height=\"300\" srcset=\"https:\/\/blogit.utu.fi\/tmsry\/wp-content\/uploads\/sites\/94\/2017\/01\/Kuva_kansi-sansibar-211x300.png 211w, https:\/\/blogit.utu.fi\/tmsry\/wp-content\/uploads\/sites\/94\/2017\/01\/Kuva_kansi-sansibar.png 336w\" sizes=\"auto, (max-width: 211px) 100vw, 211px\" \/><\/p>\n<p>Seuran toinen julkaisu k\u00e4sittelee Sansibaria. Artikkeleista koostuvassa teoksessa \u2019Sansibar \u2013 maustesaari muutoksessa\u2019 tuodaan monipuolisesti esiin it\u00e4isess\u00e4 Afrikassa Intian valtameress\u00e4 sijaitsevan Sansibarin luonnon- ja kulttuurimaantieteen n\u00e4k\u00f6kulmia. Teos on syntynyt Seuran j\u00e4senien sek\u00e4 Turun yliopiston maantieteen laitoksen tutkijoiden omasta innostuksesta Sansibaria kohtaan.<\/p>\n<p>Tansanian kanssa liittovaltion muodostavalla Sansibarilla on kiehtova mausteneilikan ja orjakaupan s\u00e4vytt\u00e4m\u00e4 historia, jota nykyp\u00e4iv\u00e4n kulttuuri, tavat sek\u00e4 perinteet heijastelevat. T\u00e4n\u00e4 p\u00e4iv\u00e4n\u00e4 kulttuurien v\u00e4list\u00e4 vuorovaikutusta kuvaa erityisesti turismin kasvu; hiekkarannat palmuineen houkuttelevat l\u00e4nsimaisia matkailijoita kokemaan trooppisten saarten eksotiikkaa. Kirjoittajat k\u00e4sittelev\u00e4t teoksessa Sansibarin historiaa ja poliittista kehityst\u00e4 sek\u00e4 tulevaisuuden kest\u00e4vi\u00e4 kehityskulkuja mm. turismin, mets\u00e4maiseman sek\u00e4 kulttuurin osalta. Oman osansa tarkastelusta saa Suomen Sansibarille kohdistama kehitysyhteisty\u00f6, ja teoksessa tutustutaan my\u00f6s kansalaisj\u00e4rjest\u00f6toimintaan Sansibarilla.<\/p>\n<p>Kirjan julkaisemiseen Turun Maantieteellinen Seura sai Suomen ulkoasiainministeri\u00f6n kansalaisj\u00e4rjest\u00f6ille suunnattua viestint\u00e4- ja kehityskasvatustukea.<\/p>\n<p>&nbsp;<\/p>\n<p>&nbsp;<\/p>\n<p><strong>Namibia &#8211; el\u00e4m\u00e4\u00e4 kuivuuden keskell\u00e4\u00a0<\/strong>(2004)<img loading=\"lazy\" decoding=\"async\" class=\"size-full wp-image-292 alignright\" src=\"https:\/\/blogit.utu.fi\/tmsry\/wp-content\/uploads\/sites\/94\/2017\/01\/kansi-namibia.jpg\" alt=\"Namibiaan suuntautuneen retken julkaisun kansi\" width=\"177\" height=\"249\" \/><\/p>\n<p>Seuran ensimm\u00e4inen julkaisu on vuonna 2004 julkaistu Namibiaa k\u00e4sittelev\u00e4t teos. Kirjan ovat tehneet vuonna 2003 Namibiaan suuntautuneelle laudatur-matkalle osallistuneet maantieteen opiskelijat.<\/p>\n<p>Matkan toteuttamista tuki Turun yliopistos\u00e4\u00e4ti\u00f6. Kirjan julkaisemiseen Seura sai tukea Ulkoasiainministeri\u00f6lt\u00e4, vaikka julkaisussa esitetyt n\u00e4kemykset eiv\u00e4t v\u00e4ltt\u00e4m\u00e4tt\u00e4 edusta ulkoasiainministeri\u00f6n virallista kantaa.<\/p>\n<p>Retken ohjaajan Taimi Sitarin selostus matkan kulusta:<\/p>\n<p>Matkan aikana tutustuttiin sek\u00e4 maan luontoon ja n\u00e4ht\u00e4vyyksiin ett\u00e4 yhteiskunnallisiin oloihin ja tutkimuslaitoksiin. Matkaa tehtiin kahdella vuokra-autolla ja y\u00f6vyttiin enimm\u00e4kseen leirint\u00e4alueilla. Matkareitti kulki Windhoekista Soussusvlein dyynialueen ja Gobabibin tutkimusaseman kautta Walvis Bayn satamakaupunkiin ja Swakopmundiin. Sielt\u00e4 k\u00e4sin retkeiltiin pari p\u00e4iv\u00e4\u00e4 ymp\u00e4rist\u00f6n autiomaassa tutustuen Welwitschioihin ja Cape Crossin hylkeisiin, jonka j\u00e4lkeen jatkettiin Brandbergin ja Khorixasin kautta Etoshalle, jonka el\u00e4imist\u00f6\u00f6n tutustuttiin seuraavien p\u00e4ivien aikana. Etoshan j\u00e4lkeen vierailtiin Opuwossa tutustumassa himbakulttuuriin ja sielt\u00e4 matka suuntautui Ambomaalle, miss\u00e4 vierailtiin Olukondanssa sijaitsevassa Martti Rautasen museossa. Paluu Windhoekiin tehtiin Grootfontainin l\u00e4hell\u00e4 sijaitsevan Hoba-meteoriitin ja Waterbergin luonnonpuiston kautta.<\/p>\n<p>&nbsp;<\/p>\n","protected":false},"excerpt":{"rendered":"<p>TMS on tuottanut kaksi julkaisua, jotka on esitelty alla. Sansibar &#8211; maustesaari muutoksessa (2010) Seuran toinen julkaisu k\u00e4sittelee Sansibaria. Artikkeleista koostuvassa teoksessa \u2019Sansibar \u2013 maustesaari muutoksessa\u2019 tuodaan monipuolisesti esiin it\u00e4isess\u00e4 Afrikassa Intian valtameress\u00e4 sijaitsevan Sansibarin luonnon- ja kulttuurimaantieteen n\u00e4k\u00f6kulmia. Teos &hellip; <a href=\"https:\/\/blogit.utu.fi\/tmsry\/toiminta\/julkaisut\/\">Lue loppuun <span class=\"meta-nav\">&rarr;<\/span><\/a><\/p>\n","protected":false},"author":1700,"featured_media":0,"parent":58,"menu_order":0,"comment_status":"closed","ping_status":"closed","template":"sidebar-page.php","meta":{"footnotes":""},"class_list":["post-289","page","type-page","status-publish","hentry"],"_links":{"self":[{"href":"https:\/\/blogit.utu.fi\/tmsry\/wp-json\/wp\/v2\/pages\/289","targetHints":{"allow":["GET"]}}],"collection":[{"href":"https:\/\/blogit.utu.fi\/tmsry\/wp-json\/wp\/v2\/pages"}],"about":[{"href":"https:\/\/blogit.utu.fi\/tmsry\/wp-json\/wp\/v2\/types\/page"}],"author":[{"embeddable":true,"href":"https:\/\/blogit.utu.fi\/tmsry\/wp-json\/wp\/v2\/users\/1700"}],"replies":[{"embeddable":true,"href":"https:\/\/blogit.utu.fi\/tmsry\/wp-json\/wp\/v2\/comments?post=289"}],"version-history":[{"count":1,"href":"https:\/\/blogit.utu.fi\/tmsry\/wp-json\/wp\/v2\/pages\/289\/revisions"}],"predecessor-version":[{"id":298,"href":"https:\/\/blogit.utu.fi\/tmsry\/wp-json\/wp\/v2\/pages\/289\/revisions\/298"}],"up":[{"embeddable":true,"href":"https:\/\/blogit.utu.fi\/tmsry\/wp-json\/wp\/v2\/pages\/58"}],"wp:attachment":[{"href":"https:\/\/blogit.utu.fi\/tmsry\/wp-json\/wp\/v2\/media?parent=289"}],"curies":[{"name":"wp","href":"https:\/\/api.w.org\/{rel}","templated":true}]}}