{"id":46,"date":"2017-01-10T12:27:34","date_gmt":"2017-01-10T12:27:34","guid":{"rendered":"https:\/\/blogit.utu.fi\/tmsry\/?page_id=46"},"modified":"2022-03-18T03:23:10","modified_gmt":"2022-03-18T03:23:10","slug":"hallitus","status":"publish","type":"page","link":"https:\/\/blogit.utu.fi\/tmsry\/yhdistys\/hallitus\/","title":{"rendered":"Hallitus 2019"},"content":{"rendered":"<p>Seuran kulloisellekin hallitukselle voit l\u00e4hett\u00e4\u00e4 s\u00e4hk\u00f6postia osoitteeseen tms-hallitus@lists.utu.fi<\/p>\n","protected":false},"excerpt":{"rendered":"<p>Seuran kulloisellekin hallitukselle voit l\u00e4hett\u00e4\u00e4 s\u00e4hk\u00f6postia osoitteeseen tms-hallitus@lists.utu.fi<\/p>\n","protected":false},"author":1700,"featured_media":0,"parent":7,"menu_order":0,"comment_status":"closed","ping_status":"closed","template":"sidebar-page.php","meta":{"footnotes":""},"class_list":["post-46","page","type-page","status-publish","hentry"],"_links":{"self":[{"href":"https:\/\/blogit.utu.fi\/tmsry\/wp-json\/wp\/v2\/pages\/46","targetHints":{"allow":["GET"]}}],"collection":[{"href":"https:\/\/blogit.utu.fi\/tmsry\/wp-json\/wp\/v2\/pages"}],"about":[{"href":"https:\/\/blogit.utu.fi\/tmsry\/wp-json\/wp\/v2\/types\/page"}],"author":[{"embeddable":true,"href":"https:\/\/blogit.utu.fi\/tmsry\/wp-json\/wp\/v2\/users\/1700"}],"replies":[{"embeddable":true,"href":"https:\/\/blogit.utu.fi\/tmsry\/wp-json\/wp\/v2\/comments?post=46"}],"version-history":[{"count":9,"href":"https:\/\/blogit.utu.fi\/tmsry\/wp-json\/wp\/v2\/pages\/46\/revisions"}],"predecessor-version":[{"id":2315,"href":"https:\/\/blogit.utu.fi\/tmsry\/wp-json\/wp\/v2\/pages\/46\/revisions\/2315"}],"up":[{"embeddable":true,"href":"https:\/\/blogit.utu.fi\/tmsry\/wp-json\/wp\/v2\/pages\/7"}],"wp:attachment":[{"href":"https:\/\/blogit.utu.fi\/tmsry\/wp-json\/wp\/v2\/media?parent=46"}],"curies":[{"name":"wp","href":"https:\/\/api.w.org\/{rel}","templated":true}]}}