{"id":58,"date":"2017-01-10T12:46:25","date_gmt":"2017-01-10T12:46:25","guid":{"rendered":"https:\/\/blogit.utu.fi\/tmsry\/?page_id=58"},"modified":"2020-02-27T13:55:36","modified_gmt":"2020-02-27T13:55:36","slug":"toiminta","status":"publish","type":"page","link":"https:\/\/blogit.utu.fi\/tmsry\/toiminta\/","title":{"rendered":"Toiminta ja tapahtumat"},"content":{"rendered":"<p>Ajankohtaiset:<\/p>\n<ul>\n<li><a href=\"https:\/\/blogit.utu.fi\/tmsry\/arvoisat-maantieteilijat-ja-maantieteesta-kiinnostuneet\/\">Tule mukaan TMS:n hallitukseen!<\/a><\/li>\n<\/ul>\n<p>Tulossa:<\/p>\n<ul>\n<li>Kuukausittaiset kahvihetket paikkana Turun yliopiston maantieteen osaston k\u00e4sikirjasto (Yliopistonm\u00e4ell\u00e4 Natura-rakennus, 4. kerros, portaiden j\u00e4lkeen ovesta oikealle).<\/li>\n<li>Nykymaantiedett\u00e4-luennot Turun p\u00e4\u00e4kirjaston Studio-salissa jatkuvat esiintyjien mukaan. Tarkempia tietoja uusista luennoista p\u00e4ivitet\u00e4\u00e4n aina kunhan aikataulut selvi\u00e4v\u00e4t. Luennot ovat Turun Maantieteellisen Seuran ja Turun yliopiston maantieteen osaston yhteisty\u00f6ss\u00e4 j\u00e4rjest\u00e4mi\u00e4.<\/li>\n<li><a href=\"https:\/\/blogit.utu.fi\/tmsry\/kippo\/\">KIPPO-hanke<\/a> j\u00e4rjest\u00e4\u00e4 kokouksia vapaaehtoisille ja muille hankkeesta kiinnostuneille. Lis\u00e4ksi on tulossa varainkeruu- sek\u00e4 tiedotustapahtumia. Ota yhteytt\u00e4, mik\u00e4li olet kiinnostunut hankkeen toiminnasta tai haluat mukaan vapaaehtoiseksi.<\/li>\n<\/ul>\n<p>TMS j\u00e4rjest\u00e4\u00e4 erilaisia kokouksia ja tapaamisia Turussa sek\u00e4 seuran toimintaan ett\u00e4 erilaisiin maantieteellisesti kiinnostaviin aiheisiin liittyen. T\u00e4llaisia ovat mm. seuran kokoukset ja vuosikokoukset, erilaiset luento- ja esitelm\u00e4tilaisuudet, kuukausittaiset kahvihetket sek\u00e4 elokuvaillat ja retket.<\/p>\n<p>Seuralla on pitk\u00e4t perinteet my\u00f6s yhteisty\u00f6st\u00e4 Turun yliopiston maantieteen osaston kanssa sek\u00e4 henkil\u00f6kunnan ett\u00e4 opiskelijoiden kautta. Yhteisty\u00f6t\u00e4 on tehty my\u00f6s mm. Turun El\u00e4in- ja Kasvitieteellisen Seuran kanssa.<\/p>\n<p>Mik\u00e4li sinulla on toiveita tai ideoita Seuran j\u00e4rjest\u00e4m\u00e4n toiminnan suhteen, voit j\u00e4tt\u00e4\u00e4 meille <a href=\"https:\/\/blogit.utu.fi\/tmsry\/palaute\/\">palautetta<\/a>.<\/p>\n<p>Kuvia Seuran j\u00e4rjest\u00e4mist\u00e4 retkist\u00e4 ja tapahtumista l\u00f6ytyy <a href=\"https:\/\/blogit.utu.fi\/tmsry\/arkisto\/\">arkistosta<\/a>.<\/p>\n","protected":false},"excerpt":{"rendered":"<p>Ajankohtaiset: Tule mukaan TMS:n hallitukseen! Tulossa: Kuukausittaiset kahvihetket paikkana Turun yliopiston maantieteen osaston k\u00e4sikirjasto (Yliopistonm\u00e4ell\u00e4 Natura-rakennus, 4. kerros, portaiden j\u00e4lkeen ovesta oikealle). Nykymaantiedett\u00e4-luennot Turun p\u00e4\u00e4kirjaston Studio-salissa jatkuvat esiintyjien mukaan. Tarkempia tietoja uusista luennoista p\u00e4ivitet\u00e4\u00e4n aina kunhan aikataulut selvi\u00e4v\u00e4t. Luennot ovat &hellip; <a href=\"https:\/\/blogit.utu.fi\/tmsry\/toiminta\/\">Lue loppuun <span class=\"meta-nav\">&rarr;<\/span><\/a><\/p>\n","protected":false},"author":1700,"featured_media":0,"parent":0,"menu_order":0,"comment_status":"closed","ping_status":"closed","template":"sidebar-page.php","meta":{"footnotes":""},"class_list":["post-58","page","type-page","status-publish","hentry"],"_links":{"self":[{"href":"https:\/\/blogit.utu.fi\/tmsry\/wp-json\/wp\/v2\/pages\/58","targetHints":{"allow":["GET"]}}],"collection":[{"href":"https:\/\/blogit.utu.fi\/tmsry\/wp-json\/wp\/v2\/pages"}],"about":[{"href":"https:\/\/blogit.utu.fi\/tmsry\/wp-json\/wp\/v2\/types\/page"}],"author":[{"embeddable":true,"href":"https:\/\/blogit.utu.fi\/tmsry\/wp-json\/wp\/v2\/users\/1700"}],"replies":[{"embeddable":true,"href":"https:\/\/blogit.utu.fi\/tmsry\/wp-json\/wp\/v2\/comments?post=58"}],"version-history":[{"count":61,"href":"https:\/\/blogit.utu.fi\/tmsry\/wp-json\/wp\/v2\/pages\/58\/revisions"}],"predecessor-version":[{"id":2217,"href":"https:\/\/blogit.utu.fi\/tmsry\/wp-json\/wp\/v2\/pages\/58\/revisions\/2217"}],"wp:attachment":[{"href":"https:\/\/blogit.utu.fi\/tmsry\/wp-json\/wp\/v2\/media?parent=58"}],"curies":[{"name":"wp","href":"https:\/\/api.w.org\/{rel}","templated":true}]}}