{"id":580,"date":"2017-01-22T19:17:30","date_gmt":"2017-01-22T19:17:30","guid":{"rendered":"https:\/\/blogit.utu.fi\/tmsry\/?page_id=580"},"modified":"2017-08-30T12:12:37","modified_gmt":"2017-08-30T12:12:37","slug":"arkisto","status":"publish","type":"page","link":"https:\/\/blogit.utu.fi\/tmsry\/arkisto\/","title":{"rendered":"Arkisto"},"content":{"rendered":"<p><strong>Turun Maantieteellisen Seuran dokumentit:<\/strong><\/p>\n<p>Seuran <a href=\"http:\/\/blogit.utu.fi\/tmsry\/wp-content\/uploads\/sites\/94\/2017\/01\/tms_saannot_10032011.pdf\">s\u00e4\u00e4nn\u00f6t<\/a><\/p>\n<p>Toimintakertomukset vuosilta <a href=\"http:\/\/blogit.utu.fi\/tmsry\/wp-content\/uploads\/sites\/94\/2017\/03\/toimintakertomus-ja-talouskatsaus-2016-update.pdf\">2016<\/a>, <a href=\"http:\/\/blogit.utu.fi\/tmsry\/wp-content\/uploads\/sites\/94\/2017\/01\/toimintakertomus-ja-talouskatsaus-2015-update.pdf\">2015<\/a>, <a href=\"http:\/\/blogit.utu.fi\/tmsry\/wp-content\/uploads\/sites\/94\/2017\/01\/toimintakertomus-ja-talouskatsaus-2014.pdf\">2014<\/a>, 2013, <a href=\"http:\/\/blogit.utu.fi\/tmsry\/wp-content\/uploads\/sites\/94\/2017\/01\/toimintakertomus_2012_TMS.pdf\">2012<\/a>, <a href=\"http:\/\/blogit.utu.fi\/tmsry\/wp-content\/uploads\/sites\/94\/2017\/01\/tms_toiminta2011.pdf\">2011<\/a>, <a href=\"http:\/\/blogit.utu.fi\/tmsry\/wp-content\/uploads\/sites\/94\/2017\/01\/tms_toiminta2010.pdf\">2010<\/a>, <a href=\"http:\/\/blogit.utu.fi\/tmsry\/wp-content\/uploads\/sites\/94\/2017\/01\/tms_toiminta2009.pdf\">2009<\/a>, <a href=\"http:\/\/blogit.utu.fi\/tmsry\/wp-content\/uploads\/sites\/94\/2017\/01\/tms_toiminta2008.pdf\">2008<\/a>, <a href=\"http:\/\/blogit.utu.fi\/tmsry\/wp-content\/uploads\/sites\/94\/2017\/01\/tms_toiminta2007.pdf\">2007<\/a>, <a href=\"http:\/\/blogit.utu.fi\/tmsry\/wp-content\/uploads\/sites\/94\/2017\/01\/tms_toiminta2006.pdf\">2006<\/a>, <a href=\"http:\/\/blogit.utu.fi\/tmsry\/wp-content\/uploads\/sites\/94\/2017\/01\/tms_toiminta2005.pdf\">2005<\/a>, <a href=\"http:\/\/blogit.utu.fi\/tmsry\/wp-content\/uploads\/sites\/94\/2017\/01\/tms_toiminta2004.pdf\">2004<\/a>, <a href=\"http:\/\/blogit.utu.fi\/tmsry\/wp-content\/uploads\/sites\/94\/2017\/01\/tms_toiminta2003.pdf\">2003<\/a>, <a href=\"http:\/\/blogit.utu.fi\/tmsry\/wp-content\/uploads\/sites\/94\/2017\/01\/tms_toiminta2002.pdf\">2002<\/a>, <a href=\"http:\/\/blogit.utu.fi\/tmsry\/wp-content\/uploads\/sites\/94\/2017\/01\/tms_toiminta2001.pdf\">2001<\/a>, <a href=\"http:\/\/blogit.utu.fi\/tmsry\/wp-content\/uploads\/sites\/94\/2017\/01\/tms_toiminta2000.pdf\">2000<\/a>, <a href=\"http:\/\/blogit.utu.fi\/tmsry\/wp-content\/uploads\/sites\/94\/2017\/01\/tms_toiminta1999.pdf\">1999<\/a>, <a href=\"http:\/\/blogit.utu.fi\/tmsry\/wp-content\/uploads\/sites\/94\/2017\/01\/tms_toiminta1998.pdf\">1998<\/a>, <a href=\"http:\/\/blogit.utu.fi\/tmsry\/wp-content\/uploads\/sites\/94\/2017\/01\/tms_toiminta1997.pdf\">1997<\/a>, <a href=\"http:\/\/blogit.utu.fi\/tmsry\/wp-content\/uploads\/sites\/94\/2017\/01\/tms_toiminta1996.pdf\">1996<\/a>, <a href=\"http:\/\/blogit.utu.fi\/tmsry\/wp-content\/uploads\/sites\/94\/2017\/01\/tms_toiminta1995.pdf\">1995<\/a><\/p>\n<p><a href=\"http:\/\/blogit.utu.fi\/tmsry\/wp-content\/uploads\/sites\/94\/2017\/01\/40-vuotisjuhlapuhe.pdf\">Puhe<\/a> Seuran 40-vuotisjuhlista<\/p>\n<p>&nbsp;<\/p>\n<p><strong>Kuvia:<\/strong><\/p>\n<p>Turun Maantieteellinen Seura ja Turun El\u00e4in- ja Kasvitieteellinen Seura <a href=\"https:\/\/goo.gl\/photos\/nTvEjaAp7A3H1beNA\">kev\u00e4tretkell\u00e4 2017<\/a><\/p>\n<p>Seuran <a href=\"https:\/\/goo.gl\/photos\/V8rbhPagvJXH4j7s6\">50-vuotisjuhlat<\/a> pidettiin hilpeiss\u00e4 tunnelmissa vuonna 2011<\/p>\n<p><a href=\"https:\/\/goo.gl\/photos\/8SUE924HtfwsoByq8\">Vuosikokous 2007<\/a> ja uusi kunniaj\u00e4sen<\/p>\n<p>Vuonna <a href=\"https:\/\/goo.gl\/photos\/SABQRjrHP3G7XfqG7\">2004 syysretki<\/a> suuntautui Lauhanvuorelle<\/p>\n<p>Vuonna <a href=\"https:\/\/goo.gl\/photos\/jsKwWG153AkqXzD46\">2003 syysretken<\/a> kohteena oli Virttaankangas<\/p>\n<p><a href=\"https:\/\/goo.gl\/photos\/2H3VUDRrUcW6PRAT8\">Kev\u00e4\u00e4ll\u00e4 2002<\/a> Seura k\u00e4vi Sininen Altai -n\u00e4yttelyss\u00e4<\/p>\n<p>Seuran <a href=\"https:\/\/goo.gl\/photos\/qeeQWEDr9h1KZUrJ7\">40-vuotisjuhla<\/a> j\u00e4rjestettiin Turun yliopistolla maantieteen osastolla<\/p>\n<p>&nbsp;<\/p>\n<p><strong>Kehitysyhteisty\u00f6hankkeiden dokumentit:<\/strong><\/p>\n<p>Hankkeisiin liittyv\u00e4t raportit ja muut materiaalit l\u00f6yd\u00e4t kunkin hankkeen sivun alalaidasta.<\/p>\n<p><a href=\"https:\/\/blogit.utu.fi\/tmsry\/kiwa\/\">KIWA<\/a> \/ <a href=\"https:\/\/blogit.utu.fi\/tmsry\/live\/\">LIVE<\/a> \/ <a href=\"https:\/\/blogit.utu.fi\/tmsry\/sufo\/\">SUFO<\/a> \/ <a href=\"https:\/\/blogit.utu.fi\/tmsry\/kippo\/\">KIPPO<\/a><\/p>\n","protected":false},"excerpt":{"rendered":"<p>Turun Maantieteellisen Seuran dokumentit: Seuran s\u00e4\u00e4nn\u00f6t Toimintakertomukset vuosilta 2016, 2015, 2014, 2013, 2012, 2011, 2010, 2009, 2008, 2007, 2006, 2005, 2004, 2003, 2002, 2001, 2000, 1999, 1998, 1997, 1996, 1995 Puhe Seuran 40-vuotisjuhlista &nbsp; Kuvia: Turun Maantieteellinen Seura ja Turun &hellip; <a href=\"https:\/\/blogit.utu.fi\/tmsry\/arkisto\/\">Lue loppuun <span class=\"meta-nav\">&rarr;<\/span><\/a><\/p>\n","protected":false},"author":1700,"featured_media":0,"parent":0,"menu_order":0,"comment_status":"closed","ping_status":"closed","template":"sidebar-page.php","meta":{"footnotes":""},"class_list":["post-580","page","type-page","status-publish","hentry"],"_links":{"self":[{"href":"https:\/\/blogit.utu.fi\/tmsry\/wp-json\/wp\/v2\/pages\/580","targetHints":{"allow":["GET"]}}],"collection":[{"href":"https:\/\/blogit.utu.fi\/tmsry\/wp-json\/wp\/v2\/pages"}],"about":[{"href":"https:\/\/blogit.utu.fi\/tmsry\/wp-json\/wp\/v2\/types\/page"}],"author":[{"embeddable":true,"href":"https:\/\/blogit.utu.fi\/tmsry\/wp-json\/wp\/v2\/users\/1700"}],"replies":[{"embeddable":true,"href":"https:\/\/blogit.utu.fi\/tmsry\/wp-json\/wp\/v2\/comments?post=580"}],"version-history":[{"count":20,"href":"https:\/\/blogit.utu.fi\/tmsry\/wp-json\/wp\/v2\/pages\/580\/revisions"}],"predecessor-version":[{"id":1373,"href":"https:\/\/blogit.utu.fi\/tmsry\/wp-json\/wp\/v2\/pages\/580\/revisions\/1373"}],"wp:attachment":[{"href":"https:\/\/blogit.utu.fi\/tmsry\/wp-json\/wp\/v2\/media?parent=580"}],"curies":[{"name":"wp","href":"https:\/\/api.w.org\/{rel}","templated":true}]}}