{"id":7,"date":"2017-01-10T11:52:38","date_gmt":"2017-01-10T11:52:38","guid":{"rendered":"https:\/\/blogit.utu.fi\/tmsry\/?page_id=2"},"modified":"2018-03-04T19:30:22","modified_gmt":"2018-03-04T19:30:22","slug":"yhdistys","status":"publish","type":"page","link":"https:\/\/blogit.utu.fi\/tmsry\/yhdistys\/","title":{"rendered":"Yhdistys"},"content":{"rendered":"<p>Turun Maantieteellisen Seuran &#8211; tuttavallisemmin TMS &#8211; tarkoituksena on toimia Turussa ja sen ymp\u00e4rist\u00f6ss\u00e4 olevien maantieteilij\u00f6iden ja maantieteest\u00e4 kiinnostuneiden yhdyssiteen\u00e4 sek\u00e4 edist\u00e4\u00e4 maantieteellist\u00e4 tutkimusta Suomessa.<\/p>\n<p>Erilaisten toimintamuotojen kautta pyrimme tuomaan esille maantieteellisesti kiinnostavia aiheita sek\u00e4 maantieteellist\u00e4 n\u00e4k\u00f6kulmaa erilaisten ilmi\u00f6iden k\u00e4sittelyyn. TMS on toimintavuosiensa aikana toteuttanut esimerkiksi useita esitelm\u00e4tilaisuuksia ja retki\u00e4 sek\u00e4 l\u00e4himaastoon ett\u00e4 Turun ulkopuolelle. Vuodesta 2006 eteenp\u00e4in TMS on my\u00f6s ollut toteuttamassa <a href=\"https:\/\/blogit.utu.fi\/tmsry\/toiminta\/kehitysyhteistyo\/\">kehitysyhteisty\u00f6hankkeita<\/a>. Toiminnastamme lis\u00e4\u00e4 voit lukea <a href=\"https:\/\/blogit.utu.fi\/tmsry\/toiminta\/\">toiminta ja tapahtumat<\/a> -sivulta.<\/p>\n<p>Mik\u00e4li olet kiinnostunut nykymaantieteen suuntauksista, jokaisen arkeen vaikuttavista maantieteellisist\u00e4 ilmi\u00f6ist\u00e4, Turussa teht\u00e4v\u00e4st\u00e4 maantieteellisest\u00e4 tutkimuksesta tai muutoin haluat edist\u00e4\u00e4 maantieteellist\u00e4 ajattelua Turussa ja l\u00e4hialueilla, voit liitty\u00e4 <a href=\"https:\/\/blogit.utu.fi\/tmsry\/jasenet\/\">j\u00e4seneksi<\/a>.<\/p>\n<p>Turun Maantieteellinen Seura on perustettu 17.3.1961. Perustajaj\u00e4seni\u00e4 oli 46 ja ensimm\u00e4inen puheenjohtaja oli Olavi Gran\u00f6. Seuran <a href=\"http:\/\/blogit.utu.fi\/tmsry\/wp-content\/uploads\/sites\/94\/2017\/01\/tms_saannot_10032011.pdf\">s\u00e4\u00e4nn\u00f6t<\/a> ja muuta tietoa sek\u00e4 kuvia tapahtumista l\u00f6yd\u00e4t <a href=\"https:\/\/blogit.utu.fi\/tmsry\/arkisto\/\">arkistosta<\/a>.<\/p>\n<p>&nbsp;<\/p>\n<p><strong>Seuralle voit l\u00e4hett\u00e4\u00e4 postia osoitteella<\/strong>:<\/p>\n<p>Turun Maantieteellinen Seura<br \/>\nMaantieteen ja geologian laitos<br \/>\n20014 Turun yliopisto<\/p>\n","protected":false},"excerpt":{"rendered":"<p>Turun Maantieteellisen Seuran &#8211; tuttavallisemmin TMS &#8211; tarkoituksena on toimia Turussa ja sen ymp\u00e4rist\u00f6ss\u00e4 olevien maantieteilij\u00f6iden ja maantieteest\u00e4 kiinnostuneiden yhdyssiteen\u00e4 sek\u00e4 edist\u00e4\u00e4 maantieteellist\u00e4 tutkimusta Suomessa. Erilaisten toimintamuotojen kautta pyrimme tuomaan esille maantieteellisesti kiinnostavia aiheita sek\u00e4 maantieteellist\u00e4 n\u00e4k\u00f6kulmaa erilaisten ilmi\u00f6iden k\u00e4sittelyyn. &hellip; <a href=\"https:\/\/blogit.utu.fi\/tmsry\/yhdistys\/\">Lue loppuun <span class=\"meta-nav\">&rarr;<\/span><\/a><\/p>\n","protected":false},"author":1700,"featured_media":0,"parent":0,"menu_order":0,"comment_status":"closed","ping_status":"open","template":"sidebar-page.php","meta":{"footnotes":""},"class_list":["post-7","page","type-page","status-publish","hentry"],"_links":{"self":[{"href":"https:\/\/blogit.utu.fi\/tmsry\/wp-json\/wp\/v2\/pages\/7","targetHints":{"allow":["GET"]}}],"collection":[{"href":"https:\/\/blogit.utu.fi\/tmsry\/wp-json\/wp\/v2\/pages"}],"about":[{"href":"https:\/\/blogit.utu.fi\/tmsry\/wp-json\/wp\/v2\/types\/page"}],"author":[{"embeddable":true,"href":"https:\/\/blogit.utu.fi\/tmsry\/wp-json\/wp\/v2\/users\/1700"}],"replies":[{"embeddable":true,"href":"https:\/\/blogit.utu.fi\/tmsry\/wp-json\/wp\/v2\/comments?post=7"}],"version-history":[{"count":17,"href":"https:\/\/blogit.utu.fi\/tmsry\/wp-json\/wp\/v2\/pages\/7\/revisions"}],"predecessor-version":[{"id":1626,"href":"https:\/\/blogit.utu.fi\/tmsry\/wp-json\/wp\/v2\/pages\/7\/revisions\/1626"}],"wp:attachment":[{"href":"https:\/\/blogit.utu.fi\/tmsry\/wp-json\/wp\/v2\/media?parent=7"}],"curies":[{"name":"wp","href":"https:\/\/api.w.org\/{rel}","templated":true}]}}