{"id":1227,"date":"2017-05-10T14:21:33","date_gmt":"2017-05-10T14:21:33","guid":{"rendered":"https:\/\/blogit.utu.fi\/toimitusketjujenjohtaminen\/?page_id=1227"},"modified":"2017-05-16T13:15:33","modified_gmt":"2017-05-16T13:15:33","slug":"tomi-solakivi","status":"publish","type":"page","link":"https:\/\/blogit.utu.fi\/toimitusketjujenjohtaminen\/tomi-solakivi\/","title":{"rendered":"Tomi Solakivi"},"content":{"rendered":"<div>\n<p class=\"utu-rte2Element-H3\">Tomi Solakivi (s. 1977) ty\u00f6skentelee\u00a0 tutkijatohtorina\u00a0 toimitusketjujen johtamisen aineessa Turun kauppakorkeakoulussa. Solakivi on aiemmin\u00a0toiminut tutkijana Turun yliopiston\u00a0Merenkulkualan koulutus- ja tutkimuskeskuksessa. Tutkimuksessaan Solakivi on keskittynyt erityisesti logistiikkakustannuksiin, logistiseen suorituskykyyn, logistiikan ulkoistamiseen sek\u00e4 kuljetusmarkkinoihin.<\/p>\n<\/div>\n<div>Solakivi on koordinoinut lukuisia tutkimusprojekteja, mm.\u00a0kansallisia Logistiikkaselvityksi\u00e4 (2009, 2010 ja 2012) sek\u00e4 It\u00e4meren alueen ICT:n ja logistiikan tilaa kartoittaneita selvityksi\u00e4\u00a0LogOn Baltic-projektin yhteydess\u00e4\u00a0vuosina 2006-2007. Muita It\u00e4meren alueen laajuisia projekteja, joissa Solakivi on ty\u00f6skennellyt,\u00a0ovat olleet DaGoB (2006-2007) ja C.A.S.H. (2009-2012). Solakivi\u00a0 on julkaissut mm. seuraavissa tieteellisiss\u00e4 aikakauskirjoissa: Strategic Outsourcing an International Journal, Production Planning &amp; Control, International Journal of Production Economics, International Journal of Logistics, Research and Applications\u00a0ja Supply Chain Management: An International Journal.<\/div>\n<h3 class=\"utu-rte2Element-H3\"><\/h3>\n<p class=\"utu-rte2Element-H3\">Tutkinnot<\/p>\n<p>KTT (2014) Turun kauppakorkeakoulu<br \/>\nKTM (2003) Turun kauppakorkeakoulu<\/p>\n<h3 class=\"utu-rte2Element-H3\"><\/h3>\n<h3 class=\"utu-rte2Element-H3\">Opetus<\/h3>\n<div>LOG4 Kuljetustoiminnot ja -markkinat<\/div>\n<div>LOGK Kandidaatintutkielma<\/div>\n<div>LOGS10 Toimitusketjujen hallinnan tutkimusmenetelm\u00e4t ja strategiset sovellukset<\/div>\n<h3 class=\"utu-rte2Element-H3\"><\/h3>\n<h3 class=\"utu-rte2Element-H3\">Tutkimuskohteet \/ asiantuntijuus<\/h3>\n<div class=\"utu-article-header\">\n<ul>\n<li>Logistiikkakustannukset<\/li>\n<li>Logistinen suorituskyky<\/li>\n<li>Logistiikan ulkoistaminen<\/li>\n<li>Kuljetusmarkkinat<\/li>\n<\/ul>\n<\/div>\n<h3 class=\"utu-rte2Element-H3\">Julkaisuja<\/h3>\n<div>\n<p>Solakivi Tomi, Kiiski Tuomas, Ojala Lauri (2017) On the cost of ice: estimating the premium of Ice Class container vessels, Maritime Economics &amp; Logistics, forthcoming<\/p>\n<p>Kiiski Tuomas, Solakivi Tomi, T\u00f6yli Juuso, Ojala Lauri (2016) Long-term dynamics of shipping and icebreaker capacity along the Northern Sea Route<em>, Maritime Economics &amp; Logistics<\/em>, forthcoming.<\/p>\n<p>Solakivi Tomi, Laari Sini, T\u00f6yli Juuso, Ojala Lauri (2016) Firm performance and environmental collaboration in manufacturing, <em>International Journal of Business and Systems Research<\/em>, Forthcoming<\/p>\n<p>Laari Sini, Solakivi Tomi, T\u00f6yli Juuso, Ojala Lauri (2016) Performance outcomes of environmental collaboration: evidence from Finnish logistics service providers, <em>Baltic Journal of Management<\/em>, Vol. 11 No. 4, pp. 430-451.<\/p>\n<p>Lorentz Harri, Solakivi Tomi, T\u00f6yli Juuso, Ojala Lauri (2016) Trade credit dynamics during the phases of the business cycle \u2013 A value chain perspective<em>, Supply Chain Management: An International Journal<\/em>, Vol. 21 No. 3, 363-380.<\/p>\n<p>Laari Sini, T\u00f6yli Juuso, Solakivi Tomi, Ojala, Lauri (2016) Firm performance and customer-driven green supply chain management. <em>Journal of Cleaner Production, <\/em>Vol. 112, No. 3, 1960-1970.<\/p>\n<\/div>\n","protected":false},"excerpt":{"rendered":"<p>Tomi Solakivi (s. 1977) ty\u00f6skentelee\u00a0 tutkijatohtorina\u00a0 toimitusketjujen johtamisen aineessa Turun kauppakorkeakoulussa. Solakivi on aiemmin\u00a0toiminut tutkijana Turun yliopiston\u00a0Merenkulkualan koulutus- ja tutkimuskeskuksessa. Tutkimuksessaan Solakivi on keskittynyt erityisesti logistiikkakustannuksiin, logistiseen suorituskykyyn, logistiikan ulkoistamiseen sek\u00e4 kuljetusmarkkinoihin. Solakivi on koordinoinut lukuisia tutkimusprojekteja, mm.\u00a0kansallisia Logistiikkaselvityksi\u00e4 (2009, 2010 ja 2012) sek\u00e4 It\u00e4meren alueen ICT:n ja logistiikan tilaa &#8230;<\/p>\n","protected":false},"author":2479,"featured_media":0,"parent":0,"menu_order":0,"comment_status":"closed","ping_status":"closed","template":"","meta":{"footnotes":""},"class_list":["post-1227","page","type-page","status-publish","hentry","column","twocol"],"_links":{"self":[{"href":"https:\/\/blogit.utu.fi\/toimitusketjujenjohtaminen\/wp-json\/wp\/v2\/pages\/1227","targetHints":{"allow":["GET"]}}],"collection":[{"href":"https:\/\/blogit.utu.fi\/toimitusketjujenjohtaminen\/wp-json\/wp\/v2\/pages"}],"about":[{"href":"https:\/\/blogit.utu.fi\/toimitusketjujenjohtaminen\/wp-json\/wp\/v2\/types\/page"}],"author":[{"embeddable":true,"href":"https:\/\/blogit.utu.fi\/toimitusketjujenjohtaminen\/wp-json\/wp\/v2\/users\/2479"}],"replies":[{"embeddable":true,"href":"https:\/\/blogit.utu.fi\/toimitusketjujenjohtaminen\/wp-json\/wp\/v2\/comments?post=1227"}],"version-history":[{"count":3,"href":"https:\/\/blogit.utu.fi\/toimitusketjujenjohtaminen\/wp-json\/wp\/v2\/pages\/1227\/revisions"}],"predecessor-version":[{"id":1284,"href":"https:\/\/blogit.utu.fi\/toimitusketjujenjohtaminen\/wp-json\/wp\/v2\/pages\/1227\/revisions\/1284"}],"wp:attachment":[{"href":"https:\/\/blogit.utu.fi\/toimitusketjujenjohtaminen\/wp-json\/wp\/v2\/media?parent=1227"}],"curies":[{"name":"wp","href":"https:\/\/api.w.org\/{rel}","templated":true}]}}