{"id":1233,"date":"2017-05-10T14:23:22","date_gmt":"2017-05-10T14:23:22","guid":{"rendered":"https:\/\/blogit.utu.fi\/toimitusketjujenjohtaminen\/?page_id=1233"},"modified":"2017-05-10T14:23:22","modified_gmt":"2017-05-10T14:23:22","slug":"harri-lorentz","status":"publish","type":"page","link":"https:\/\/blogit.utu.fi\/toimitusketjujenjohtaminen\/harri-lorentz\/","title":{"rendered":"Harri Lorentz"},"content":{"rendered":"<div>Harri Lorentz (KTT, 2009) toimii Turun yliopiston kauppakorkeakoulun Toimitusketjujen johtamisen aineessa ma professorina, erityisalanaan hankintojen johtaminen. Tutkimuksessaan Lorentz keskittyy mm. kansainv\u00e4liseen toimitusketjunhallintaan, hankintaan matalankustannustason maissa, toimitusketju- ja hankintaosaamiseen, sek\u00e4 systeemidynamiikkaan. Lorentzilla on kokemusta vientioperaatioista elintarviketeollisuudessa, sek\u00e4 Maailmanpankin kehitysprojekteista entisen Neuvostoliiton maissa. Lorentz on toiminut vierailevana tutkijana Cambridgen yliopistossa, sek\u00e4 Manchester Business Schoolissa. Tutkimusartikkeleita Lorentz on julkaissut esimerkiksi seuraavissa kansainv\u00e4lisiss\u00e4 aikakausikirjoissa: Supply Chain Management: An International Journal, International Journal of Physical Distribution &amp; Logistics Management, Industrial Management &amp; Data Systems, Industrial Marketing Management.<\/div>\n<h3 class=\"utu-rte2Element-H3\"><\/h3>\n<h3 class=\"utu-rte2Element-H3\">Tutkinnot<\/h3>\n<div>KTT (2009), Turun kauppakorkeakoulu<\/div>\n<h3 class=\"utu-rte2Element-H3\"><\/h3>\n<h3 class=\"utu-rte2Element-H3\">Opetus<\/h3>\n<div>LOGY Prosessin\u00e4k\u00f6kulma yrityksen johtamisessa ja kehitt\u00e4misess\u00e4<br \/>\nLOG1 Supply Chain Management<br \/>\nLOG3 Purchasing and Supply Management<br \/>\nYSM\/LOG Tutkimusprosessi ja kvalitatiiviset tutkimusmenetelm\u00e4t (TKJ harjoitusryhm\u00e4)<br \/>\nLOGS20.1 Systeemidynamiikka<br \/>\nLOGS20.2 Palvelutuotanto<br \/>\nLOGPG Pro Gradu \u2013tutkielma<\/div>\n<h3 class=\"utu-rte2Element-H3\"><\/h3>\n<h3 class=\"utu-article-header\">Asiantuntijuusalueet<\/h3>\n<div class=\"utu-article-header\">kansainv\u00e4linen toimitusketjunhallinta<\/div>\n<div class=\"utu-article-header\">toimitusketju- ja hankintaosaaminen<\/div>\n<h3 class=\"utu-rte2Element-H3\"><\/h3>\n<h3 class=\"utu-rte2Element-H3\">Tutkimuskohteet<\/h3>\n<div class=\"utu-article-header\">\n<ul>\n<li>Toimitusketjun maantieteellisen hajautuneisuuden vaikutukset<\/li>\n<li>Hankinnat matalan kustannustason maista<\/li>\n<li>Hankintaosaamisen kehitt\u00e4minen PK-yrityksiss\u00e4<\/li>\n<li>Toimitusketjujen ja hankintojen johtamisen dynamiikka<\/li>\n<\/ul>\n<\/div>\n<h3 class=\"utu-rte2Element-H3\">Tutkimusprojektit<\/h3>\n<div>Hankintaosaaminen kasvun tukena (08\/2012 \u2013 06\/2014), EAKR-rahoitteinen projekti yhdess\u00e4 Yrityssalo Oy:n kanssa<\/div>\n<h3 class=\"utu-rte2Element-H3\"><\/h3>\n<h3 class=\"utu-rte2Element-H3\">Julkaisuja mm.<\/h3>\n<div>Lorentz, H. \u2013 T\u00f6yli, J. \u2013 Solakivi, T. \u2013 Ojala, L. (2013), Priorities and determinants for supply chain management skills development in manufacturing firms, <em>Supply Chain Management: An International Journal<\/em>, forthcoming.<\/p>\n<p>Lorentz, H. \u2013 T\u00f6yli, J. \u2013 Solakivi, T. \u2013 H\u00e4linen, H.-M. \u2013 Ojala, L. (2012), Effects of geographic dispersion on intra-firm supply chain performance, <em>Supply Chain Management: An International Journal<\/em>, Vol. 17, No. 6, pp. 611-626.<\/p>\n<p>Lorentz, H. \u2013 Lounela J. (2011) Retailer supply chain capability assessment in Russia, <em>International Journal of Retail &amp; Distribution Management<\/em>, Vol. 39, No. 9, 682-701.<\/p>\n<p>Lorentz, H. \u2013 Ghauri, P.N. (2010) Demand supply network opportunity development processes in emerging markets: positioning for strategy realization in Russia, <em>Industrial Marketing Management<\/em>, Vol. 39, No.2, 240-251.<\/p>\n<p>Lorentz, H. \u2013 Wong, C.Y. \u2013 Hilmola, O.-P. (2007) Emerging Distribution Systems in Central and Eastern Europe: Implications from Two Case Studies, <em>International Journal of Physical Distribution &amp; Logistics Management<\/em>, Vol. 37, No. 8, 670-697.<\/p>\n<\/div>\n<h3 class=\"utu-rte2Element-H3\">Muut teht\u00e4v\u00e4t<\/h3>\n<div>J\u00e4sen: Koulutuksen kehitt\u00e4mistoimikunta, syksyst\u00e4 2012<\/div>\n<div>Toimituskunnan j\u00e4sen: World Review of Intermodal Transportation Research<\/div>\n<h3 class=\"utu-rte2Element-H3\"><\/h3>\n<h3 class=\"utu-rte2Element-H3\">Saavutukset<\/h3>\n<div>Emerald\/BMDA Borderless Management Research Award 2007<\/div>\n<div>Ekonomiliiton opetuspalkinto 2010, kurssista LOGY &#8211; Logistiikan perusteet<\/div>\n","protected":false},"excerpt":{"rendered":"<p>Harri Lorentz (KTT, 2009) toimii Turun yliopiston kauppakorkeakoulun Toimitusketjujen johtamisen aineessa ma professorina, erityisalanaan hankintojen johtaminen. Tutkimuksessaan Lorentz keskittyy mm. kansainv\u00e4liseen toimitusketjunhallintaan, hankintaan matalankustannustason maissa, toimitusketju- ja hankintaosaamiseen, sek\u00e4 systeemidynamiikkaan. Lorentzilla on kokemusta vientioperaatioista elintarviketeollisuudessa, sek\u00e4 Maailmanpankin kehitysprojekteista entisen Neuvostoliiton maissa. Lorentz on toiminut vierailevana tutkijana Cambridgen yliopistossa, sek\u00e4 Manchester &#8230;<\/p>\n","protected":false},"author":2479,"featured_media":0,"parent":0,"menu_order":0,"comment_status":"closed","ping_status":"closed","template":"","meta":{"footnotes":""},"class_list":["post-1233","page","type-page","status-publish","hentry","column","twocol"],"_links":{"self":[{"href":"https:\/\/blogit.utu.fi\/toimitusketjujenjohtaminen\/wp-json\/wp\/v2\/pages\/1233","targetHints":{"allow":["GET"]}}],"collection":[{"href":"https:\/\/blogit.utu.fi\/toimitusketjujenjohtaminen\/wp-json\/wp\/v2\/pages"}],"about":[{"href":"https:\/\/blogit.utu.fi\/toimitusketjujenjohtaminen\/wp-json\/wp\/v2\/types\/page"}],"author":[{"embeddable":true,"href":"https:\/\/blogit.utu.fi\/toimitusketjujenjohtaminen\/wp-json\/wp\/v2\/users\/2479"}],"replies":[{"embeddable":true,"href":"https:\/\/blogit.utu.fi\/toimitusketjujenjohtaminen\/wp-json\/wp\/v2\/comments?post=1233"}],"version-history":[{"count":1,"href":"https:\/\/blogit.utu.fi\/toimitusketjujenjohtaminen\/wp-json\/wp\/v2\/pages\/1233\/revisions"}],"predecessor-version":[{"id":1236,"href":"https:\/\/blogit.utu.fi\/toimitusketjujenjohtaminen\/wp-json\/wp\/v2\/pages\/1233\/revisions\/1236"}],"wp:attachment":[{"href":"https:\/\/blogit.utu.fi\/toimitusketjujenjohtaminen\/wp-json\/wp\/v2\/media?parent=1233"}],"curies":[{"name":"wp","href":"https:\/\/api.w.org\/{rel}","templated":true}]}}