{"id":1239,"date":"2017-05-10T14:24:11","date_gmt":"2017-05-10T14:24:11","guid":{"rendered":"https:\/\/blogit.utu.fi\/toimitusketjujenjohtaminen\/?page_id=1239"},"modified":"2017-05-10T14:24:11","modified_gmt":"2017-05-10T14:24:11","slug":"sini-laari","status":"publish","type":"page","link":"https:\/\/blogit.utu.fi\/toimitusketjujenjohtaminen\/sini-laari\/","title":{"rendered":"Sini Laari"},"content":{"rendered":"<p>KTT Sini Laari ty\u00f6skentelee toimitusketjujen johtamisen aineessa tutkijatohtorina. H\u00e4n toimii syksyll\u00e4 2016-kev\u00e4\u00e4ll\u00e4 2017 my\u00f6s tutkijana Puolustusvoimien tutkimuslaitoksessa. Vuosina 2013-2016 Sini ty\u00f6skenteli tohtorikoulutettavana ja v. 2010-2013 toimitusketjujen johtamisen aineen tutkimusavustajana.<\/p>\n<p>H\u00e4nen v\u00e4it\u00f6skirjansa ymp\u00e4rist\u00f6yst\u00e4v\u00e4llisen toimitusketjujohtamisen ja suorituskyvyn v\u00e4lisest\u00e4 yhteydest\u00e4 tarkastettiin syyskuussa 2016. H\u00e4nen artikkelejaan on julkaistu Journal of Cleaner Productionissa ja Baltic Journal of Managementissa.<\/p>\n<p>Vapaa-ajallaan Sinin l\u00f6yt\u00e4\u00e4 todenn\u00e4k\u00f6isimmin salibandykent\u00e4lt\u00e4 tai ulkoa k\u00e4velem\u00e4ss\u00e4 tai juoksemassa pitkin katuja ja pusikoita, potkimassa kickbikella tai tukkimassa latua.<\/p>\n<div>\n<h3 class=\"utu-rte2Element-H3\">Tutkinnot<\/h3>\n<\/div>\n<div>KTT (2016), Turun kauppakorkeakoulu<br \/>\nKTM (2013), Turun kauppakorkeakoulu<\/div>\n<div>KTK (2010), Turun kauppakorkeakoulu<\/div>\n<h3 class=\"utu-rte2Element-H3\"><\/h3>\n<h3 class=\"utu-rte2Element-H3\">Tutkimuskohteet<\/h3>\n<div class=\"utu-article-header\">\n<ul>\n<li>Kest\u00e4v\u00e4 toimitusketjuajattelu<\/li>\n<li>Vihre\u00e4 logistiikka<\/li>\n<li>Yrityksen suorituskyky<\/li>\n<\/ul>\n<\/div>\n<h3 class=\"utu-article-header\">Asiantuntijuusalueet<\/h3>\n<div class=\"utu-article-header\">Vastuullisuus toimitusketjuissa<\/div>\n<div class=\"utu-article-header\">Vihre\u00e4 logistiikka<br \/>\nYrityksen suorituskyky<br \/>\nKyselytutkimus<\/div>\n<div class=\"utu-article-header\"><\/div>\n<h3 class=\"utu-rte2Element-H3\">Julkaisut<\/h3>\n<div>Laari, Sini (2016)\u00a0 <a href=\"http:\/\/www.doria.fi\/handle\/10024\/124787\">Green supply chain management practices and firm performance: evidence from Finland<\/a>. Annales Universitatis Turkuensis E 4. Turku.<\/p>\n<p>Laari, Sini &#8211; T\u00f6yli, Juuso &#8211; Ojala, Lauri (2017) Supply chain perspective on competitive strategies and green supply chain management strategies. <em>Journal of Cleaner Production<\/em>, Vol. 141, pp. 1303-1315.<\/p>\n<p>Laari, Sini &#8211; T\u00f6yli, Juuso &#8211; Solakivi, Tomi &#8211; Ojala, Lauri (2016) Firm performance and customer-driven green supply chain management. <em>Journal of Cleaner Production<\/em>, 112 (P3), 1960\u20131970.<\/p>\n<p>Laari, Sini &#8211; Solakivi, Tomi &#8211; T\u00f6yli, Juuso &#8211; Ojala, Lauri (2016) Performance outcomes of environmental collaboration: evidence from Finnish logistics service providers. <em>Baltic Journal of Management<\/em>, Vol. 11 No. 4<\/p>\n<p>Solakivi, Tomi &#8211; Laari, Sini &#8211; T\u00f6yli, Juuso &#8211; Ojala, Lauri (2016) Firm performance and environmental collaboration in manufacturing. <em>International Journal of Business and Systems Research<\/em>, in press.<\/p>\n<p>Solakivi, Tomi &#8211; Ojala, Lauri &#8211; Laari, Sini &#8211; Lorentz, Harri &#8211; T\u00f6yli, Juuso &#8211; Malmsten, Jarmo &#8211; Viherlehto, Noora (2014)<br \/>\n<em>Logistiikkaselvitys 2014.<\/em> Turun kauppakorkeakoulun julkaisuja KR-1:2014.<\/p>\n<p>Laari, Sini &#8211; Solakivi, Tomi &#8211; T\u00f6yli, Juuso &#8211; Ojala, Lauri (2013) Environmental collaboration in supply chains of logistics service providers operating in Finland. Proceedings of NOFOMA 2013 conference, Gothenburg, June 4-5, 2013<\/p>\n<p>Solakivi, Tomi &#8211; Ojala, Lauri &#8211; Lorentz, Harri &#8211; Laari, Sini &#8211; T\u00f6yli, Juuso\u00a0 (2012)<br \/>\n<em>Logistiikkaselvitys 2012.<\/em> Liikenne- ja viestint\u00e4ministeri\u00f6n julkaisuja 11\/2012<\/div>\n<div><\/div>\n<div>Solakivi, Tomi &#8211; Ojala, Lauri &#8211; T\u00f6yli, Juuso &#8211; H\u00e4linen, Hanne-Mari &#8211; Lorentz, Harri &#8211; Rantasila, Karri &#8211; Huolila, Kari &#8211;\u00a0Laari, Sini (2010)<br \/>\n<em>Logistiikkaselvitys 2010. <\/em>Liikenne- ja viestint\u00e4ministeri\u00f6n julkaisuja 36\/2010<\/div>\n","protected":false},"excerpt":{"rendered":"<p>KTT Sini Laari ty\u00f6skentelee toimitusketjujen johtamisen aineessa tutkijatohtorina. H\u00e4n toimii syksyll\u00e4 2016-kev\u00e4\u00e4ll\u00e4 2017 my\u00f6s tutkijana Puolustusvoimien tutkimuslaitoksessa. Vuosina 2013-2016 Sini ty\u00f6skenteli tohtorikoulutettavana ja v. 2010-2013 toimitusketjujen johtamisen aineen tutkimusavustajana. H\u00e4nen v\u00e4it\u00f6skirjansa ymp\u00e4rist\u00f6yst\u00e4v\u00e4llisen toimitusketjujohtamisen ja suorituskyvyn v\u00e4lisest\u00e4 yhteydest\u00e4 tarkastettiin syyskuussa 2016. H\u00e4nen artikkelejaan on julkaistu Journal of Cleaner Productionissa ja Baltic &#8230;<\/p>\n","protected":false},"author":2479,"featured_media":0,"parent":0,"menu_order":0,"comment_status":"closed","ping_status":"closed","template":"","meta":{"footnotes":""},"class_list":["post-1239","page","type-page","status-publish","hentry","column","twocol"],"_links":{"self":[{"href":"https:\/\/blogit.utu.fi\/toimitusketjujenjohtaminen\/wp-json\/wp\/v2\/pages\/1239","targetHints":{"allow":["GET"]}}],"collection":[{"href":"https:\/\/blogit.utu.fi\/toimitusketjujenjohtaminen\/wp-json\/wp\/v2\/pages"}],"about":[{"href":"https:\/\/blogit.utu.fi\/toimitusketjujenjohtaminen\/wp-json\/wp\/v2\/types\/page"}],"author":[{"embeddable":true,"href":"https:\/\/blogit.utu.fi\/toimitusketjujenjohtaminen\/wp-json\/wp\/v2\/users\/2479"}],"replies":[{"embeddable":true,"href":"https:\/\/blogit.utu.fi\/toimitusketjujenjohtaminen\/wp-json\/wp\/v2\/comments?post=1239"}],"version-history":[{"count":1,"href":"https:\/\/blogit.utu.fi\/toimitusketjujenjohtaminen\/wp-json\/wp\/v2\/pages\/1239\/revisions"}],"predecessor-version":[{"id":1242,"href":"https:\/\/blogit.utu.fi\/toimitusketjujenjohtaminen\/wp-json\/wp\/v2\/pages\/1239\/revisions\/1242"}],"wp:attachment":[{"href":"https:\/\/blogit.utu.fi\/toimitusketjujenjohtaminen\/wp-json\/wp\/v2\/media?parent=1239"}],"curies":[{"name":"wp","href":"https:\/\/api.w.org\/{rel}","templated":true}]}}