{"id":18,"date":"2017-03-10T16:20:03","date_gmt":"2017-03-10T16:20:03","guid":{"rendered":"https:\/\/blogit.utu.fi\/toimitusketjujenjohtaminen\/blog-archive\/"},"modified":"2017-03-15T20:04:56","modified_gmt":"2017-03-15T20:04:56","slug":"yhteistyo","status":"publish","type":"page","link":"https:\/\/blogit.utu.fi\/toimitusketjujenjohtaminen\/yhteistyo\/","title":{"rendered":"Yhteisty\u00f6"},"content":{"rendered":"<p><a href=\"https:\/\/blogit.utu.fi\/toimitusketjujenjohtaminen\/yleista-2\/\">Yleist\u00e4<\/a><\/p>\n<p><a href=\"https:\/\/blogit.utu.fi\/toimitusketjujenjohtaminen\/mpstore\/\">K\u00e4ynniss\u00e4 olevia hankkeita<\/a><\/p>\n<p><a href=\"https:\/\/blogit.utu.fi\/toimitusketjujenjohtaminen\/toteutettuja-hankkeita\/\">Toteutettuja hankkeita<\/a><\/p>\n","protected":false},"excerpt":{"rendered":"<p>Yleist\u00e4 K\u00e4ynniss\u00e4 olevia hankkeita Toteutettuja hankkeita<\/p>\n","protected":false},"author":2479,"featured_media":0,"parent":0,"menu_order":0,"comment_status":"closed","ping_status":"closed","template":"","meta":{"footnotes":""},"class_list":["post-18","page","type-page","status-publish","hentry","column","twocol"],"_links":{"self":[{"href":"https:\/\/blogit.utu.fi\/toimitusketjujenjohtaminen\/wp-json\/wp\/v2\/pages\/18","targetHints":{"allow":["GET"]}}],"collection":[{"href":"https:\/\/blogit.utu.fi\/toimitusketjujenjohtaminen\/wp-json\/wp\/v2\/pages"}],"about":[{"href":"https:\/\/blogit.utu.fi\/toimitusketjujenjohtaminen\/wp-json\/wp\/v2\/types\/page"}],"author":[{"embeddable":true,"href":"https:\/\/blogit.utu.fi\/toimitusketjujenjohtaminen\/wp-json\/wp\/v2\/users\/2479"}],"replies":[{"embeddable":true,"href":"https:\/\/blogit.utu.fi\/toimitusketjujenjohtaminen\/wp-json\/wp\/v2\/comments?post=18"}],"version-history":[{"count":6,"href":"https:\/\/blogit.utu.fi\/toimitusketjujenjohtaminen\/wp-json\/wp\/v2\/pages\/18\/revisions"}],"predecessor-version":[{"id":1125,"href":"https:\/\/blogit.utu.fi\/toimitusketjujenjohtaminen\/wp-json\/wp\/v2\/pages\/18\/revisions\/1125"}],"wp:attachment":[{"href":"https:\/\/blogit.utu.fi\/toimitusketjujenjohtaminen\/wp-json\/wp\/v2\/media?parent=18"}],"curies":[{"name":"wp","href":"https:\/\/api.w.org\/{rel}","templated":true}]}}