{"id":21,"date":"2017-03-10T16:20:03","date_gmt":"2017-03-10T16:20:03","guid":{"rendered":"https:\/\/blogit.utu.fi\/toimitusketjujenjohtaminen\/blog\/"},"modified":"2017-05-10T14:14:43","modified_gmt":"2017-05-10T14:14:43","slug":"toimitusketjujen-johtaminen","status":"publish","type":"page","link":"https:\/\/blogit.utu.fi\/toimitusketjujenjohtaminen\/","title":{"rendered":"Toimitusketjujen johtaminen"},"content":{"rendered":"<p>Oppiaineen nimi oli lukuvuoteen 2011-2012 asti LTT, logistiikka. Nykyinen nimi vastaa tutkimusalan kansainv\u00e4list\u00e4 k\u00e4yt\u00e4nt\u00f6\u00e4 sek\u00e4 aineen opetuksen ja tutkimuksen sis\u00e4lt\u00f6\u00e4 aiempaa huomattavasti paremmin. Uusi nimi on nyky\u00e4\u00e4n my\u00f6s yritysmaailmassa varsin yleisesti k\u00e4ytetty k\u00e4site.<\/p>\n<p>Yritykset sek\u00e4 yritysten muodostamat toimitusketjut tai -verkostot kaikilla toimialoilla pyrkiv\u00e4t hallitsemaan hankintatoimeen, valmistukseen, jakeluun ja myyntiin liittyvi\u00e4 materiaali-, raha- ja tietovirtoja yh\u00e4 tehokkaammin. T\u00e4h\u00e4n liittyv\u00e4t toimitusketjun hallinnan usein varsin k\u00e4yt\u00e4nn\u00f6nl\u00e4heiset ongelmat ovat aineen opetuksen ja tutkimuksen keskeinen kohde.<\/p>\n<p>Turun kauppakorkeakoulun\u00a0toimitusketjujen johtamisen\u00a0opetus ja tutkimus k\u00e4sittelee toimitusketjun hallintaa, merenkulun ja muiden kuljetusmuotojen markkinoita sek\u00e4 logistiikan alueellisia vaikutuksia ja edellytyksi\u00e4. Toimitusketjujen johtaminen on toiminut Turun yliopiston kauppakorkeakoulussa\u00a0omana aineenaan vuodesta 2000 alkaen, mit\u00e4 ennen se oli kansainv\u00e4lisen markkinoinnin koulutusohjelma.<\/p>\n","protected":false},"excerpt":{"rendered":"<p>Oppiaineen nimi oli lukuvuoteen 2011-2012 asti LTT, logistiikka. Nykyinen nimi vastaa tutkimusalan kansainv\u00e4list\u00e4 k\u00e4yt\u00e4nt\u00f6\u00e4 sek\u00e4 aineen opetuksen ja tutkimuksen sis\u00e4lt\u00f6\u00e4 aiempaa huomattavasti paremmin. Uusi nimi on nyky\u00e4\u00e4n my\u00f6s yritysmaailmassa varsin yleisesti k\u00e4ytetty k\u00e4site. Yritykset sek\u00e4 yritysten muodostamat toimitusketjut tai -verkostot kaikilla toimialoilla pyrkiv\u00e4t hallitsemaan hankintatoimeen, valmistukseen, jakeluun ja myyntiin liittyvi\u00e4 &#8230;<\/p>\n","protected":false},"author":2479,"featured_media":0,"parent":0,"menu_order":0,"comment_status":"closed","ping_status":"closed","template":"","meta":{"footnotes":""},"class_list":["post-21","page","type-page","status-publish","hentry","column","twocol"],"_links":{"self":[{"href":"https:\/\/blogit.utu.fi\/toimitusketjujenjohtaminen\/wp-json\/wp\/v2\/pages\/21","targetHints":{"allow":["GET"]}}],"collection":[{"href":"https:\/\/blogit.utu.fi\/toimitusketjujenjohtaminen\/wp-json\/wp\/v2\/pages"}],"about":[{"href":"https:\/\/blogit.utu.fi\/toimitusketjujenjohtaminen\/wp-json\/wp\/v2\/types\/page"}],"author":[{"embeddable":true,"href":"https:\/\/blogit.utu.fi\/toimitusketjujenjohtaminen\/wp-json\/wp\/v2\/users\/2479"}],"replies":[{"embeddable":true,"href":"https:\/\/blogit.utu.fi\/toimitusketjujenjohtaminen\/wp-json\/wp\/v2\/comments?post=21"}],"version-history":[{"count":5,"href":"https:\/\/blogit.utu.fi\/toimitusketjujenjohtaminen\/wp-json\/wp\/v2\/pages\/21\/revisions"}],"predecessor-version":[{"id":1209,"href":"https:\/\/blogit.utu.fi\/toimitusketjujenjohtaminen\/wp-json\/wp\/v2\/pages\/21\/revisions\/1209"}],"wp:attachment":[{"href":"https:\/\/blogit.utu.fi\/toimitusketjujenjohtaminen\/wp-json\/wp\/v2\/media?parent=21"}],"curies":[{"name":"wp","href":"https:\/\/api.w.org\/{rel}","templated":true}]}}