{"id":30,"date":"2017-03-10T16:20:03","date_gmt":"2017-03-10T16:20:03","guid":{"rendered":"https:\/\/blogit.utu.fi\/toimitusketjujenjohtaminen\/our-gallery\/"},"modified":"2017-04-05T19:05:37","modified_gmt":"2017-04-05T19:05:37","slug":"toteutettuja-hankkeita","status":"publish","type":"page","link":"https:\/\/blogit.utu.fi\/toimitusketjujenjohtaminen\/toteutettuja-hankkeita\/","title":{"rendered":"Toteutettuja hankkeita"},"content":{"rendered":"<div class=\"col-md-12\">\n<h1 class=\"ms-core-pageTitle\">Logistiikkaselvitys<\/h1>\n<p>Liikenne- ja viestint\u00e4ministeri\u00f6 on vuodesta 1990 saakka selvitt\u00e4nyt logistiikan tilaa ja tulevaisuuden kehitystrendej\u00e4 Suomessa teett\u00e4m\u00e4ll\u00e4 kansallisen logistiikkaselvityksen. Selvitysten kattavuus on ainutlaatuinen, ja esimerkiksi logistiikkakustannusten osalta aineistoa on 20 vuoden ajalta. T\u00e4m\u00e4 on ollut mahdollista kyselyyn vastanneiden suomalaisyritysten aktiivisen osallistumisen ansiosta.<\/p>\n<p>Kohderyhmin\u00e4 ovat valmistavan teollisuuden ja rakentamisen, kaupan alan ja logistiikka-alan yritykset.\u00a0 Keskeisi\u00e4 vastaajatahoja ovat Suomen Osto- ja Logistiikkayhdistyksen, Suomen Kuljetus ja Logistiikka SKAL ry:n ja Suomen Yritt\u00e4jien j\u00e4senet.<\/p>\n<p>Selvityksen tarkoituksena on luoda mahdollisimman kattava kuva suomalaisen elinkeinoel\u00e4m\u00e4n logistiikan nykytilasta, sen suurimmista haasteista ja kehitystarpeista.<br \/>\nTurun yliopiston kauppakorkeakoulun Logistiikan tutkimusryhm\u00e4 kiitt\u00e4\u00e4 kaikkia kyselyyn vastanneita panoksesta suomalaisen logistiikan kehitt\u00e4misen hyv\u00e4ksi.<\/p>\n<p>Lis\u00e4\u00e4 tietoa ja julkaistut logistiikkaselvitykset l\u00f6ytyv\u00e4t <a href=\"https:\/\/blogit.utu.fi\/logistiikkaselvitys\/fi\/aiemmat-logistiikkaselvitys-raportit-vuodesta-2006\/\">t\u00e4st\u00e4<\/a> linkist\u00e4.<\/p>\n<\/div>\n<h2 class=\"ms-rteElement-H2\">Logistics Performance Index<\/h2>\n<p class=\"ms-rteElement-P\">Turun kauppakorkeakoulun\u00a0toimitusketjujen johtamisen\u00a0aineen yhteisty\u00f6ss\u00e4 Maailmanpankin kanssa kehitt\u00e4m\u00e4 Logistics Performance Index kuvaa 150 valtion logistista suorituskyky\u00e4 seitsem\u00e4ll\u00e4 eri kriteerill\u00e4 mitattuna. Tutkimusta varten ker\u00e4ttiin maailmanlaajuisesti kattava kyselyaineisto yli 800 logistiikka-alan ammattilaiselta kansainv\u00e4lisist\u00e4 huolintaliikkeist\u00e4.<\/p>\n<p class=\"ms-rteElement-P\">Raportit l\u00f6ytyv\u00e4t <a href=\"http:\/\/lpi.worldbank.org\/\">t\u00e4st\u00e4<\/a> linkist\u00e4.<\/p>\n<h1 class=\"ms-rteElement-P\">P\u00e4\u00e4partnerina seuraavissa EU Interin hankkeissa<\/h1>\n<h2>C.A.S.H:<\/h2>\n<p>Turun kauppakorkeakoulun\u00a0toimitusketjujen johtamisen\u00a0aineen koordinoima C.A.S.H.-hanke (Connecting Authorities for Safer Heavy Goods Traffic in the Baltic Sea Region) kehitti erityisesti liikkuvien poliisien yhteisty\u00f6t\u00e4 rajan ylitt\u00e4v\u00e4n raskaan tavaraliikenteen valvonnassa. Turun kauppakorkeakoulun\u00a0toimitusketjujen johtamisen\u00a0aine koordinoi hanketta vuosina 2009-2012.<\/p>\n<div><\/div>\n<h2 class=\"ms-rteElement-H2\">LogOn Baltic<\/h2>\n<p>EU:n INTERREG IIIB Neighbourhood Programme -ohjelman hankerahoituksella toteutettu LogOn Baltic \u2013projekti tuotti alueellisia ICT- ja logistiikka-analyysej\u00e4 mm. It\u00e4meren alueen kehitt\u00e4mistoimijoille, viranomaisille sek\u00e4 yrityksille. Analyysien pohjalta alueiden kehitt\u00e4mistoimijat voivat paremmin kohdentaa kehityshankkeet yritysten tarpeita vastaaviksi. Turun kauppakorkeakoulun\u00a0toimitusketjujen johtamisen\u00a0aine koordinoi hanketta vuosina 2006-2008.<\/p>\n<p><a href=\"http:\/\/tseprojekti.utu.fi\/logonbaltic\/uudetsivut\/reports_ct.asp\">Hankkeen verkkosivut<\/a><\/p>\n<h2 class=\"ms-rteElement-H2\">DaGoB<\/h2>\n<div>DaGoB-hanke yhdist\u00e4\u00e4 It\u00e4meren alueen viranomaiset ja elinkeinoel\u00e4m\u00e4n toimijat varmistamaan vaarallisten aineiden toimitusketjujen turvallisuutta, tehokkuutta ja kilpailukyky\u00e4. Turun kauppakorkeakoulun\u00a0toimitusketjujen johtamisen\u00a0aine koordinoi hanketta vuosina 2006-2007. Hankkeelle my\u00f6nnettiin EU:n INTERREG IIIB Neighbourhood Programme -ohjelman hankerahoitus.<\/div>\n<div><\/div>\n<div>Hankkeessa analysoitiin vaarallisten aineiden toimitusketjuja ja tuotetaan k\u00e4yt\u00e4nn\u00f6n jatkotoimintasuunnitelma toimitusketjujen sujuvuuden lis\u00e4\u00e4miseksi It\u00e4meren alueella. DaGoB-hanke on edist\u00e4nyt yhteisty\u00f6t\u00e4 alan viranomaisten, rahdinkuljettajien ja logistiikkapalveluiden tuottajien v\u00e4lill\u00e4. Elinkeinoel\u00e4m\u00e4n toimijat ovat voineet merkitt\u00e4v\u00e4sti vaikuttaa vaarallisten kuljetusten suosituksiin yhteisiss\u00e4 harjoituksissa ja seminaareissa.<\/div>\n<div>\n<a href=\"http:\/\/tseprojekti.utu.fi\/dagob\/\">Hankkeen verkkosivut<\/a><\/div>\n<div><\/div>\n<div><\/div>\n<h1 class=\"ms-rteElement-H2\">Muita aikaisempien vuosien hankkeita<\/h1>\n<p>&nbsp;<\/p>\n<h2 class=\"ms-rteElement-H2\">Preliminary feasibility study of scheduled passenger services at Tartu \u00dclenurme Airport<\/h2>\n<p class=\"ms-rteElement-P\">Alustavan tutkimuksen tarkoitus oli selvitt\u00e4\u00e4 s\u00e4\u00e4nn\u00f6llisen lentoliikenteen uudelleenk\u00e4ynnist\u00e4misen kannattavuutta Tarton \u00dclenurmen lentokent\u00e4ll\u00e4. Hankkeen toimeksiantaja oli Tarton kaupunginhallitus ja se suoritettiin kev\u00e4tkes\u00e4n 2006 aikana.<\/p>\n<h2 class=\"ms-rteElement-H2\">S\u00e4hk\u00f6isen asioinnin kartoitus Turun seudulla<\/h2>\n<div>LOGON TURUS \u2013projektissa selvitettiin, kuinka logistiikan tietoj\u00e4rjestelmill\u00e4 voitaisiin tuottaa Turun seudulla toimiville yrityksille palveluita, joista on merkitt\u00e4v\u00e4\u00e4, lis\u00e4arvoa\u00a0 tuottavaa hy\u00f6ty\u00e4 tai kustannuss\u00e4\u00e4st\u00f6\u00e4 k\u00e4yt\u00e4nn\u00f6n liiketoiminnassa. Ty\u00f6ss\u00e4 kartoitettiin tietoj\u00e4rjestelmien k\u00e4ytt\u00f6\u00e4 ja edistyksellisyytt\u00e4 valmistavissa, kaupan alan sek\u00e4 logistiikkayrityksiss\u00e4. Lis\u00e4ksi projektissa tuotettiin tietoa ja toimenpide-ehdotuksia alueellisille kehitt\u00e4mistoimijoille.<\/div>\n<div><\/div>\n<div>\n<p>Projekti toteutettiin syksyn 2004 ja kev\u00e4\u00e4n 2005 v\u00e4lisen\u00e4 aikana Turun kauppakorkeakoulussa ICT Turku Oy:n toimeksiannosta. Selvityksen tulosten pohjalta ICT Turku Oy:ss\u00e4 perustettiin Yritys-ICT -ohjelma, jonka tavoitteena on nostaa Varsinais-Suomen alueen pk-yritysten tietotekniikan hy\u00f6dynt\u00e4misen astetta ja valmiuksia liiketoiminnan eri osa-alueilla.<\/p>\n<\/div>\n","protected":false},"excerpt":{"rendered":"<p>Logistiikkaselvitys Liikenne- ja viestint\u00e4ministeri\u00f6 on vuodesta 1990 saakka selvitt\u00e4nyt logistiikan tilaa ja tulevaisuuden kehitystrendej\u00e4 Suomessa teett\u00e4m\u00e4ll\u00e4 kansallisen logistiikkaselvityksen. Selvitysten kattavuus on ainutlaatuinen, ja esimerkiksi logistiikkakustannusten osalta aineistoa on 20 vuoden ajalta. T\u00e4m\u00e4 on ollut mahdollista kyselyyn vastanneiden suomalaisyritysten aktiivisen osallistumisen ansiosta. Kohderyhmin\u00e4 ovat valmistavan teollisuuden ja rakentamisen, kaupan alan ja &#8230;<\/p>\n","protected":false},"author":2479,"featured_media":0,"parent":0,"menu_order":0,"comment_status":"closed","ping_status":"closed","template":"","meta":{"footnotes":""},"class_list":["post-30","page","type-page","status-publish","hentry","column","twocol"],"_links":{"self":[{"href":"https:\/\/blogit.utu.fi\/toimitusketjujenjohtaminen\/wp-json\/wp\/v2\/pages\/30","targetHints":{"allow":["GET"]}}],"collection":[{"href":"https:\/\/blogit.utu.fi\/toimitusketjujenjohtaminen\/wp-json\/wp\/v2\/pages"}],"about":[{"href":"https:\/\/blogit.utu.fi\/toimitusketjujenjohtaminen\/wp-json\/wp\/v2\/types\/page"}],"author":[{"embeddable":true,"href":"https:\/\/blogit.utu.fi\/toimitusketjujenjohtaminen\/wp-json\/wp\/v2\/users\/2479"}],"replies":[{"embeddable":true,"href":"https:\/\/blogit.utu.fi\/toimitusketjujenjohtaminen\/wp-json\/wp\/v2\/comments?post=30"}],"version-history":[{"count":11,"href":"https:\/\/blogit.utu.fi\/toimitusketjujenjohtaminen\/wp-json\/wp\/v2\/pages\/30\/revisions"}],"predecessor-version":[{"id":1179,"href":"https:\/\/blogit.utu.fi\/toimitusketjujenjohtaminen\/wp-json\/wp\/v2\/pages\/30\/revisions\/1179"}],"wp:attachment":[{"href":"https:\/\/blogit.utu.fi\/toimitusketjujenjohtaminen\/wp-json\/wp\/v2\/media?parent=30"}],"curies":[{"name":"wp","href":"https:\/\/api.w.org\/{rel}","templated":true}]}}