{"id":477,"date":"2017-03-11T11:24:20","date_gmt":"2017-03-11T11:24:20","guid":{"rendered":"https:\/\/blogit.utu.fi\/toimitusketjujenjohtaminen\/?page_id=477"},"modified":"2017-03-15T20:00:55","modified_gmt":"2017-03-15T20:00:55","slug":"toimitusketjujen-johtamisen-ainejarjesto-kolmas-osapuoli-ry","status":"publish","type":"page","link":"https:\/\/blogit.utu.fi\/toimitusketjujenjohtaminen\/toimitusketjujen-johtamisen-ainejarjesto-kolmas-osapuoli-ry\/","title":{"rendered":"Toimitusketjujen johtamisen ainej\u00e4rjest\u00f6 Kolmas Osapuoli ry"},"content":{"rendered":"<p><img loading=\"lazy\" decoding=\"async\" src=\"https:\/\/blogit.utu.fi\/toimitusketjujenjohtaminen\/wp-content\/uploads\/sites\/104\/2017\/03\/3P-logo-300x169.jpg\" alt=\"\" width=\"500\" height=\"169\" class=\"alignnone size-medium wp-image-480\" \/><\/p>\n<p>Kolmas Osapuoli ry, eli tuttavallisemmin 3P, on Turun kauppakorkeakoulun toimitusketjujen johtamisen (ent. logistiikka)<br \/>\nainej\u00e4rjest\u00f6. Toimintaamme kuuluu niin kotimaan excursiot, pikkujoulut, koulutuspoliittiset kahvit kuin my\u00f6s yhteisty\u00f6 muiden ainej\u00e4rjest\u00f6jen kanssa. Vuoden suurin kohokohta on vuosittain j\u00e4rjestett\u00e4v\u00e4 ulkomaanexcursio. Aikaisempia kohteita ovat olleet muun muassa Lontoo, Amsterdam, Gdansk ja Berliini. Kev\u00e4\u00e4ll\u00e4 2017 kohteena oli K\u00f6\u00f6penhamina.<\/p>\n<p>3P:n toiminnassa n\u00e4kyy vahva yhteisty\u00f6 my\u00f6s toimitusketjujen johtamisen aineen kanssa. Tarjoamme esimerkiksi tietoa logistiikan alan mahdollisista gradutoimeksiannoista ja ty\u00f6paikoista.<\/p>\n<p>Toimintaamme ovat tervetulleita kaikki opiskelijat p\u00e4\u00e4aineeseen ja vuosikurssiin katsomatta!<\/p>\n<p>Mik\u00e4li sinulla her\u00e4si kysymyksi\u00e4 toimitusketjujen johtamisen opiskelusta tai tarjoamistamme tapahtumista, ota yhteytt\u00e4 s\u00e4hk\u00f6postitse tai Facebookissa!<\/p>\n<p><a href=\"http:\/\/turunky.fi\/jaostot-ja-toimijaryhmat\/ainejarjestot\/3p\/\">3P Turun KY:n sivuilla<\/a><\/p>\n<p><a href=\"https:\/\/www.facebook.com\/Kolmas-Osapuoli-128289960606732\/?fref=ts\">3P Facebookissa\u00a0<\/a><\/p>\n<p>ky-3P-hallitus@utu.fi<\/p>\n","protected":false},"excerpt":{"rendered":"<p>Kolmas Osapuoli ry, eli tuttavallisemmin 3P, on Turun kauppakorkeakoulun toimitusketjujen johtamisen (ent. logistiikka) ainej\u00e4rjest\u00f6. Toimintaamme kuuluu niin kotimaan excursiot, pikkujoulut, koulutuspoliittiset kahvit kuin my\u00f6s yhteisty\u00f6 muiden ainej\u00e4rjest\u00f6jen kanssa. Vuoden suurin kohokohta on vuosittain j\u00e4rjestett\u00e4v\u00e4 ulkomaanexcursio. Aikaisempia kohteita ovat olleet muun muassa Lontoo, Amsterdam, Gdansk ja Berliini. Kev\u00e4\u00e4ll\u00e4 2017 kohteena oli &#8230;<\/p>\n","protected":false},"author":2479,"featured_media":0,"parent":0,"menu_order":0,"comment_status":"closed","ping_status":"closed","template":"","meta":{"footnotes":""},"class_list":["post-477","page","type-page","status-publish","hentry","column","twocol"],"_links":{"self":[{"href":"https:\/\/blogit.utu.fi\/toimitusketjujenjohtaminen\/wp-json\/wp\/v2\/pages\/477","targetHints":{"allow":["GET"]}}],"collection":[{"href":"https:\/\/blogit.utu.fi\/toimitusketjujenjohtaminen\/wp-json\/wp\/v2\/pages"}],"about":[{"href":"https:\/\/blogit.utu.fi\/toimitusketjujenjohtaminen\/wp-json\/wp\/v2\/types\/page"}],"author":[{"embeddable":true,"href":"https:\/\/blogit.utu.fi\/toimitusketjujenjohtaminen\/wp-json\/wp\/v2\/users\/2479"}],"replies":[{"embeddable":true,"href":"https:\/\/blogit.utu.fi\/toimitusketjujenjohtaminen\/wp-json\/wp\/v2\/comments?post=477"}],"version-history":[{"count":4,"href":"https:\/\/blogit.utu.fi\/toimitusketjujenjohtaminen\/wp-json\/wp\/v2\/pages\/477\/revisions"}],"predecessor-version":[{"id":495,"href":"https:\/\/blogit.utu.fi\/toimitusketjujenjohtaminen\/wp-json\/wp\/v2\/pages\/477\/revisions\/495"}],"wp:attachment":[{"href":"https:\/\/blogit.utu.fi\/toimitusketjujenjohtaminen\/wp-json\/wp\/v2\/media?parent=477"}],"curies":[{"name":"wp","href":"https:\/\/api.w.org\/{rel}","templated":true}]}}