{"id":567,"date":"2017-03-15T06:35:41","date_gmt":"2017-03-15T06:35:41","guid":{"rendered":"https:\/\/blogit.utu.fi\/toimitusketjujenjohtaminen\/?page_id=567"},"modified":"2017-03-15T18:52:20","modified_gmt":"2017-03-15T18:52:20","slug":"opintojaksot","status":"publish","type":"page","link":"https:\/\/blogit.utu.fi\/toimitusketjujenjohtaminen\/opintojaksot\/","title":{"rendered":"Kandivaiheen opinnot"},"content":{"rendered":"<h2><strong>Markkinoinnin ja arvoketjujen johtamisen KTK-ohjelma<\/strong><\/h2>\n<p>&nbsp;<\/p>\n<p><strong>Kaikille pakolliset opinnot<\/strong><\/p>\n<p>LG212001 LOG1\/TM44 Supply Chain Management 5ETCS<br \/>\nTM062004 TM1 Yritys- ja markkinointimaantiede 5 op<br \/>\nTM062004 TM1 Geographies of Firms and Industries 5 ECTS<br \/>\nMA032056 MA11 Markkinoinnin strateginen johtaminen 5 op<br \/>\nTM062700 MJO4 Liiketoiminnan eettiset kysymykset 5 op<br \/>\nTJ092804 TJ9\/KV15 Digitaalinen liiketoiminta 5 op<br \/>\nMA032700 MJO6 Arvoketjun johtaminen 5 op<\/p>\n<h2>Toimitusketjujen johtamisen erikoistumissuunta<\/h2>\n<p><strong>Pakolliset opinnot<\/strong><\/p>\n<p>LG212010 LOG2 Tuotantotalous 6 op<br \/>\nLG212020 LOG3 Purchasing and Supply Management\u00a0 6 ECTS<br \/>\nLG212030 LOG4\/TM45 Kuljetustoiminnot ja -markkinat 6 op<br \/>\nTK082006 TKM5\/LOG16 Operaatioanalyysin perusteet 6 op<br \/>\nLG212800\u00a0 LOGK Kandidaatintutkielma 10 op<\/p>\n<p><strong>Valinnaiset opinnot <\/strong> (Valittava v\u00e4hint\u00e4\u00e4n 6 op)<\/p>\n<p>LG212180 LOG8 Toimitusketjujen johtamisen projektity\u00f6 2-6 op<br \/>\nYJ052012 YJ8\/LOG12 Ulkomaankaupan kuljetus-\u00a0ja sopimusoikeus 6 op<br \/>\nMA032026 MA26\/LOG14 Markkinointikanavien johtaminen 4-6 op<br \/>\nTM062120\u00a0 TM51\/TJ17\/LOG15 Paikkatietomenetelm\u00e4t liiketoiminnassa 6 op<br \/>\nLT012008 LR04 Laskentatoimi investointip\u00e4\u00e4t\u00f6ksenteossa 5 op<br \/>\nTJ092016 TJ1 Yrityksen tietoj\u00e4rjestelm\u00e4t 5 op<br \/>\nLG212600 Harjoittelu, aineopinnot 2\u20136 op<\/p>\n","protected":false},"excerpt":{"rendered":"<p>Markkinoinnin ja arvoketjujen johtamisen KTK-ohjelma &nbsp; Kaikille pakolliset opinnot LG212001 LOG1\/TM44 Supply Chain Management 5ETCS TM062004 TM1 Yritys- ja markkinointimaantiede 5 op TM062004 TM1 Geographies of Firms and Industries 5 ECTS MA032056 MA11 Markkinoinnin strateginen johtaminen 5 op TM062700 MJO4 Liiketoiminnan eettiset kysymykset 5 op TJ092804 TJ9\/KV15 Digitaalinen liiketoiminta 5 &#8230;<\/p>\n","protected":false},"author":2479,"featured_media":0,"parent":0,"menu_order":0,"comment_status":"closed","ping_status":"closed","template":"","meta":{"footnotes":""},"class_list":["post-567","page","type-page","status-publish","hentry","column","twocol"],"_links":{"self":[{"href":"https:\/\/blogit.utu.fi\/toimitusketjujenjohtaminen\/wp-json\/wp\/v2\/pages\/567","targetHints":{"allow":["GET"]}}],"collection":[{"href":"https:\/\/blogit.utu.fi\/toimitusketjujenjohtaminen\/wp-json\/wp\/v2\/pages"}],"about":[{"href":"https:\/\/blogit.utu.fi\/toimitusketjujenjohtaminen\/wp-json\/wp\/v2\/types\/page"}],"author":[{"embeddable":true,"href":"https:\/\/blogit.utu.fi\/toimitusketjujenjohtaminen\/wp-json\/wp\/v2\/users\/2479"}],"replies":[{"embeddable":true,"href":"https:\/\/blogit.utu.fi\/toimitusketjujenjohtaminen\/wp-json\/wp\/v2\/comments?post=567"}],"version-history":[{"count":18,"href":"https:\/\/blogit.utu.fi\/toimitusketjujenjohtaminen\/wp-json\/wp\/v2\/pages\/567\/revisions"}],"predecessor-version":[{"id":1020,"href":"https:\/\/blogit.utu.fi\/toimitusketjujenjohtaminen\/wp-json\/wp\/v2\/pages\/567\/revisions\/1020"}],"wp:attachment":[{"href":"https:\/\/blogit.utu.fi\/toimitusketjujenjohtaminen\/wp-json\/wp\/v2\/media?parent=567"}],"curies":[{"name":"wp","href":"https:\/\/api.w.org\/{rel}","templated":true}]}}