{"id":915,"date":"2017-03-15T18:17:58","date_gmt":"2017-03-15T18:17:58","guid":{"rendered":"https:\/\/blogit.utu.fi\/toimitusketjujenjohtaminen\/?page_id=915"},"modified":"2017-04-06T21:07:36","modified_gmt":"2017-04-06T21:07:36","slug":"yleista","status":"publish","type":"page","link":"https:\/\/blogit.utu.fi\/toimitusketjujenjohtaminen\/yleista\/","title":{"rendered":"Yleist\u00e4"},"content":{"rendered":"<p>Turun kauppakorkeakoulun toimitusketjujen johtaminen aineessa tehd\u00e4\u00e4n kansainv\u00e4lisesti korkeatasoista tutkimusta. Toimitusketjujen johtamisen ainelaitoksen henkil\u00f6kunta sek\u00e4 jatko-opiskelijat osallistuvat s\u00e4\u00e4nn\u00f6llisesti kansainv\u00e4lisiin tieteellisiin konferensseihin, kuten NOFOMA ja Logistics Research Network (LRN).<\/p>\n<p>TKJ:n aine toteuttaa noin joka toinen vuosi Logistiikkaselvityksen, jossa selvitet\u00e4\u00e4n logistiikan tilaa ja tulevaisuuden kehitystrendej\u00e4 kansallisella tasolla. Suomalaisyritysten aktiivisen osallistumisen ja kiinnostuksen ansiosta selvityksen tekeminen on ollut mahdollista. Lis\u00e4\u00e4 logistiikkaselvityksest\u00e4 ja linkin verkkosivuille l\u00f6yd\u00e4t <a href=\"https:\/\/blogit.utu.fi\/toimitusketjujenjohtaminen\/toteutettuja-hankkeita\/\">toteutetuista hankkeista<\/a>. <\/p>\n<p>Esimerkkej\u00e4 korkeatasoisista referoiduista sarjajulkaisuista, joissa toimitusketjujen johtamisen aineen henkil\u00f6kunta on julkaissut artikkeleita ovat muun muassa International Journal of Physical Distribution &amp; Logistics Management, International Journal of Logistics Management ja International Journal of Integrated Supply Management.<\/p>\n<p>Toimitusketjujen johtamisen aineessa teht\u00e4v\u00e4\u00e4 tutkimusta ovat rahoittaneet muiden tahojen ohella esimerkiksi<\/p>\n<ul>\n<li>Maailmanpankki<\/li>\n<li>Nordic Investment Bank (NIB)<\/li>\n<li>Euroopan Unioni (INTERREG III B)<\/li>\n<li>Liikenne- ja viestint\u00e4ministeri\u00f6<\/li>\n<\/ul>\n","protected":false},"excerpt":{"rendered":"<p>Turun kauppakorkeakoulun toimitusketjujen johtaminen aineessa tehd\u00e4\u00e4n kansainv\u00e4lisesti korkeatasoista tutkimusta. Toimitusketjujen johtamisen ainelaitoksen henkil\u00f6kunta sek\u00e4 jatko-opiskelijat osallistuvat s\u00e4\u00e4nn\u00f6llisesti kansainv\u00e4lisiin tieteellisiin konferensseihin, kuten NOFOMA ja Logistics Research Network (LRN). TKJ:n aine toteuttaa noin joka toinen vuosi Logistiikkaselvityksen, jossa selvitet\u00e4\u00e4n logistiikan tilaa ja tulevaisuuden kehitystrendej\u00e4 kansallisella tasolla. Suomalaisyritysten aktiivisen osallistumisen ja kiinnostuksen ansiosta &#8230;<\/p>\n","protected":false},"author":2479,"featured_media":0,"parent":0,"menu_order":0,"comment_status":"closed","ping_status":"closed","template":"","meta":{"footnotes":""},"class_list":["post-915","page","type-page","status-publish","hentry","column","twocol"],"_links":{"self":[{"href":"https:\/\/blogit.utu.fi\/toimitusketjujenjohtaminen\/wp-json\/wp\/v2\/pages\/915","targetHints":{"allow":["GET"]}}],"collection":[{"href":"https:\/\/blogit.utu.fi\/toimitusketjujenjohtaminen\/wp-json\/wp\/v2\/pages"}],"about":[{"href":"https:\/\/blogit.utu.fi\/toimitusketjujenjohtaminen\/wp-json\/wp\/v2\/types\/page"}],"author":[{"embeddable":true,"href":"https:\/\/blogit.utu.fi\/toimitusketjujenjohtaminen\/wp-json\/wp\/v2\/users\/2479"}],"replies":[{"embeddable":true,"href":"https:\/\/blogit.utu.fi\/toimitusketjujenjohtaminen\/wp-json\/wp\/v2\/comments?post=915"}],"version-history":[{"count":4,"href":"https:\/\/blogit.utu.fi\/toimitusketjujenjohtaminen\/wp-json\/wp\/v2\/pages\/915\/revisions"}],"predecessor-version":[{"id":1191,"href":"https:\/\/blogit.utu.fi\/toimitusketjujenjohtaminen\/wp-json\/wp\/v2\/pages\/915\/revisions\/1191"}],"wp:attachment":[{"href":"https:\/\/blogit.utu.fi\/toimitusketjujenjohtaminen\/wp-json\/wp\/v2\/media?parent=915"}],"curies":[{"name":"wp","href":"https:\/\/api.w.org\/{rel}","templated":true}]}}