{"id":5,"date":"2019-06-12T12:18:49","date_gmt":"2019-06-12T12:18:49","guid":{"rendered":"https:\/\/blogit.utu.fi\/trage\/?page_id=2"},"modified":"2020-01-23T11:24:08","modified_gmt":"2020-01-23T08:24:08","slug":"sample-page","status":"publish","type":"page","link":"https:\/\/blogit.utu.fi\/trage\/","title":{"rendered":"#TRAGE database"},"content":{"rendered":"<p><span style=\"font-size: small\">This is a blog for the<a href=\"https:\/\/sites.utu.fi\/jmc\/trage\/\"> #TRAGE-project<\/a> carried out by the <a href=\"https:\/\/www.utu.fi\/en\/university\/faculty-of-social-sciences\/john-morton-center\">John Morton Center for North American Studies<\/a> at the University of Turku. The project is funded by the <a href=\"https:\/\/www.hssaatio.fi\/en\/\">Helsingin Sanomat Foundation<\/a>, and it focuses on media\u2019s ethical challenges in the treatment of school shootings and elaborates on the dynamic relationship between legacy media and social media.\u00a0<\/span><\/p>\n<p><span style=\"font-size: small\">This blog will be used as a database for materials produced by the project, and it will include blog posts and podcasts produced by students as part of the Social Media, Ideologies, and Ethics in the United States course held at the University of Turku in Fall 2019. You can learn more about the #TRAGE-project at the project\u2019s <a href=\"https:\/\/sites.utu.fi\/jmc\/trage\/\">website<\/a>.<\/span><\/p>\n<p><span style=\"font-size: small\">Tervetuloa Turun yliopiston <a href=\"https:\/\/www.utu.fi\/fi\/yliopisto\/yhteiskuntatieteellinen-tiedekunta\/jmc\">Pohjois-Amerikan tutkimuksen John Morton -keskuksen<\/a>\u00a0<a href=\"https:\/\/sites.utu.fi\/jmc\/trage\/\"> #TRAGE -projektin<\/a> blogiin! <a href=\"https:\/\/www.hssaatio.fi\/\">Helsingin Sanomain S\u00e4\u00e4ti\u00f6n<\/a> rahoittama projekti tutkii median eettisi\u00e4 haasteita koulusurmauutisoinnissa ja perinteisen median ja sosiaalisessa mediassa tapahtuvan #-aktivismin v\u00e4lisi\u00e4 j\u00e4nnitteit\u00e4.<\/span><\/p>\n<p><span style=\"font-size: small\">Blogi toimii tietokantana projektin tuottamille materiaaleille. T\u00e4\u00e4lt\u00e4 l\u00f6ytyy my\u00f6s hankkeen syksyll\u00e4 2019 Turun yliopistossa pit\u00e4m\u00e4n <em>Social Media, Ideologies, and Ethics in the United States<\/em> -kurssin opiskelijoiden blogikirjoituksia ja podcasteja. Lis\u00e4\u00e4 tietoa #TRAGE -projektista l\u00f6ytyy hankkeen <a href=\"https:\/\/sites.utu.fi\/jmc\/trage\/\">nettisivuilta<\/a>.<\/span><\/p>\n","protected":false},"excerpt":{"rendered":"<p>This is a blog for the #TRAGE-project carried out by the John Morton Center for North American Studies at the University of Turku. The project is funded by the Helsingin Sanomat Foundation, and it focuses on media\u2019s ethical challenges in the treatment of school shootings and elaborates on the dynamic relationship between legacy media and [&hellip;]<\/p>\n","protected":false},"author":1882,"featured_media":0,"parent":0,"menu_order":0,"comment_status":"closed","ping_status":"open","template":"","meta":{"footnotes":""},"class_list":["post-5","page","type-page","status-publish","hentry"],"_links":{"self":[{"href":"https:\/\/blogit.utu.fi\/trage\/wp-json\/wp\/v2\/pages\/5","targetHints":{"allow":["GET"]}}],"collection":[{"href":"https:\/\/blogit.utu.fi\/trage\/wp-json\/wp\/v2\/pages"}],"about":[{"href":"https:\/\/blogit.utu.fi\/trage\/wp-json\/wp\/v2\/types\/page"}],"author":[{"embeddable":true,"href":"https:\/\/blogit.utu.fi\/trage\/wp-json\/wp\/v2\/users\/1882"}],"replies":[{"embeddable":true,"href":"https:\/\/blogit.utu.fi\/trage\/wp-json\/wp\/v2\/comments?post=5"}],"version-history":[{"count":5,"href":"https:\/\/blogit.utu.fi\/trage\/wp-json\/wp\/v2\/pages\/5\/revisions"}],"predecessor-version":[{"id":573,"href":"https:\/\/blogit.utu.fi\/trage\/wp-json\/wp\/v2\/pages\/5\/revisions\/573"}],"wp:attachment":[{"href":"https:\/\/blogit.utu.fi\/trage\/wp-json\/wp\/v2\/media?parent=5"}],"curies":[{"name":"wp","href":"https:\/\/api.w.org\/{rel}","templated":true}]}}