{"id":315,"date":"2017-02-23T12:12:15","date_gmt":"2017-02-23T12:12:15","guid":{"rendered":"https:\/\/blogit.utu.fi\/tulos\/?page_id=315"},"modified":"2017-04-24T10:52:34","modified_gmt":"2017-04-24T07:52:34","slug":"tama-on-koesivu","status":"publish","type":"page","link":"https:\/\/blogit.utu.fi\/tulos\/","title":{"rendered":"Etusivu"},"content":{"rendered":"<p style=\"text-align: center\"><a href=\"https:\/\/blogit.utu.fi\/tulos\/?page_id=366\"><img loading=\"lazy\" decoding=\"async\" class=\"alignnone wp-image-1344 size-medium\" src=\"https:\/\/blogit.utu.fi\/tulos\/wp-content\/uploads\/sites\/96\/2017\/02\/vastaa_kyselyyn-300x86.png\" alt=\"\" width=\"300\" height=\"86\" srcset=\"https:\/\/blogit.utu.fi\/tulos\/wp-content\/uploads\/sites\/96\/2017\/02\/vastaa_kyselyyn-300x86.png 300w, https:\/\/blogit.utu.fi\/tulos\/wp-content\/uploads\/sites\/96\/2017\/02\/vastaa_kyselyyn.png 417w\" sizes=\"auto, (max-width: 300px) 100vw, 300px\" \/><\/a><\/p>\n<p style=\"text-align: center\"><strong><em>Huominen on\u00a0aina\u00a0tulevaisuutta. <\/em><\/strong>\u2013 Matti Nyk\u00e4nen<\/p>\n<p style=\"text-align: center\"><em><strong>Et koskaan tied\u00e4 rajojasi, ellet ylit\u00e4 niit\u00e4.<\/strong><\/em>\u00a0\u2013 William Blake<\/p>\n<p style=\"text-align: center\"><strong><em>Mit\u00e4 kauemmin odotat tulevaisuutta, sit\u00e4 lyhyemm\u00e4ksi se k\u00e4y.<\/em><\/strong> \u00a0\u2013 Loesje<\/p>\n","protected":false},"excerpt":{"rendered":"<p>Huominen on\u00a0aina\u00a0tulevaisuutta. \u2013 Matti Nyk\u00e4nen Et koskaan tied\u00e4 rajojasi, ellet ylit\u00e4 niit\u00e4.\u00a0\u2013 William Blake Mit\u00e4 kauemmin odotat tulevaisuutta, sit\u00e4 lyhyemm\u00e4ksi se k\u00e4y. \u00a0\u2013 Loesje<\/p>\n","protected":false},"author":2770,"featured_media":0,"parent":0,"menu_order":0,"comment_status":"closed","ping_status":"closed","template":"","meta":{"footnotes":""},"class_list":["post-315","page","type-page","status-publish","czr-hentry"],"_links":{"self":[{"href":"https:\/\/blogit.utu.fi\/tulos\/index.php?rest_route=\/wp\/v2\/pages\/315","targetHints":{"allow":["GET"]}}],"collection":[{"href":"https:\/\/blogit.utu.fi\/tulos\/index.php?rest_route=\/wp\/v2\/pages"}],"about":[{"href":"https:\/\/blogit.utu.fi\/tulos\/index.php?rest_route=\/wp\/v2\/types\/page"}],"author":[{"embeddable":true,"href":"https:\/\/blogit.utu.fi\/tulos\/index.php?rest_route=\/wp\/v2\/users\/2770"}],"replies":[{"embeddable":true,"href":"https:\/\/blogit.utu.fi\/tulos\/index.php?rest_route=%2Fwp%2Fv2%2Fcomments&post=315"}],"version-history":[{"count":15,"href":"https:\/\/blogit.utu.fi\/tulos\/index.php?rest_route=\/wp\/v2\/pages\/315\/revisions"}],"predecessor-version":[{"id":1368,"href":"https:\/\/blogit.utu.fi\/tulos\/index.php?rest_route=\/wp\/v2\/pages\/315\/revisions\/1368"}],"wp:attachment":[{"href":"https:\/\/blogit.utu.fi\/tulos\/index.php?rest_route=%2Fwp%2Fv2%2Fmedia&parent=315"}],"curies":[{"name":"wp","href":"https:\/\/api.w.org\/{rel}","templated":true}]}}