{"id":354,"date":"2017-02-23T13:02:57","date_gmt":"2017-02-23T13:02:57","guid":{"rendered":"https:\/\/blogit.utu.fi\/tulos\/?page_id=354"},"modified":"2017-04-23T23:21:57","modified_gmt":"2017-04-23T20:21:57","slug":"hankkeen-tavoitteet","status":"publish","type":"page","link":"https:\/\/blogit.utu.fi\/tulos\/?page_id=354","title":{"rendered":"Tietoa hankkeesta"},"content":{"rendered":"<p><img loading=\"lazy\" decoding=\"async\" class=\"aligncenter size-full wp-image-666\" src=\"https:\/\/blogit.utu.fi\/tulos\/wp-content\/uploads\/sites\/96\/2017\/02\/Kaavakartta-1250X500.jpg\" alt=\"\" width=\"1250\" height=\"501\" srcset=\"https:\/\/blogit.utu.fi\/tulos\/wp-content\/uploads\/sites\/96\/2017\/02\/Kaavakartta-1250X500.jpg 1250w, https:\/\/blogit.utu.fi\/tulos\/wp-content\/uploads\/sites\/96\/2017\/02\/Kaavakartta-1250X500-300x120.jpg 300w, https:\/\/blogit.utu.fi\/tulos\/wp-content\/uploads\/sites\/96\/2017\/02\/Kaavakartta-1250X500-768x308.jpg 768w, https:\/\/blogit.utu.fi\/tulos\/wp-content\/uploads\/sites\/96\/2017\/02\/Kaavakartta-1250X500-1024x410.jpg 1024w\" sizes=\"auto, (max-width: 1250px) 100vw, 1250px\" \/><\/p>\n<p>&nbsp;<\/p>\n<p>Hankkeen tavoitteena on osallistaa nuoria tulevaisuuden tekemiseen ja kannustaa nuoria aktiiviseen kansalaisuuteen ja yhteiskunnalliseen vaikuttamiseen. Nuorten osallistaminen oman alueensa kehitt\u00e4misty\u00f6h\u00f6n on eritt\u00e4in t\u00e4rke\u00e4\u00e4, jotta Pirkanmaata osattaisiin kehitt\u00e4\u00e4 entist\u00e4 paremmin nuorten toiveiden suuntaan.<\/p>\n<p>Hankkeen kohderyhm\u00e4\u00e4n kuuluvat Pirkanmaalla asuvat 18\u201330-vuotiaat nuoret. Nuorilta tiedustellaan nettikyselyn avulla, mist\u00e4 he unelmoivat: millaisia toimeentuloon, asumiseen ja el\u00e4m\u00e4ntapoihin liittyvi\u00e4 toiveita heill\u00e4 on. Vastauksista tunnistetaan nuorille merkityksellisi\u00e4 kehitt\u00e4miskohteita, joista johdetaan kehitt\u00e4missuosituksia Pirkanmaan kunnille ja erilaisten alueiden kehitt\u00e4mistoimintaan osallistuville tahoille. Hankkeen tuloksista laaditaan mediatiedote ja laajempi raportti, joka julkaistaan s\u00e4hk\u00f6isess\u00e4 muodossa.<\/p>\n<p>Hankkeen virallinen\/hallinnollinen nimi on <em>Pirkanmaan nuorten tulevaisuuskuvat ja osallisuus maaseudun kehitt\u00e4misty\u00f6ss\u00e4<\/em> (TULOS). Hankkeen rahoitus on saatu ELY-keskukselta ja se koostuu sek\u00e4 EU:n maaseuturahaston ett\u00e4 valtion rahoituksesta. Hanke toteutetaan 15.1.2017\u201331.12.2017 v\u00e4lisen\u00e4 aikana. Hanke kuuluu Manner-Suomen maaseudun kehitt\u00e4misohjelmaan 2014-2020.<\/p>\n<p><a href=\"https:\/\/blogit.utu.fi\/tulos\/?page_id=366\"><img loading=\"lazy\" decoding=\"async\" class=\"alignnone wp-image-1344 size-medium\" src=\"https:\/\/blogit.utu.fi\/tulos\/wp-content\/uploads\/sites\/96\/2017\/02\/vastaa_kyselyyn-300x86.png\" alt=\"\" width=\"300\" height=\"86\" srcset=\"https:\/\/blogit.utu.fi\/tulos\/wp-content\/uploads\/sites\/96\/2017\/02\/vastaa_kyselyyn-300x86.png 300w, https:\/\/blogit.utu.fi\/tulos\/wp-content\/uploads\/sites\/96\/2017\/02\/vastaa_kyselyyn.png 417w\" sizes=\"auto, (max-width: 300px) 100vw, 300px\" \/><\/a><\/p>\n","protected":false},"excerpt":{"rendered":"<p>&nbsp; Hankkeen tavoitteena on osallistaa nuoria tulevaisuuden tekemiseen ja kannustaa nuoria aktiiviseen kansalaisuuteen ja yhteiskunnalliseen vaikuttamiseen. Nuorten osallistaminen oman alueensa kehitt\u00e4misty\u00f6h\u00f6n on eritt\u00e4in t\u00e4rke\u00e4\u00e4, jotta Pirkanmaata osattaisiin kehitt\u00e4\u00e4 entist\u00e4 paremmin nuorten toiveiden suuntaan. Hankkeen kohderyhm\u00e4\u00e4n kuuluvat Pirkanmaalla asuvat 18\u201330-vuotiaat nuoret. Nuorilta tiedustellaan nettikyselyn avulla, mist\u00e4 he unelmoivat: millaisia toimeentuloon, asumiseen ja el\u00e4m\u00e4ntapoihin liittyvi\u00e4 toiveita heill\u00e4 [&hellip;]<\/p>\n","protected":false},"author":2770,"featured_media":0,"parent":0,"menu_order":0,"comment_status":"closed","ping_status":"closed","template":"","meta":{"footnotes":""},"class_list":["post-354","page","type-page","status-publish","czr-hentry"],"_links":{"self":[{"href":"https:\/\/blogit.utu.fi\/tulos\/index.php?rest_route=\/wp\/v2\/pages\/354","targetHints":{"allow":["GET"]}}],"collection":[{"href":"https:\/\/blogit.utu.fi\/tulos\/index.php?rest_route=\/wp\/v2\/pages"}],"about":[{"href":"https:\/\/blogit.utu.fi\/tulos\/index.php?rest_route=\/wp\/v2\/types\/page"}],"author":[{"embeddable":true,"href":"https:\/\/blogit.utu.fi\/tulos\/index.php?rest_route=\/wp\/v2\/users\/2770"}],"replies":[{"embeddable":true,"href":"https:\/\/blogit.utu.fi\/tulos\/index.php?rest_route=%2Fwp%2Fv2%2Fcomments&post=354"}],"version-history":[{"count":6,"href":"https:\/\/blogit.utu.fi\/tulos\/index.php?rest_route=\/wp\/v2\/pages\/354\/revisions"}],"predecessor-version":[{"id":1353,"href":"https:\/\/blogit.utu.fi\/tulos\/index.php?rest_route=\/wp\/v2\/pages\/354\/revisions\/1353"}],"wp:attachment":[{"href":"https:\/\/blogit.utu.fi\/tulos\/index.php?rest_route=%2Fwp%2Fv2%2Fmedia&parent=354"}],"curies":[{"name":"wp","href":"https:\/\/api.w.org\/{rel}","templated":true}]}}