{"id":366,"date":"2017-02-23T13:03:54","date_gmt":"2017-02-23T13:03:54","guid":{"rendered":"https:\/\/blogit.utu.fi\/tulos\/?page_id=366"},"modified":"2017-05-26T14:34:20","modified_gmt":"2017-05-26T11:34:20","slug":"osallistu-ja-vaikuta","status":"publish","type":"page","link":"https:\/\/blogit.utu.fi\/tulos\/?page_id=366","title":{"rendered":"VASTAA JA VAIKUTA\u00a0\u00a0"},"content":{"rendered":"<p><iframe loading=\"lazy\" width=\"800\" height=\"450\" src=\"https:\/\/www.youtube.com\/embed\/L1c0TOsra4A?feature=oembed\" frameborder=\"0\" allowfullscreen><\/iframe><\/p>\n<p><a href=\"http:\/\/www.webropolsurveys.com\/2030.net\"><img loading=\"lazy\" decoding=\"async\" class=\"aligncenter wp-image-1344 size-medium\" src=\"https:\/\/blogit.utu.fi\/tulos\/wp-content\/uploads\/sites\/96\/2017\/02\/vastaa_kyselyyn-300x86.png\" alt=\"\" width=\"300\" height=\"86\" srcset=\"https:\/\/blogit.utu.fi\/tulos\/wp-content\/uploads\/sites\/96\/2017\/02\/vastaa_kyselyyn-300x86.png 300w, https:\/\/blogit.utu.fi\/tulos\/wp-content\/uploads\/sites\/96\/2017\/02\/vastaa_kyselyyn.png 417w\" sizes=\"auto, (max-width: 300px) 100vw, 300px\" \/><\/a><\/p>\n<p style=\"text-align: center\"><a href=\"http:\/\/www.webropolsurveys.com\/2030.net\"><br \/>\n<\/a><strong>Suosittelemme, ett\u00e4 vastaisit kyselyyn tietokoneella!<\/strong><\/p>\n<p>Vastaamalla kyselyyn sinulle tarjoutuu mahdollisuus v\u00e4litt\u00e4\u00e4 p\u00e4\u00e4tt\u00e4jille tietoa siit\u00e4, miten Pirkanmaata pit\u00e4isi kehitt\u00e4\u00e4, jotta se vastaisi sinun toiveitasi vuonna 2030. Antamalla \u00e4\u00e4nesi kuulua, tarjoat perusteltuja n\u00e4kemyksi\u00e4 tulevaisuudesta ja sen eri kehitysvaihtoehdoista suunnittelun, p\u00e4\u00e4t\u00f6ksenteon ja toiminnan perustaksi.<\/p>\n<p>Tuloksista johdetaan kehitt\u00e4missuosituksia, joilla parannetaan p\u00e4\u00e4tt\u00e4jien tietopohjaa siit\u00e4, milt\u00e4 Sin\u00e4 ja muut pirkanmaalaiset nuoret haluatte Pirkanmaan n\u00e4ytt\u00e4v\u00e4n vuonna 2030.\u00a0 Kehitt\u00e4missuositukset l\u00e4hetet\u00e4\u00e4n muun muassa kaikkien pirkanmaalaisten kuntien p\u00e4\u00e4tt\u00e4jille. Tuloksista julkaistaan my\u00f6s raportti, joka tulee luettavaksi t\u00e4nne nettisivuille viimeist\u00e4\u00e4n 2017 joulukuun aikana.<\/p>\n<p>Oikeita tai v\u00e4\u00e4ri\u00e4 vastauksia ei ole. Vastauksesi kyselyyn kertovat t\u00e4m\u00e4nhetkisist\u00e4 toiveistasi. Vastauksesi k\u00e4sitell\u00e4\u00e4n luottamuksellisesti ja anonyymisti. Tietosi eiv\u00e4t ole miss\u00e4\u00e4n vaiheessa tunnistettavissa tuloksia raportoitaessa.<\/p>\n<p>Kaikkien vastanneiden kesken arvotaan kolme palkintoa, joiden arvo on <strong>400-500<\/strong> euroa. Vastatessasi kyselyyn, voit kyselyn lopussa osallistua arvontaan j\u00e4tt\u00e4m\u00e4ll\u00e4 yhteystietosi. Onnekkaat arvotaan vastausajan p\u00e4\u00e4tytty\u00e4 viikolla 20. Voitosta ilmoitamme henkil\u00f6kohtaisesti osallistujan ilmoittamaan s\u00e4hk\u00f6postiosoitteeseen tai puhelinnumeroon.<\/p>\n<p>P\u00e4ivitys: <strong>Arvonta\u00a0suoritettiin 24.5.2017.<\/strong>\u00a0Arvonnassa k\u00e4ytettiin Excelin pseudosatunnaislukugeneraattoria, joka valitsi kolme satunnaista lukua 1 ja 2179 v\u00e4lilt\u00e4. Vastaajien tunnusluvut muodostuivat heid\u00e4n vastausj\u00e4rjestyksens\u00e4 mukaan. Voittajille on v\u00e4litetty ilouutinen puhelimitse. Kiitoksia kaikkille kyselyyn vastanneille!<\/p>\n","protected":false},"excerpt":{"rendered":"<p>Suosittelemme, ett\u00e4 vastaisit kyselyyn tietokoneella! Vastaamalla kyselyyn sinulle tarjoutuu mahdollisuus v\u00e4litt\u00e4\u00e4 p\u00e4\u00e4tt\u00e4jille tietoa siit\u00e4, miten Pirkanmaata pit\u00e4isi kehitt\u00e4\u00e4, jotta se vastaisi sinun toiveitasi vuonna 2030. Antamalla \u00e4\u00e4nesi kuulua, tarjoat perusteltuja n\u00e4kemyksi\u00e4 tulevaisuudesta ja sen eri kehitysvaihtoehdoista suunnittelun, p\u00e4\u00e4t\u00f6ksenteon ja toiminnan perustaksi. Tuloksista johdetaan kehitt\u00e4missuosituksia, joilla parannetaan p\u00e4\u00e4tt\u00e4jien tietopohjaa siit\u00e4, milt\u00e4 Sin\u00e4 ja muut pirkanmaalaiset nuoret [&hellip;]<\/p>\n","protected":false},"author":2770,"featured_media":1239,"parent":0,"menu_order":0,"comment_status":"closed","ping_status":"closed","template":"","meta":{"footnotes":""},"class_list":["post-366","page","type-page","status-publish","has-post-thumbnail","czr-hentry"],"_links":{"self":[{"href":"https:\/\/blogit.utu.fi\/tulos\/index.php?rest_route=\/wp\/v2\/pages\/366","targetHints":{"allow":["GET"]}}],"collection":[{"href":"https:\/\/blogit.utu.fi\/tulos\/index.php?rest_route=\/wp\/v2\/pages"}],"about":[{"href":"https:\/\/blogit.utu.fi\/tulos\/index.php?rest_route=\/wp\/v2\/types\/page"}],"author":[{"embeddable":true,"href":"https:\/\/blogit.utu.fi\/tulos\/index.php?rest_route=\/wp\/v2\/users\/2770"}],"replies":[{"embeddable":true,"href":"https:\/\/blogit.utu.fi\/tulos\/index.php?rest_route=%2Fwp%2Fv2%2Fcomments&post=366"}],"version-history":[{"count":22,"href":"https:\/\/blogit.utu.fi\/tulos\/index.php?rest_route=\/wp\/v2\/pages\/366\/revisions"}],"predecessor-version":[{"id":1422,"href":"https:\/\/blogit.utu.fi\/tulos\/index.php?rest_route=\/wp\/v2\/pages\/366\/revisions\/1422"}],"wp:featuredmedia":[{"embeddable":true,"href":"https:\/\/blogit.utu.fi\/tulos\/index.php?rest_route=\/wp\/v2\/media\/1239"}],"wp:attachment":[{"href":"https:\/\/blogit.utu.fi\/tulos\/index.php?rest_route=%2Fwp%2Fv2%2Fmedia&parent=366"}],"curies":[{"name":"wp","href":"https:\/\/api.w.org\/{rel}","templated":true}]}}