{"id":372,"date":"2017-02-23T13:04:28","date_gmt":"2017-02-23T13:04:28","guid":{"rendered":"https:\/\/blogit.utu.fi\/tulos\/?page_id=372"},"modified":"2017-04-23T23:25:46","modified_gmt":"2017-04-23T20:25:46","slug":"tulevaisuuskuvat","status":"publish","type":"page","link":"https:\/\/blogit.utu.fi\/tulos\/?page_id=372","title":{"rendered":"TULEVAISUUSKUVAT"},"content":{"rendered":"<p><img loading=\"lazy\" decoding=\"async\" class=\"alignnone wp-image-1305\" src=\"https:\/\/blogit.utu.fi\/tulos\/wp-content\/uploads\/sites\/96\/2017\/02\/tulevaisuuskuvat-e1492959087442.png\" alt=\"\" width=\"700\" height=\"398\" \/><\/p>\n<p><span style=\"color: #000000\">Tulevaisuuskuvalla tarkoitetaan t\u00e4ss\u00e4 yksil\u00f6n k\u00e4sityst\u00e4, mielikuvaa tai n\u00e4kemyst\u00e4 tulevaisuudesta. Se on henkil\u00f6kohtainen ja siihen vaikuttaa kunkin menneisyys ja nykyisyys. Se muodostuu kokemuksista ja kasvuymp\u00e4rist\u00f6st\u00e4, uskomuksista, toiveista ja kaikista niist\u00e4 asioista, joita mieli hy\u00f6dynt\u00e4\u00e4 tulevaisuutta analysoidessa.<\/span><\/p>\n<p><span style=\"color: #000000\">Tulevaisuuskuvat ohjaavat meid\u00e4n valintojamme ja toimintaamme sek\u00e4 tietoisesti ett\u00e4 tiedostamattamme. Niiden avulla voidaan hahmotella, millaiset tulevaisuudet ovat mahdollisia ja n\u00e4in ne my\u00f6s toimivat ajattelun ja suunnittelun ty\u00f6v\u00e4lineen\u00e4 ja tarjoavat lis\u00e4\u00e4 ymm\u00e4rryst\u00e4 vaihtoehtoisista tulevaisuudentiloista ja niihin linkittyvist\u00e4 kehityspoluista. Tulevaisuuskuvien j\u00e4sent\u00e4minen on hy\u00f6dyllist\u00e4 etenkin silloin kun verrataan nykytilaa toivottavaan tulevaisuuteen.\u00a0 Silloin on my\u00f6s mahdollista tunnistaa kehitt\u00e4missuunta ja tarvittavia toimenpiteit\u00e4, sek\u00e4 tunnistaa mit\u00e4 mahdollisuuksia ja haasteita toivottavan tulevaisuuden toteutumiseen liittyy.<\/span><\/p>\n<p><span style=\"color: #000000\">Esimerkiksi vuosina 2013\u20132014 toteutetussa hankkeessa Nuorten tulevaisuuskuvat maaseudun kehitt\u00e4misty\u00f6n l\u00e4ht\u00f6kohtana -hankkeessa tunnistettiin lukematon m\u00e4\u00e4r\u00e4 erilaisia tulevaisuuskuvia. Voit tutustua niihin hankkeen <span style=\"color: #0000ff\"><a style=\"color: #0000ff\" href=\"http:\/\/www.utu.fi\/fi\/yksikot\/ffrc\/julkaisut\/tutu-julkaisut\/Documents\/Tutu_2-2014.pdf\" target=\"_blank\" rel=\"noopener noreferrer\">raportin <\/a><\/span>kautta.<\/span><\/p>\n<p><a href=\"https:\/\/blogit.utu.fi\/tulos\/?page_id=366\"><img loading=\"lazy\" decoding=\"async\" class=\"alignnone wp-image-1344 size-medium\" src=\"https:\/\/blogit.utu.fi\/tulos\/wp-content\/uploads\/sites\/96\/2017\/02\/vastaa_kyselyyn-300x86.png\" alt=\"\" width=\"300\" height=\"86\" srcset=\"https:\/\/blogit.utu.fi\/tulos\/wp-content\/uploads\/sites\/96\/2017\/02\/vastaa_kyselyyn-300x86.png 300w, https:\/\/blogit.utu.fi\/tulos\/wp-content\/uploads\/sites\/96\/2017\/02\/vastaa_kyselyyn.png 417w\" sizes=\"auto, (max-width: 300px) 100vw, 300px\" \/><\/a><\/p>\n","protected":false},"excerpt":{"rendered":"<p>Tulevaisuuskuvalla tarkoitetaan t\u00e4ss\u00e4 yksil\u00f6n k\u00e4sityst\u00e4, mielikuvaa tai n\u00e4kemyst\u00e4 tulevaisuudesta. Se on henkil\u00f6kohtainen ja siihen vaikuttaa kunkin menneisyys ja nykyisyys. Se muodostuu kokemuksista ja kasvuymp\u00e4rist\u00f6st\u00e4, uskomuksista, toiveista ja kaikista niist\u00e4 asioista, joita mieli hy\u00f6dynt\u00e4\u00e4 tulevaisuutta analysoidessa. Tulevaisuuskuvat ohjaavat meid\u00e4n valintojamme ja toimintaamme sek\u00e4 tietoisesti ett\u00e4 tiedostamattamme. Niiden avulla voidaan hahmotella, millaiset tulevaisuudet ovat mahdollisia ja n\u00e4in [&hellip;]<\/p>\n","protected":false},"author":2770,"featured_media":1245,"parent":0,"menu_order":0,"comment_status":"closed","ping_status":"closed","template":"","meta":{"footnotes":""},"class_list":["post-372","page","type-page","status-publish","has-post-thumbnail","czr-hentry"],"_links":{"self":[{"href":"https:\/\/blogit.utu.fi\/tulos\/index.php?rest_route=\/wp\/v2\/pages\/372","targetHints":{"allow":["GET"]}}],"collection":[{"href":"https:\/\/blogit.utu.fi\/tulos\/index.php?rest_route=\/wp\/v2\/pages"}],"about":[{"href":"https:\/\/blogit.utu.fi\/tulos\/index.php?rest_route=\/wp\/v2\/types\/page"}],"author":[{"embeddable":true,"href":"https:\/\/blogit.utu.fi\/tulos\/index.php?rest_route=\/wp\/v2\/users\/2770"}],"replies":[{"embeddable":true,"href":"https:\/\/blogit.utu.fi\/tulos\/index.php?rest_route=%2Fwp%2Fv2%2Fcomments&post=372"}],"version-history":[{"count":16,"href":"https:\/\/blogit.utu.fi\/tulos\/index.php?rest_route=\/wp\/v2\/pages\/372\/revisions"}],"predecessor-version":[{"id":1362,"href":"https:\/\/blogit.utu.fi\/tulos\/index.php?rest_route=\/wp\/v2\/pages\/372\/revisions\/1362"}],"wp:featuredmedia":[{"embeddable":true,"href":"https:\/\/blogit.utu.fi\/tulos\/index.php?rest_route=\/wp\/v2\/media\/1245"}],"wp:attachment":[{"href":"https:\/\/blogit.utu.fi\/tulos\/index.php?rest_route=%2Fwp%2Fv2%2Fmedia&parent=372"}],"curies":[{"name":"wp","href":"https:\/\/api.w.org\/{rel}","templated":true}]}}