{"id":477,"date":"2017-02-24T10:11:41","date_gmt":"2017-02-24T10:11:41","guid":{"rendered":"https:\/\/blogit.utu.fi\/tulos\/?page_id=477"},"modified":"2017-04-23T23:23:03","modified_gmt":"2017-04-23T20:23:03","slug":"tulevaisuudentutkimuskeskus","status":"publish","type":"page","link":"https:\/\/blogit.utu.fi\/tulos\/?page_id=477","title":{"rendered":"Tulevaisuuden tutkimuskeskus"},"content":{"rendered":"<p><img loading=\"lazy\" decoding=\"async\" class=\"wp-image-498 alignleft\" src=\"https:\/\/blogit.utu.fi\/tulos\/wp-content\/uploads\/sites\/96\/2017\/02\/TuTu_logo_suomi-1-e1487933055519.png\" width=\"360\" height=\"144\" \/><\/p>\n<p>&nbsp;<\/p>\n<p>&nbsp;<\/p>\n<p style=\"text-align: left\"><strong>Tulevaisuuden tutkimuskeskus on Pohjoismaiden suurin tulevaisuudentutkimukseen ja ennakointiin erikoistunut akateeminen tutkimuslaitos. <\/strong><strong>Yli 50 asiantuntijaa ty\u00f6skentelee kolmessa eri toimipisteess\u00e4 Turussa, Helsingiss\u00e4 ja Tampereella.<\/strong><\/p>\n<p><strong>Tuotamme tulevaisuustietoa, jonka tavoitteena on antaa v\u00e4lineit\u00e4 vastuulliseen p\u00e4\u00e4t\u00f6ksentekoon ja her\u00e4tt\u00e4\u00e4 yhteiskunnallista keskustelua. Tutkimme vaihtoehtoisia tulevaisuuksia sek\u00e4 niihin sis\u00e4ltyvi\u00e4 haasteita ja mahdollisuuksia. Keskuksemme on monitieteinen akateeminen tutkimus-, koulutus- ja kehitt\u00e4misorganisaatio. Lue lis\u00e4\u00e4 Tulevaisuuden tutkimuskeskuksesta <a href=\"https:\/\/www.utu.fi\/fi\/yksikot\/ffrc\/esittely\/Sivut\/home.aspx\">t\u00e4\u00e4lt\u00e4<\/a>.<\/strong><\/p>\n<p><a href=\"https:\/\/blogit.utu.fi\/tulos\/?page_id=366\"><img loading=\"lazy\" decoding=\"async\" class=\"alignnone wp-image-1344 size-medium\" src=\"https:\/\/blogit.utu.fi\/tulos\/wp-content\/uploads\/sites\/96\/2017\/02\/vastaa_kyselyyn-300x86.png\" alt=\"\" width=\"300\" height=\"86\" srcset=\"https:\/\/blogit.utu.fi\/tulos\/wp-content\/uploads\/sites\/96\/2017\/02\/vastaa_kyselyyn-300x86.png 300w, https:\/\/blogit.utu.fi\/tulos\/wp-content\/uploads\/sites\/96\/2017\/02\/vastaa_kyselyyn.png 417w\" sizes=\"auto, (max-width: 300px) 100vw, 300px\" \/><\/a><\/p>\n","protected":false},"excerpt":{"rendered":"<p>&nbsp; &nbsp; Tulevaisuuden tutkimuskeskus on Pohjoismaiden suurin tulevaisuudentutkimukseen ja ennakointiin erikoistunut akateeminen tutkimuslaitos. Yli 50 asiantuntijaa ty\u00f6skentelee kolmessa eri toimipisteess\u00e4 Turussa, Helsingiss\u00e4 ja Tampereella. Tuotamme tulevaisuustietoa, jonka tavoitteena on antaa v\u00e4lineit\u00e4 vastuulliseen p\u00e4\u00e4t\u00f6ksentekoon ja her\u00e4tt\u00e4\u00e4 yhteiskunnallista keskustelua. Tutkimme vaihtoehtoisia tulevaisuuksia sek\u00e4 niihin sis\u00e4ltyvi\u00e4 haasteita ja mahdollisuuksia. Keskuksemme on monitieteinen akateeminen tutkimus-, koulutus- ja kehitt\u00e4misorganisaatio. Lue [&hellip;]<\/p>\n","protected":false},"author":2770,"featured_media":489,"parent":0,"menu_order":0,"comment_status":"closed","ping_status":"closed","template":"","meta":{"footnotes":""},"class_list":["post-477","page","type-page","status-publish","has-post-thumbnail","czr-hentry"],"_links":{"self":[{"href":"https:\/\/blogit.utu.fi\/tulos\/index.php?rest_route=\/wp\/v2\/pages\/477","targetHints":{"allow":["GET"]}}],"collection":[{"href":"https:\/\/blogit.utu.fi\/tulos\/index.php?rest_route=\/wp\/v2\/pages"}],"about":[{"href":"https:\/\/blogit.utu.fi\/tulos\/index.php?rest_route=\/wp\/v2\/types\/page"}],"author":[{"embeddable":true,"href":"https:\/\/blogit.utu.fi\/tulos\/index.php?rest_route=\/wp\/v2\/users\/2770"}],"replies":[{"embeddable":true,"href":"https:\/\/blogit.utu.fi\/tulos\/index.php?rest_route=%2Fwp%2Fv2%2Fcomments&post=477"}],"version-history":[{"count":10,"href":"https:\/\/blogit.utu.fi\/tulos\/index.php?rest_route=\/wp\/v2\/pages\/477\/revisions"}],"predecessor-version":[{"id":1356,"href":"https:\/\/blogit.utu.fi\/tulos\/index.php?rest_route=\/wp\/v2\/pages\/477\/revisions\/1356"}],"wp:featuredmedia":[{"embeddable":true,"href":"https:\/\/blogit.utu.fi\/tulos\/index.php?rest_route=\/wp\/v2\/media\/489"}],"wp:attachment":[{"href":"https:\/\/blogit.utu.fi\/tulos\/index.php?rest_route=%2Fwp%2Fv2%2Fmedia&parent=477"}],"curies":[{"name":"wp","href":"https:\/\/api.w.org\/{rel}","templated":true}]}}