{"id":1854,"date":"2021-03-27T13:18:49","date_gmt":"2021-03-27T13:18:49","guid":{"rendered":"https:\/\/blogit.utu.fi\/turaus\/?page_id=1854"},"modified":"2026-01-02T13:21:29","modified_gmt":"2026-01-02T13:21:29","slug":"uudelle-opiskelijalle","status":"publish","type":"page","link":"https:\/\/blogit.utu.fi\/turaus\/uudelle-opiskelijalle\/","title":{"rendered":"Uudelle auskultantille"},"content":{"rendered":"\n<p>Hei uusi ausku ja onnittelut opintoihin p\u00e4\u00e4syst\u00e4! <\/p>\n\n\n\n<p>Pedagogiset opinnot ovat opiskelijan parasta aikaa, joten muista ottaa siit\u00e4 rohkeasti kaikki irti! Vuosi tulee my\u00f6s olemaan kiireinen ja siihen on hyv\u00e4 varautua. \u00c4l\u00e4 kuitenkaan huoli: vuoden aikana teit\u00e4 on tukemassa henkil\u00f6kunta, auskukollegat, TurAuksen hallitus ja vuoden alussa tuutorit. <\/p>\n\n\n\n<p>Kannattaa k\u00e4yd\u00e4 my\u00f6s seuraamassa TurAusta jo <a rel=\"noreferrer noopener\" href=\"https:\/\/www.facebook.com\/turaus.ry\" target=\"_blank\">Facebookissa<\/a> ja <a rel=\"noreferrer noopener\" href=\"https:\/\/www.instagram.com\/turausry\/\" target=\"_blank\">Instagramissa<\/a>. <\/p>\n\n\n\n<p>Ennen opintojen alkua syksyll\u00e4 saatte infokirjeen opinnoista ja TurAuksen toiminnasta sek\u00e4 tuutorikirjeen.<\/p>\n\n\n\n<p>Tervetuloa pedagogisiin opintoihin! Pedagogisia on kuvattu parhaimmaksi, mutta my\u00f6s rankimmaksi opintovuodeksi. Vauhtiin tottuu ja on t\u00e4rke\u00e4\u00e4 my\u00f6s nauttia vuodesta!<\/p>\n\n\n<div class=\"wp-block-image\">\n<figure class=\"aligncenter size-large is-resized\"><img loading=\"lazy\" decoding=\"async\" width=\"749\" height=\"327\" src=\"https:\/\/blogit.utu.fi\/turaus\/wp-content\/uploads\/sites\/100\/2021\/07\/haalarikuva1.jpg\" alt=\"\" class=\"wp-image-2439\" style=\"width:490px;height:214px\" srcset=\"https:\/\/blogit.utu.fi\/turaus\/wp-content\/uploads\/sites\/100\/2021\/07\/haalarikuva1.jpg 749w, https:\/\/blogit.utu.fi\/turaus\/wp-content\/uploads\/sites\/100\/2021\/07\/haalarikuva1-300x131.jpg 300w\" sizes=\"auto, (max-width: 749px) 100vw, 749px\" \/><\/figure><\/div>\n\n\n<p><\/p>\n","protected":false},"excerpt":{"rendered":"<p>Hei uusi ausku ja onnittelut opintoihin p\u00e4\u00e4syst\u00e4! Pedagogiset opinnot ovat opiskelijan parasta aikaa, joten muista ottaa siit\u00e4 rohkeasti kaikki irti! Vuosi tulee my\u00f6s olemaan kiireinen&hellip; <a href=\"https:\/\/blogit.utu.fi\/turaus\/uudelle-opiskelijalle\/\" class=\"more-link\">Continue reading <span class=\"screen-reader-text\">Uudelle auskultantille<\/span><\/a><\/p>\n","protected":false},"author":15800,"featured_media":0,"parent":0,"menu_order":0,"comment_status":"closed","ping_status":"closed","template":"","meta":{"footnotes":""},"class_list":["post-1854","page","type-page","status-publish","hentry"],"featured_image_urls_v2":{"full":"","thumbnail":"","medium":"","medium_large":"","large":"","1536x1536":"","2048x2048":""},"post_excerpt_stackable_v2":"<p>Hei uusi ausku ja onnittelut opintoihin p\u00e4\u00e4syst\u00e4! Pedagogiset opinnot ovat opiskelijan parasta aikaa, joten muista ottaa siit\u00e4 rohkeasti kaikki irti! Vuosi tulee my\u00f6s olemaan kiireinen ja siihen on hyv\u00e4 varautua. \u00c4l\u00e4 kuitenkaan huoli: vuoden aikana teit\u00e4 on tukemassa henkil\u00f6kunta, auskukollegat, TurAuksen hallitus ja vuoden alussa tuutorit. Kannattaa k\u00e4yd\u00e4 my\u00f6s seuraamassa TurAusta jo Facebookissa ja Instagramissa. Ennen opintojen alkua syksyll\u00e4 saatte infokirjeen opinnoista ja TurAuksen toiminnasta sek\u00e4 tuutorikirjeen. Tervetuloa pedagogisiin opintoihin! Pedagogisia on kuvattu parhaimmaksi, mutta my\u00f6s rankimmaksi opintovuodeksi. Vauhtiin tottuu ja on t\u00e4rke\u00e4\u00e4 my\u00f6s nauttia vuodesta!<\/p>\n","category_list_v2":"","author_info_v2":{"name":"ekkesa","url":"https:\/\/blogit.utu.fi\/turaus\/author\/ekkesa\/"},"comments_num_v2":"0 comments","_links":{"self":[{"href":"https:\/\/blogit.utu.fi\/turaus\/wp-json\/wp\/v2\/pages\/1854","targetHints":{"allow":["GET"]}}],"collection":[{"href":"https:\/\/blogit.utu.fi\/turaus\/wp-json\/wp\/v2\/pages"}],"about":[{"href":"https:\/\/blogit.utu.fi\/turaus\/wp-json\/wp\/v2\/types\/page"}],"author":[{"embeddable":true,"href":"https:\/\/blogit.utu.fi\/turaus\/wp-json\/wp\/v2\/users\/15800"}],"replies":[{"embeddable":true,"href":"https:\/\/blogit.utu.fi\/turaus\/wp-json\/wp\/v2\/comments?post=1854"}],"version-history":[{"count":17,"href":"https:\/\/blogit.utu.fi\/turaus\/wp-json\/wp\/v2\/pages\/1854\/revisions"}],"predecessor-version":[{"id":2797,"href":"https:\/\/blogit.utu.fi\/turaus\/wp-json\/wp\/v2\/pages\/1854\/revisions\/2797"}],"wp:attachment":[{"href":"https:\/\/blogit.utu.fi\/turaus\/wp-json\/wp\/v2\/media?parent=1854"}],"curies":[{"name":"wp","href":"https:\/\/api.w.org\/{rel}","templated":true}]}}