{"id":1992,"date":"2021-03-27T13:19:02","date_gmt":"2021-03-27T13:19:02","guid":{"rendered":"https:\/\/blogit.utu.fi\/turaus\/?page_id=1992"},"modified":"2026-01-02T13:45:03","modified_gmt":"2026-01-02T13:45:03","slug":"jasenelle","status":"publish","type":"page","link":"https:\/\/blogit.utu.fi\/turaus\/jasenelle\/","title":{"rendered":"J\u00e4senelle"},"content":{"rendered":"\n<p>Turun Auskultantit ry:n j\u00e4senmaksu on 8 \u20ac ja kattaa 5 vuoden j\u00e4senyyden. TurAukseen voivat liitty\u00e4 kaikki opettajan pedagogisista opinnoista kiinnostuneet. TurAus tarjoaa j\u00e4senilleen monenlaisia etuja.<\/p>\n\n\n\n<p><strong>Koulutukset<\/strong><\/p>\n\n\n\n<p>TurAus j\u00e4rjest\u00e4\u00e4 yhteisty\u00f6ss\u00e4 Opexin ja SOOLin Turun aluetoimijan kanssa iltakouluja vaihtuvista ajankohtaisista ja opettajankoulutukselle t\u00e4rkeist\u00e4 aiheista. N\u00e4ist\u00e4 koulutuksista pedagogista vuottaan tekev\u00e4t auskut hy\u00f6tyv\u00e4t saamalla iltakouluihin osallistumalla perinteisesti kouluharjoittelua tai asiantuntijaluentoja, n\u00e4in edist\u00e4en harjoittelujakson sis\u00e4lt\u00f6j\u00e4 opinnoissa. <\/p>\n\n\n\n<p>Pedagogisten opintojen alkaessa kannattaa mietti\u00e4 my\u00f6s SOOLiin liittymist\u00e4. Pedagogisten vuonna my\u00f6s SOOLin j\u00e4rjest\u00e4mist\u00e4 webinaareista saattaa my\u00f6s saada kouluharjoittelua tai asiantuntijaluentoja (asiasta keskusteltava erikseen Norssin koordinaattoreiden kanssa). Liitty\u00e4ksesi SOOLin j\u00e4seneksi sinun tulee olla TurAuksen j\u00e4sen.<\/p>\n\n\n\n<p><strong>Tapahtumat ja kahvitukset<\/strong><\/p>\n\n\n\n<p>TurAus j\u00e4rjest\u00e4\u00e4 monenlaisia tapahtumia ja kahvituksia j\u00e4senist\u00f6lleen. TurAus esimerkiksi tarjoaa harkkahuoneella kahvia, teet\u00e4 ja ajoittain kahvitusten yhteydess\u00e4 my\u00f6s muuta herkkua.<\/p>\n\n\n\n<p>Perinteisi\u00e4 TurAuksen ja auskuvuoteen kuuluvia tapahtumia ovat mm.<\/p>\n\n\n\n<ul class=\"wp-block-list\">\n<li>Auskujen rastikierros tmv. syksyn avaustapahtuma<\/li>\n\n\n\n<li>Pikkujoulut<\/li>\n\n\n\n<li>Educa-messujen kuljetus<\/li>\n\n\n\n<li>SOOLin talvip\u00e4iv\u00e4t<\/li>\n\n\n\n<li>Pedagogisten p\u00e4\u00e4tt\u00e4j\u00e4iset <\/li>\n\n\n\n<li>TurAus j\u00e4rjest\u00e4\u00e4 my\u00f6s peli-iltoja, viini-iltoja, liikuntatapahtumia, hauskoja ty\u00f6pajoja, jne.<\/li>\n<\/ul>\n\n\n\n<p><strong>Edunvalvonta<\/strong> <\/p>\n\n\n\n<p>TurAus on ennen kaikkea edunvalvonnallinen j\u00e4rjest\u00f6. N\u00e4kyvin edunvalvonnan muoto on TurAuksen osallistuminen pedagogisten opintojen suunnitteluun yhdess\u00e4 Norssin ja yliopiston kanssa, sek\u00e4 opetusharjoittelijoiden oikeuksien valvominen esimerkiksi auskujen huolten sek\u00e4 ep\u00e4kohtien eteenp\u00e4in vieminen muiden tahojen tietoon. Tavoitteena on, ett\u00e4 harjoittelijoiden kokemukset ja palaute kehitt\u00e4v\u00e4t auskujen opetusharjoitteluja entist\u00e4 sujuvimmiksi. TurAuksen hallitus edustaa opiskelijoiden \u00e4\u00e4nt\u00e4 useissa OKL:n ty\u00f6ryhmiss\u00e4 ja kokouksissa.<\/p>\n\n\n\n<div class=\"wp-block-buttons is-layout-flex wp-block-buttons-is-layout-flex\">\n<div class=\"wp-block-button is-style-outline is-style-outline--1\"><a class=\"wp-block-button__link has-vivid-red-color has-text-color no-border-radius wp-element-button\" href=\"https:\/\/kide.app\/memberships\/592ae536-1844-44d4-a43d-09778b6aacad\">Liity j\u00e4seneksi<\/a><\/div>\n<\/div>\n\n\n<div class=\"wp-block-image\">\n<figure class=\"aligncenter size-large is-resized\"><img loading=\"lazy\" decoding=\"async\" width=\"1024\" height=\"569\" src=\"https:\/\/blogit.utu.fi\/turaus\/wp-content\/uploads\/sites\/100\/2021\/06\/194538971_976697169810070_2869075571998676796_n-1024x569.jpg\" alt=\"\" class=\"wp-image-2370\" style=\"width:183px;height:101px\" srcset=\"https:\/\/blogit.utu.fi\/turaus\/wp-content\/uploads\/sites\/100\/2021\/06\/194538971_976697169810070_2869075571998676796_n-1024x569.jpg 1024w, https:\/\/blogit.utu.fi\/turaus\/wp-content\/uploads\/sites\/100\/2021\/06\/194538971_976697169810070_2869075571998676796_n-300x167.jpg 300w, https:\/\/blogit.utu.fi\/turaus\/wp-content\/uploads\/sites\/100\/2021\/06\/194538971_976697169810070_2869075571998676796_n-768x426.jpg 768w, https:\/\/blogit.utu.fi\/turaus\/wp-content\/uploads\/sites\/100\/2021\/06\/194538971_976697169810070_2869075571998676796_n-1536x853.jpg 1536w, https:\/\/blogit.utu.fi\/turaus\/wp-content\/uploads\/sites\/100\/2021\/06\/194538971_976697169810070_2869075571998676796_n.jpg 2048w\" sizes=\"auto, (max-width: 1024px) 100vw, 1024px\" \/><\/figure><\/div>","protected":false},"excerpt":{"rendered":"<p>Turun Auskultantit ry:n j\u00e4senmaksu on 8 \u20ac ja kattaa 5 vuoden j\u00e4senyyden. TurAukseen voivat liitty\u00e4 kaikki opettajan pedagogisista opinnoista kiinnostuneet. TurAus tarjoaa j\u00e4senilleen monenlaisia etuja.&hellip; <a href=\"https:\/\/blogit.utu.fi\/turaus\/jasenelle\/\" class=\"more-link\">Continue reading <span class=\"screen-reader-text\">J\u00e4senelle<\/span><\/a><\/p>\n","protected":false},"author":15800,"featured_media":0,"parent":0,"menu_order":0,"comment_status":"closed","ping_status":"closed","template":"","meta":{"footnotes":""},"class_list":["post-1992","page","type-page","status-publish","hentry"],"featured_image_urls_v2":{"full":"","thumbnail":"","medium":"","medium_large":"","large":"","1536x1536":"","2048x2048":""},"post_excerpt_stackable_v2":"<p>Turun Auskultantit ry:n j\u00e4senmaksu on 8 \u20ac ja kattaa 5 vuoden j\u00e4senyyden. TurAukseen voivat liitty\u00e4 kaikki opettajan pedagogisista opinnoista kiinnostuneet. TurAus tarjoaa j\u00e4senilleen monenlaisia etuja. Koulutukset TurAus j\u00e4rjest\u00e4\u00e4 yhteisty\u00f6ss\u00e4 Opexin ja SOOLin Turun aluetoimijan kanssa iltakouluja vaihtuvista ajankohtaisista ja opettajankoulutukselle t\u00e4rkeist\u00e4 aiheista. N\u00e4ist\u00e4 koulutuksista pedagogista vuottaan tekev\u00e4t auskut hy\u00f6tyv\u00e4t saamalla iltakouluihin osallistumalla perinteisesti kouluharjoittelua tai asiantuntijaluentoja, n\u00e4in edist\u00e4en harjoittelujakson sis\u00e4lt\u00f6j\u00e4 opinnoissa. Pedagogisten opintojen alkaessa kannattaa mietti\u00e4 my\u00f6s SOOLiin liittymist\u00e4. Pedagogisten vuonna my\u00f6s SOOLin j\u00e4rjest\u00e4mist\u00e4 webinaareista saattaa my\u00f6s saada kouluharjoittelua tai asiantuntijaluentoja (asiasta keskusteltava erikseen Norssin koordinaattoreiden kanssa). Liitty\u00e4ksesi SOOLin j\u00e4seneksi sinun tulee olla TurAuksen j\u00e4sen. Tapahtumat ja kahvitukset TurAus j\u00e4rjest\u00e4\u00e4&hellip;<\/p>\n","category_list_v2":"","author_info_v2":{"name":"ekkesa","url":"https:\/\/blogit.utu.fi\/turaus\/author\/ekkesa\/"},"comments_num_v2":"0 comments","_links":{"self":[{"href":"https:\/\/blogit.utu.fi\/turaus\/wp-json\/wp\/v2\/pages\/1992","targetHints":{"allow":["GET"]}}],"collection":[{"href":"https:\/\/blogit.utu.fi\/turaus\/wp-json\/wp\/v2\/pages"}],"about":[{"href":"https:\/\/blogit.utu.fi\/turaus\/wp-json\/wp\/v2\/types\/page"}],"author":[{"embeddable":true,"href":"https:\/\/blogit.utu.fi\/turaus\/wp-json\/wp\/v2\/users\/15800"}],"replies":[{"embeddable":true,"href":"https:\/\/blogit.utu.fi\/turaus\/wp-json\/wp\/v2\/comments?post=1992"}],"version-history":[{"count":12,"href":"https:\/\/blogit.utu.fi\/turaus\/wp-json\/wp\/v2\/pages\/1992\/revisions"}],"predecessor-version":[{"id":2801,"href":"https:\/\/blogit.utu.fi\/turaus\/wp-json\/wp\/v2\/pages\/1992\/revisions\/2801"}],"wp:attachment":[{"href":"https:\/\/blogit.utu.fi\/turaus\/wp-json\/wp\/v2\/media?parent=1992"}],"curies":[{"name":"wp","href":"https:\/\/api.w.org\/{rel}","templated":true}]}}