{"id":2061,"date":"2021-04-08T17:00:31","date_gmt":"2021-04-08T17:00:31","guid":{"rendered":"https:\/\/blogit.utu.fi\/turaus\/?page_id=2061"},"modified":"2026-01-02T12:46:01","modified_gmt":"2026-01-02T12:46:01","slug":"alumniksi","status":"publish","type":"page","link":"https:\/\/blogit.utu.fi\/turaus\/jasenelle\/alumniksi\/","title":{"rendered":"Alumniksi"},"content":{"rendered":"\n<p>Oletko opiskellut opettajan pedagogiset opinnot Turussa? Voit siis liitty\u00e4 alumniksemme! <\/p>\n\n\n\n<p>Alumninamme saat ajoittain tietoa kuulumisistamme sek\u00e4 kutsuja erilaisiin tapahtumiin, kuten vuosijuhlillemme. Alumnitoiminta on j\u00e4rjest\u00f6ll\u00e4mme viel\u00e4 hyvin tuoretta, joten toiminta on viel\u00e4 muotoutumassa, mutta tulee ehdottomasti kehittym\u00e4\u00e4n viel\u00e4 vuosien aikana. <\/p>\n\n\n\n<p>Alla olevan lomakkeen avulla voit liitty\u00e4 mukaan alumnitoimintaamme:<\/p>\n\n\n\n<div style=\"height:46px\" aria-hidden=\"true\" class=\"wp-block-spacer\"><\/div>\n\n\n\n<h3 class=\"wp-block-heading\"><strong>Liity alumniksi<\/strong><\/h3>\n\n\n\n<div class=\"wp-block-contact-form-7-contact-form-selector\">\n<div class=\"wpcf7 no-js\" id=\"wpcf7-f2454-o1\" lang=\"fi\" dir=\"ltr\" data-wpcf7-id=\"2454\">\n<div class=\"screen-reader-response\"><p role=\"status\" aria-live=\"polite\" aria-atomic=\"true\"><\/p> <ul><\/ul><\/div>\n<form action=\"\/turaus\/wp-json\/wp\/v2\/pages\/2061#wpcf7-f2454-o1\" method=\"post\" class=\"wpcf7-form init\" aria-label=\"Yhteydenottolomake\" novalidate=\"novalidate\" data-status=\"init\">\n<fieldset class=\"hidden-fields-container\"><input type=\"hidden\" name=\"_wpcf7\" value=\"2454\" \/><input type=\"hidden\" name=\"_wpcf7_version\" value=\"6.1.5\" \/><input type=\"hidden\" name=\"_wpcf7_locale\" value=\"fi\" \/><input type=\"hidden\" name=\"_wpcf7_unit_tag\" value=\"wpcf7-f2454-o1\" \/><input type=\"hidden\" name=\"_wpcf7_container_post\" value=\"0\" \/><input type=\"hidden\" name=\"_wpcf7_posted_data_hash\" value=\"\" \/>\n<\/fieldset>\n<p><label> Koko nimi<br \/>\n<span class=\"wpcf7-form-control-wrap\" data-name=\"your-name\"><input size=\"40\" maxlength=\"400\" class=\"wpcf7-form-control wpcf7-text wpcf7-validates-as-required\" aria-required=\"true\" aria-invalid=\"false\" value=\"\" type=\"text\" name=\"your-name\" \/><\/span> <\/label>\n<\/p>\n<p><label> Kotikunta<br \/>\n<span class=\"wpcf7-form-control-wrap\" data-name=\"kotikunta\"><input size=\"40\" maxlength=\"400\" class=\"wpcf7-form-control wpcf7-text wpcf7-validates-as-required\" aria-required=\"true\" aria-invalid=\"false\" value=\"\" type=\"text\" name=\"kotikunta\" \/><\/span> <\/label>\n<\/p>\n<p><label> S\u00e4hk\u00f6posti<br \/>\n<span class=\"wpcf7-form-control-wrap\" data-name=\"your-email\"><input size=\"40\" maxlength=\"400\" class=\"wpcf7-form-control wpcf7-email wpcf7-validates-as-required wpcf7-text wpcf7-validates-as-email\" aria-required=\"true\" aria-invalid=\"false\" value=\"\" type=\"email\" name=\"your-email\" \/><\/span> <\/label>\n<\/p>\n<p><label> Valmistusmisvuosi<br \/>\n<span class=\"wpcf7-form-control-wrap\" data-name=\"valmistusmisvuosi\"><input size=\"40\" maxlength=\"400\" class=\"wpcf7-form-control wpcf7-text wpcf7-validates-as-required\" aria-required=\"true\" aria-invalid=\"false\" value=\"\" type=\"text\" name=\"valmistusmisvuosi\" \/><\/span> <\/label>\n<\/p>\n<p><label> Opetettavat aineet <\/label><br \/>\n<span class=\"wpcf7-form-control-wrap\" data-name=\"Opetettavataineet\"><span class=\"wpcf7-form-control wpcf7-checkbox wpcf7-validates-as-required\"><span class=\"wpcf7-list-item first\"><label><input type=\"checkbox\" name=\"Opetettavataineet[]\" value=\"\u00e4idinkieli ja kirjallisuus, s2\" \/><span class=\"wpcf7-list-item-label\">\u00e4idinkieli ja kirjallisuus, s2<\/span><\/label><\/span><span class=\"wpcf7-list-item\"><label><input type=\"checkbox\" name=\"Opetettavataineet[]\" value=\"ruotsi\" \/><span class=\"wpcf7-list-item-label\">ruotsi<\/span><\/label><\/span><span class=\"wpcf7-list-item\"><label><input type=\"checkbox\" name=\"Opetettavataineet[]\" value=\"englanti\" \/><span class=\"wpcf7-list-item-label\">englanti<\/span><\/label><\/span><span class=\"wpcf7-list-item\"><label><input type=\"checkbox\" name=\"Opetettavataineet[]\" value=\"saksa\" \/><span class=\"wpcf7-list-item-label\">saksa<\/span><\/label><\/span><span class=\"wpcf7-list-item\"><label><input type=\"checkbox\" name=\"Opetettavataineet[]\" value=\"ranska\" \/><span class=\"wpcf7-list-item-label\">ranska<\/span><\/label><\/span><span class=\"wpcf7-list-item\"><label><input type=\"checkbox\" name=\"Opetettavataineet[]\" value=\"espanja\" \/><span class=\"wpcf7-list-item-label\">espanja<\/span><\/label><\/span><span class=\"wpcf7-list-item\"><label><input type=\"checkbox\" name=\"Opetettavataineet[]\" value=\"italia\" \/><span class=\"wpcf7-list-item-label\">italia<\/span><\/label><\/span><span class=\"wpcf7-list-item\"><label><input type=\"checkbox\" name=\"Opetettavataineet[]\" value=\"ven\u00e4j\u00e4\" \/><span class=\"wpcf7-list-item-label\">ven\u00e4j\u00e4<\/span><\/label><\/span><span class=\"wpcf7-list-item\"><label><input type=\"checkbox\" name=\"Opetettavataineet[]\" value=\"muu kieliaine\" \/><span class=\"wpcf7-list-item-label\">muu kieliaine<\/span><\/label><\/span><span class=\"wpcf7-list-item\"><label><input type=\"checkbox\" name=\"Opetettavataineet[]\" value=\"matematiikka\" \/><span class=\"wpcf7-list-item-label\">matematiikka<\/span><\/label><\/span><span class=\"wpcf7-list-item\"><label><input type=\"checkbox\" name=\"Opetettavataineet[]\" value=\"fysiikka\" \/><span class=\"wpcf7-list-item-label\">fysiikka<\/span><\/label><\/span><span class=\"wpcf7-list-item\"><label><input type=\"checkbox\" name=\"Opetettavataineet[]\" value=\"kemia\" \/><span class=\"wpcf7-list-item-label\">kemia<\/span><\/label><\/span><span class=\"wpcf7-list-item\"><label><input type=\"checkbox\" name=\"Opetettavataineet[]\" value=\"tietotekniikka\" \/><span class=\"wpcf7-list-item-label\">tietotekniikka<\/span><\/label><\/span><span class=\"wpcf7-list-item\"><label><input type=\"checkbox\" name=\"Opetettavataineet[]\" value=\"biologia\" \/><span class=\"wpcf7-list-item-label\">biologia<\/span><\/label><\/span><span class=\"wpcf7-list-item\"><label><input type=\"checkbox\" name=\"Opetettavataineet[]\" value=\"maantiede\" \/><span class=\"wpcf7-list-item-label\">maantiede<\/span><\/label><\/span><span class=\"wpcf7-list-item\"><label><input type=\"checkbox\" name=\"Opetettavataineet[]\" value=\"terveystieto\" \/><span class=\"wpcf7-list-item-label\">terveystieto<\/span><\/label><\/span><span class=\"wpcf7-list-item\"><label><input type=\"checkbox\" name=\"Opetettavataineet[]\" value=\"historia\" \/><span class=\"wpcf7-list-item-label\">historia<\/span><\/label><\/span><span class=\"wpcf7-list-item\"><label><input type=\"checkbox\" name=\"Opetettavataineet[]\" value=\"yhteiskuntaoppi\" \/><span class=\"wpcf7-list-item-label\">yhteiskuntaoppi<\/span><\/label><\/span><span class=\"wpcf7-list-item\"><label><input type=\"checkbox\" name=\"Opetettavataineet[]\" value=\"katsomusaineet\" \/><span class=\"wpcf7-list-item-label\">katsomusaineet<\/span><\/label><\/span><span class=\"wpcf7-list-item\"><label><input type=\"checkbox\" name=\"Opetettavataineet[]\" value=\"psykologia\" \/><span class=\"wpcf7-list-item-label\">psykologia<\/span><\/label><\/span><span class=\"wpcf7-list-item\"><label><input type=\"checkbox\" name=\"Opetettavataineet[]\" value=\"filosofia\" \/><span class=\"wpcf7-list-item-label\">filosofia<\/span><\/label><\/span><span class=\"wpcf7-list-item last\"><label><input type=\"checkbox\" name=\"Opetettavataineet[]\" value=\"muu opetettava aine\" \/><span class=\"wpcf7-list-item-label\">muu opetettava aine<\/span><\/label><\/span><\/span><\/span>\n<\/p>\n<p><label> Muut p\u00e4tevyydet (jos on)<br \/>\n<span class=\"wpcf7-form-control-wrap\" data-name=\"Muutptevyydet\"><input size=\"40\" maxlength=\"400\" class=\"wpcf7-form-control wpcf7-text\" aria-invalid=\"false\" value=\"\" type=\"text\" name=\"Muutptevyydet\" \/><\/span> <\/label>\n<\/p>\n<p><span class=\"wpcf7-form-control-wrap\" data-name=\"acceptance-151\"><span class=\"wpcf7-form-control wpcf7-acceptance\"><span class=\"wpcf7-list-item\"><label><input type=\"checkbox\" name=\"acceptance-151\" value=\"1\" aria-invalid=\"false\" \/><span class=\"wpcf7-list-item-label\">Tietoni saa tallentaa Turun Auskultanttien alumnirekisteriin ja s\u00e4hk\u00f6postini saa lis\u00e4t\u00e4 Turun Auskultanttien alumnien s\u00e4hk\u00f6postilistalle. Tietojani ei jaeta eteenp\u00e4in.<\/span><\/label><\/span><\/span><\/span>\n<\/p>\n<p><input class=\"wpcf7-form-control wpcf7-submit has-spinner\" type=\"submit\" value=\"L\u00e4het\u00e4\" \/>\n<\/p><div class=\"wpcf7-response-output\" aria-hidden=\"true\"><\/div>\n<\/form>\n<\/div>\n<\/div>\n\n\n\n<div style=\"height:49px\" aria-hidden=\"true\" class=\"wp-block-spacer\"><\/div>\n\n\n\n<div class=\"wp-block-buttons is-layout-flex wp-block-buttons-is-layout-flex\">\n<div class=\"wp-block-button is-style-outline is-style-outline--1\"><a class=\"wp-block-button__link has-vivid-red-color has-text-color no-border-radius\" href=\"https:\/\/www.facebook.com\/groups\/630773514188161\" target=\"_blank\" rel=\"noreferrer noopener\">Psst. Liity my\u00f6s alumniemme Facebook-ryhm\u00e4\u00e4n!<\/a><\/div>\n<\/div>\n\n\n\n<p><strong>TurAuksen rekisteriseloste<\/strong><\/p>\n\n\n\n<p><a href=\"https:\/\/docs.google.com\/document\/d\/1x3NxoBpNjhCO75i9sizf9WGMuMfv_wKw7obxsfHJmT8\/edit?usp=sharing\" data-type=\"URL\" data-id=\"https:\/\/docs.google.com\/document\/d\/1x3NxoBpNjhCO75i9sizf9WGMuMfv_wKw7obxsfHJmT8\/edit?usp=sharing\" target=\"_blank\" rel=\"noreferrer noopener\">Alumnirekisterin rekisteri- ja tietosuojaseloste<\/a><\/p>\n","protected":false},"excerpt":{"rendered":"<p>Oletko opiskellut opettajan pedagogiset opinnot Turussa? Voit siis liitty\u00e4 alumniksemme! Alumninamme saat ajoittain tietoa kuulumisistamme sek\u00e4 kutsuja erilaisiin tapahtumiin, kuten vuosijuhlillemme. Alumnitoiminta on j\u00e4rjest\u00f6ll\u00e4mme viel\u00e4&hellip; <a href=\"https:\/\/blogit.utu.fi\/turaus\/jasenelle\/alumniksi\/\" class=\"more-link\">Continue reading <span class=\"screen-reader-text\">Alumniksi<\/span><\/a><\/p>\n","protected":false},"author":15800,"featured_media":0,"parent":1992,"menu_order":2,"comment_status":"closed","ping_status":"closed","template":"","meta":{"footnotes":""},"class_list":["post-2061","page","type-page","status-publish","hentry"],"featured_image_urls_v2":{"full":"","thumbnail":"","medium":"","medium_large":"","large":"","1536x1536":"","2048x2048":""},"post_excerpt_stackable_v2":"<p>Oletko opiskellut opettajan pedagogiset opinnot Turussa? Voit siis liitty\u00e4 alumniksemme! Alumninamme saat ajoittain tietoa kuulumisistamme sek\u00e4 kutsuja erilaisiin tapahtumiin, kuten vuosijuhlillemme. Alumnitoiminta on j\u00e4rjest\u00f6ll\u00e4mme viel\u00e4 hyvin tuoretta, joten toiminta on viel\u00e4 muotoutumassa, mutta tulee ehdottomasti kehittym\u00e4\u00e4n viel\u00e4 vuosien aikana. Alla olevan lomakkeen avulla voit liitty\u00e4 mukaan alumnitoimintaamme: Liity alumniksi Koko nimi Kotikunta S\u00e4hk\u00f6posti Valmistusmisvuosi Opetettavat aineet \u00e4idinkieli ja kirjallisuus, s2ruotsienglantisaksaranskaespanjaitaliaven\u00e4j\u00e4muu kieliainematematiikkafysiikkakemiatietotekniikkabiologiamaantiedeterveystietohistoriayhteiskuntaoppikatsomusaineetpsykologiafilosofiamuu opetettava aine Muut p\u00e4tevyydet (jos on) Tietoni saa tallentaa Turun Auskultanttien alumnirekisteriin ja s\u00e4hk\u00f6postini saa lis\u00e4t\u00e4 Turun Auskultanttien alumnien s\u00e4hk\u00f6postilistalle. Tietojani ei jaeta eteenp\u00e4in. Psst. Liity my\u00f6s alumniemme Facebook-ryhm\u00e4\u00e4n! TurAuksen rekisteriseloste Alumnirekisterin rekisteri- ja tietosuojaseloste<\/p>\n","category_list_v2":"","author_info_v2":{"name":"ekkesa","url":"https:\/\/blogit.utu.fi\/turaus\/author\/ekkesa\/"},"comments_num_v2":"0 comments","_links":{"self":[{"href":"https:\/\/blogit.utu.fi\/turaus\/wp-json\/wp\/v2\/pages\/2061","targetHints":{"allow":["GET"]}}],"collection":[{"href":"https:\/\/blogit.utu.fi\/turaus\/wp-json\/wp\/v2\/pages"}],"about":[{"href":"https:\/\/blogit.utu.fi\/turaus\/wp-json\/wp\/v2\/types\/page"}],"author":[{"embeddable":true,"href":"https:\/\/blogit.utu.fi\/turaus\/wp-json\/wp\/v2\/users\/15800"}],"replies":[{"embeddable":true,"href":"https:\/\/blogit.utu.fi\/turaus\/wp-json\/wp\/v2\/comments?post=2061"}],"version-history":[{"count":7,"href":"https:\/\/blogit.utu.fi\/turaus\/wp-json\/wp\/v2\/pages\/2061\/revisions"}],"predecessor-version":[{"id":2487,"href":"https:\/\/blogit.utu.fi\/turaus\/wp-json\/wp\/v2\/pages\/2061\/revisions\/2487"}],"up":[{"embeddable":true,"href":"https:\/\/blogit.utu.fi\/turaus\/wp-json\/wp\/v2\/pages\/1992"}],"wp:attachment":[{"href":"https:\/\/blogit.utu.fi\/turaus\/wp-json\/wp\/v2\/media?parent=2061"}],"curies":[{"name":"wp","href":"https:\/\/api.w.org\/{rel}","templated":true}]}}