{"id":2064,"date":"2021-04-08T17:17:31","date_gmt":"2021-04-08T17:17:31","guid":{"rendered":"https:\/\/blogit.utu.fi\/turaus\/?page_id=2064"},"modified":"2026-01-02T12:56:06","modified_gmt":"2026-01-02T12:56:06","slug":"etusivu","status":"publish","type":"page","link":"https:\/\/blogit.utu.fi\/turaus\/","title":{"rendered":"Etusivu"},"content":{"rendered":"\n<p>Tervetuloa Turun Auskultantit ry:n nettisivuille! <\/p>\n\n\n\n<p>Turun Auskultantit ry eli TurAus on Turun yliopiston aineenopettajan pedagogisten ja aikuispedagogiikan opintojen opiskelijoiden yhteinen ainej\u00e4rjest\u00f6, joka on perustettu vuonna 1971. TurAus yhdist\u00e4\u00e4 auskuja yli tiedekunta- ja oppiainerajojen ja toimii jokaisen auskun tukena erityisesti pedagogisten vuoden aikana, mutta my\u00f6s toki vuotta ennen ja vuodet sen j\u00e4lkeenkin. <\/p>\n\n\n\n<p>TurAukseen ovat tervetulleita liittym\u00e4\u00e4n kaikki pedagogisista opinnoista kiinnostuneet ja niit\u00e4 Turun yliopistossa opiskelevat. J\u00e4senmaksu on 8 \u20ac, ja j\u00e4senyys kest\u00e4\u00e4 5 vuotta. J\u00e4seneksi voi liitty\u00e4 ja toimintaan ovat tervetulleita kaikki jo fuksivuodesta l\u00e4htien.<\/p>\n\n\n\n<p>Oletko suorittanut jo pedagogisten opinnot Turussa? Jos olet, voit siin\u00e4 tapauksessa liitty\u00e4 alumniksemme. Alumnitoimintamme on viel\u00e4 pient\u00e4, mutta kehittym\u00e4ss\u00e4 tulevaisuudessa.<\/p>\n\n\n\n<div style=\"height:33px\" aria-hidden=\"true\" class=\"wp-block-spacer\"><\/div>\n\n\n\n<div class=\"wp-block-buttons is-layout-flex wp-block-buttons-is-layout-flex\">\n<div class=\"wp-block-button is-style-outline is-style-outline--1\"><a class=\"wp-block-button__link has-vivid-red-color has-text-color no-border-radius wp-element-button\" href=\"https:\/\/kide.app\/memberships\/592ae536-1844-44d4-a43d-09778b6aacad\">Liity j\u00e4seneksi!<\/a><\/div>\n\n\n\n<div class=\"wp-block-button is-style-outline is-style-outline--2\"><a class=\"wp-block-button__link has-vivid-red-color has-text-color no-border-radius wp-element-button\" href=\"https:\/\/blogit.utu.fi\/turaus\/jasenelle\/alumniksi\/\">Liity alumniksi!<\/a><\/div>\n<\/div>\n\n\n\n<div style=\"height:40px\" aria-hidden=\"true\" class=\"wp-block-spacer\"><\/div>\n\n\n\n<p>Seuraa TurAusta somessa: <\/p>\n\n\n\n<div class=\"wp-block-columns is-layout-flex wp-container-core-columns-is-layout-9d6595d7 wp-block-columns-is-layout-flex\">\n<div class=\"wp-block-column is-layout-flow wp-block-column-is-layout-flow\">\n<figure class=\"wp-block-image size-large\"><a href=\"https:\/\/www.facebook.com\/turaus.ry\" target=\"_blank\" rel=\"noopener\"><img loading=\"lazy\" decoding=\"async\" width=\"64\" height=\"64\" src=\"https:\/\/blogit.utu.fi\/turaus\/wp-content\/uploads\/sites\/100\/2021\/04\/facebook.png\" alt=\"\" class=\"wp-image-2274\" \/><\/a><\/figure>\n<\/div>\n\n\n\n<div class=\"wp-block-column is-layout-flow wp-block-column-is-layout-flow\">\n<figure class=\"wp-block-image size-large\"><a href=\"https:\/\/www.instagram.com\/turausry\/\" target=\"_blank\" rel=\"noopener\"><img loading=\"lazy\" decoding=\"async\" width=\"64\" height=\"64\" src=\"https:\/\/blogit.utu.fi\/turaus\/wp-content\/uploads\/sites\/100\/2021\/04\/instagram.png\" alt=\"\" class=\"wp-image-2277\" \/><\/a><\/figure>\n<\/div>\n\n\n\n<div class=\"wp-block-column is-layout-flow wp-block-column-is-layout-flow\"><\/div>\n\n\n\n<div class=\"wp-block-column is-layout-flow wp-block-column-is-layout-flow\"><\/div>\n<\/div>\n\n\n\n<p><\/p>\n","protected":false},"excerpt":{"rendered":"<p>Tervetuloa Turun Auskultantit ry:n nettisivuille! Turun Auskultantit ry eli TurAus on Turun yliopiston aineenopettajan pedagogisten ja aikuispedagogiikan opintojen opiskelijoiden yhteinen ainej\u00e4rjest\u00f6, joka on perustettu vuonna&hellip; <a href=\"https:\/\/blogit.utu.fi\/turaus\/\" class=\"more-link\">Continue reading <span class=\"screen-reader-text\">Etusivu<\/span><\/a><\/p>\n","protected":false},"author":15800,"featured_media":2076,"parent":0,"menu_order":0,"comment_status":"closed","ping_status":"closed","template":"","meta":{"footnotes":""},"class_list":["post-2064","page","type-page","status-publish","has-post-thumbnail","hentry"],"featured_image_urls_v2":{"full":["https:\/\/blogit.utu.fi\/turaus\/wp-content\/uploads\/sites\/100\/2021\/04\/facebook.jpg",273,184,false],"thumbnail":["https:\/\/blogit.utu.fi\/turaus\/wp-content\/uploads\/sites\/100\/2021\/04\/facebook-150x150.jpg",150,150,true],"medium":["https:\/\/blogit.utu.fi\/turaus\/wp-content\/uploads\/sites\/100\/2021\/04\/facebook.jpg",273,184,false],"medium_large":["https:\/\/blogit.utu.fi\/turaus\/wp-content\/uploads\/sites\/100\/2021\/04\/facebook.jpg",273,184,false],"large":["https:\/\/blogit.utu.fi\/turaus\/wp-content\/uploads\/sites\/100\/2021\/04\/facebook.jpg",273,184,false],"1536x1536":["https:\/\/blogit.utu.fi\/turaus\/wp-content\/uploads\/sites\/100\/2021\/04\/facebook.jpg",273,184,false],"2048x2048":["https:\/\/blogit.utu.fi\/turaus\/wp-content\/uploads\/sites\/100\/2021\/04\/facebook.jpg",273,184,false]},"post_excerpt_stackable_v2":"<p>Tervetuloa Turun Auskultantit ry:n nettisivuille! Turun Auskultantit ry eli TurAus on Turun yliopiston aineenopettajan pedagogisten ja aikuispedagogiikan opintojen opiskelijoiden yhteinen ainej\u00e4rjest\u00f6, joka on perustettu vuonna 1971. TurAus yhdist\u00e4\u00e4 auskuja yli tiedekunta- ja oppiainerajojen ja toimii jokaisen auskun tukena erityisesti pedagogisten vuoden aikana, mutta my\u00f6s toki vuotta ennen ja vuodet sen j\u00e4lkeenkin. TurAukseen ovat tervetulleita liittym\u00e4\u00e4n kaikki pedagogisista opinnoista kiinnostuneet ja niit\u00e4 Turun yliopistossa opiskelevat. J\u00e4senmaksu on 8 \u20ac, ja j\u00e4senyys kest\u00e4\u00e4 5 vuotta. J\u00e4seneksi voi liitty\u00e4 ja toimintaan ovat tervetulleita kaikki jo fuksivuodesta l\u00e4htien. Oletko suorittanut jo pedagogisten opinnot Turussa? Jos olet, voit siin\u00e4 tapauksessa liitty\u00e4 alumniksemme. Alumnitoimintamme on viel\u00e4&hellip;<\/p>\n","category_list_v2":"","author_info_v2":{"name":"ekkesa","url":"https:\/\/blogit.utu.fi\/turaus\/author\/ekkesa\/"},"comments_num_v2":"0 comments","_links":{"self":[{"href":"https:\/\/blogit.utu.fi\/turaus\/wp-json\/wp\/v2\/pages\/2064","targetHints":{"allow":["GET"]}}],"collection":[{"href":"https:\/\/blogit.utu.fi\/turaus\/wp-json\/wp\/v2\/pages"}],"about":[{"href":"https:\/\/blogit.utu.fi\/turaus\/wp-json\/wp\/v2\/types\/page"}],"author":[{"embeddable":true,"href":"https:\/\/blogit.utu.fi\/turaus\/wp-json\/wp\/v2\/users\/15800"}],"replies":[{"embeddable":true,"href":"https:\/\/blogit.utu.fi\/turaus\/wp-json\/wp\/v2\/comments?post=2064"}],"version-history":[{"count":23,"href":"https:\/\/blogit.utu.fi\/turaus\/wp-json\/wp\/v2\/pages\/2064\/revisions"}],"predecessor-version":[{"id":2793,"href":"https:\/\/blogit.utu.fi\/turaus\/wp-json\/wp\/v2\/pages\/2064\/revisions\/2793"}],"wp:featuredmedia":[{"embeddable":true,"href":"https:\/\/blogit.utu.fi\/turaus\/wp-json\/wp\/v2\/media\/2076"}],"wp:attachment":[{"href":"https:\/\/blogit.utu.fi\/turaus\/wp-json\/wp\/v2\/media?parent=2064"}],"curies":[{"name":"wp","href":"https:\/\/api.w.org\/{rel}","templated":true}]}}