{"id":2196,"date":"2021-04-09T07:05:55","date_gmt":"2021-04-09T07:05:55","guid":{"rendered":"https:\/\/blogit.utu.fi\/turaus\/?page_id=2196"},"modified":"2026-01-02T12:07:23","modified_gmt":"2026-01-02T12:07:23","slug":"tapahtumat","status":"publish","type":"page","link":"https:\/\/blogit.utu.fi\/turaus\/jasenelle\/tapahtumat\/","title":{"rendered":"Tapahtumat"},"content":{"rendered":"\n<p>TurAus j\u00e4rjest\u00e4\u00e4 monenlaisia tapahtumia ja kahvituksia j\u00e4senist\u00f6lleen. TurAus esimerkiksi tarjoaa harkkahuoneella kahvia, teet\u00e4 ja ajoittain kahvitusten yhteydess\u00e4 my\u00f6s muuta herkkua.<\/p>\n\n\n\n<p>Perinteisi\u00e4 TurAuksen ja auskuvuoteen kuuluvia tapahtumia ovat mm.<\/p>\n\n\n\n<ul class=\"wp-block-list\">\n<li>Auskujen rastikierros tmv. syksyn avaustapahtuma<\/li>\n\n\n\n<li>Pikkujoulut<\/li>\n\n\n\n<li>Educa-messujen kuljetus<\/li>\n\n\n\n<li>SOOLin talvip\u00e4iv\u00e4t<\/li>\n\n\n\n<li>Pedagogisten p\u00e4\u00e4tt\u00e4j\u00e4iset<\/li>\n\n\n\n<li>Iltakoulut<\/li>\n\n\n\n<li>TurAus j\u00e4rjest\u00e4\u00e4 my\u00f6s peli-iltoja, viini-iltoja, liikuntatapahtumia, hauskoja ty\u00f6pajoja, jne.<\/li>\n<\/ul>\n\n\n\n<p>Ajankohtaisista tapahtumista ilmoitetaan j\u00e4senist\u00f6lle s\u00e4hk\u00f6postitse. Ajankohtaisista tapahtumista l\u00f6ytyy lis\u00e4tietoa TurAuksen Instagramista.<\/p>\n\n\n\n<div class=\"wp-block-buttons is-layout-flex wp-block-buttons-is-layout-flex\">\n<div class=\"wp-block-button is-style-outline is-style-outline--1\"><a class=\"wp-block-button__link has-vivid-red-color has-text-color no-border-radius wp-element-button\" href=\"https:\/\/www.instagram.com\/turausry\/\" target=\"_blank\" rel=\"noreferrer noopener\">Ajankohtaiset tapahtumat<\/a><\/div>\n<\/div>\n\n\n\n<p>Jos sinulla on tapahtumaideoita tai toiveita, niin ole rohkeasti vain yhteydess\u00e4 TurAuksen hallitukseen <em>turaus-hallitus[at]utu.fi<\/em> ja katsotaan, jos saisimme tapahtumatoiveesi toteutumaan. <\/p>\n","protected":false},"excerpt":{"rendered":"<p>TurAus j\u00e4rjest\u00e4\u00e4 monenlaisia tapahtumia ja kahvituksia j\u00e4senist\u00f6lleen. TurAus esimerkiksi tarjoaa harkkahuoneella kahvia, teet\u00e4 ja ajoittain kahvitusten yhteydess\u00e4 my\u00f6s muuta herkkua. Perinteisi\u00e4 TurAuksen ja auskuvuoteen kuuluvia&hellip; <a href=\"https:\/\/blogit.utu.fi\/turaus\/jasenelle\/tapahtumat\/\" class=\"more-link\">Continue reading <span class=\"screen-reader-text\">Tapahtumat<\/span><\/a><\/p>\n","protected":false},"author":15800,"featured_media":0,"parent":1992,"menu_order":3,"comment_status":"closed","ping_status":"closed","template":"","meta":{"footnotes":""},"class_list":["post-2196","page","type-page","status-publish","hentry"],"featured_image_urls_v2":{"full":"","thumbnail":"","medium":"","medium_large":"","large":"","1536x1536":"","2048x2048":""},"post_excerpt_stackable_v2":"<p>TurAus j\u00e4rjest\u00e4\u00e4 monenlaisia tapahtumia ja kahvituksia j\u00e4senist\u00f6lleen. TurAus esimerkiksi tarjoaa harkkahuoneella kahvia, teet\u00e4 ja ajoittain kahvitusten yhteydess\u00e4 my\u00f6s muuta herkkua. Perinteisi\u00e4 TurAuksen ja auskuvuoteen kuuluvia tapahtumia ovat mm. Auskujen rastikierros tmv. syksyn avaustapahtuma Pikkujoulut Educa-messujen kuljetus SOOLin talvip\u00e4iv\u00e4t Pedagogisten p\u00e4\u00e4tt\u00e4j\u00e4iset Iltakoulut TurAus j\u00e4rjest\u00e4\u00e4 my\u00f6s peli-iltoja, viini-iltoja, liikuntatapahtumia, hauskoja ty\u00f6pajoja, jne. Ajankohtaisista tapahtumista ilmoitetaan j\u00e4senist\u00f6lle s\u00e4hk\u00f6postitse. Ajankohtaisista tapahtumista l\u00f6ytyy lis\u00e4tietoa TurAuksen Instagramista. Ajankohtaiset tapahtumat Jos sinulla on tapahtumaideoita tai toiveita, niin ole rohkeasti vain yhteydess\u00e4 TurAuksen hallitukseen turaus-hallitus[at]utu.fi ja katsotaan, jos saisimme tapahtumatoiveesi toteutumaan.<\/p>\n","category_list_v2":"","author_info_v2":{"name":"ekkesa","url":"https:\/\/blogit.utu.fi\/turaus\/author\/ekkesa\/"},"comments_num_v2":"0 comments","_links":{"self":[{"href":"https:\/\/blogit.utu.fi\/turaus\/wp-json\/wp\/v2\/pages\/2196","targetHints":{"allow":["GET"]}}],"collection":[{"href":"https:\/\/blogit.utu.fi\/turaus\/wp-json\/wp\/v2\/pages"}],"about":[{"href":"https:\/\/blogit.utu.fi\/turaus\/wp-json\/wp\/v2\/types\/page"}],"author":[{"embeddable":true,"href":"https:\/\/blogit.utu.fi\/turaus\/wp-json\/wp\/v2\/users\/15800"}],"replies":[{"embeddable":true,"href":"https:\/\/blogit.utu.fi\/turaus\/wp-json\/wp\/v2\/comments?post=2196"}],"version-history":[{"count":6,"href":"https:\/\/blogit.utu.fi\/turaus\/wp-json\/wp\/v2\/pages\/2196\/revisions"}],"predecessor-version":[{"id":2788,"href":"https:\/\/blogit.utu.fi\/turaus\/wp-json\/wp\/v2\/pages\/2196\/revisions\/2788"}],"up":[{"embeddable":true,"href":"https:\/\/blogit.utu.fi\/turaus\/wp-json\/wp\/v2\/pages\/1992"}],"wp:attachment":[{"href":"https:\/\/blogit.utu.fi\/turaus\/wp-json\/wp\/v2\/media?parent=2196"}],"curies":[{"name":"wp","href":"https:\/\/api.w.org\/{rel}","templated":true}]}}