{"id":2620,"date":"2022-10-18T09:42:41","date_gmt":"2022-10-18T09:42:41","guid":{"rendered":"https:\/\/blogit.utu.fi\/turaus\/?page_id=2620"},"modified":"2022-10-18T09:43:21","modified_gmt":"2022-10-18T09:43:21","slug":"jasenrekisterin-rekisteri-ja-tietosuojaseloste","status":"publish","type":"page","link":"https:\/\/blogit.utu.fi\/turaus\/yhdistys\/jasenrekisterin-rekisteri-ja-tietosuojaseloste\/","title":{"rendered":"J\u00e4senrekisterin rekisteri- ja tietosuojaseloste"},"content":{"rendered":"\n<p>T\u00e4m\u00e4 on Turun Auskultantit r.y.:n&nbsp; EU:n yleisen tietosuoja-asetuksen (GDPR) mukainen rekisteri- ja tietosuojaseloste. Laadittu 12.07.2021. Viimeisin muutos 12.07.2021.<\/p>\n\n\n\n<h3 class=\"wp-block-heading\"><strong>1. Rekisterinpit\u00e4j\u00e4<\/strong><\/h3>\n\n\n\n<p>Turun Auskultantit r.y.<\/p>\n\n\n\n<p>Yhdistyksen puheenjohtajan kotiosoite. J\u00e4rjest\u00f6ll\u00e4 ei ole virallisia tiloja.&nbsp;<\/p>\n\n\n\n<h3 class=\"wp-block-heading\"><strong>2. Rekisterist\u00e4 vastaava yhteyshenkil\u00f6<\/strong><\/h3>\n\n\n\n<p>Turun Auskultantit r.y.:n sihteeri, sihteeri-turaus[at]utu.fi<\/p>\n\n\n\n<h3 class=\"wp-block-heading\"><strong>3. Rekisterin nimi<\/strong><\/h3>\n\n\n\n<p>Turun Auskultantit r.y.:n j\u00e4senrekisteri<\/p>\n\n\n\n<h3 class=\"wp-block-heading\"><strong>4. Oikeusperuste ja henkil\u00f6tietojen k\u00e4sittelyn tarkoitus<\/strong><\/h3>\n\n\n\n<p>EU:n yleisen tietosuoja-asetuksen mukainen oikeusperuste henkil\u00f6tietojen k\u00e4sittelylle on<\/p>\n\n\n\n<p>&#8211; henkil\u00f6n suostumus (dokumentoitu, vapaaehtoinen, yksil\u00f6ity, tietoinen ja yksiselitteinen)<\/p>\n\n\n\n<p>&#8211; rekisterinpit\u00e4j\u00e4n oikeutettu etu (j\u00e4senyys).<\/p>\n\n\n\n<p>Henkil\u00f6tietojen k\u00e4sittelyn tarkoitus on yhteydenpito j\u00e4senist\u00f6\u00f6n ja j\u00e4senm\u00e4\u00e4r\u00e4n kartoittaminen muun muassa TYY:n avustushakemuksia varten. Tietoja ei k\u00e4ytet\u00e4 muihin tarkoituksiin.<\/p>\n\n\n\n<h3 class=\"wp-block-heading\"><strong>5. Rekisterin tietosis\u00e4lt\u00f6<\/strong><\/h3>\n\n\n\n<p>Rekisteriin tallennettavia tietoja ovat: henkil\u00f6n t\u00e4ydellinen nimi, s\u00e4hk\u00f6postiosoite, kotikunta, TYYn j\u00e4senyys ja aineryhm\u00e4.&nbsp;<\/p>\n\n\n\n<p>T\u00e4ydellinen nimi ja kotikunta ovat yhdistyslain vaatimia tietoja, s\u00e4hk\u00f6posti on j\u00e4senist\u00f6n s\u00e4hk\u00f6postilistaa varten tarvittava tieto, aineryhm\u00e4 on j\u00e4senist\u00f6n kartoitusta varten tarvittava tieto ja TYYn j\u00e4senyys on TYYn edellytt\u00e4m\u00e4 tieto yhdistyksen toiminta-avustushakemusta varten.<\/p>\n\n\n\n<p>Tietoja s\u00e4ilytet\u00e4\u00e4n yhdest\u00e4 j\u00e4senmaksusta saatavan j\u00e4senyyden ajan eli viisi vuotta. T\u00e4m\u00e4n j\u00e4lkeen tiedot poistetaan rekisterist\u00e4.<\/p>\n\n\n\n<h3 class=\"wp-block-heading\"><strong>6. S\u00e4\u00e4nn\u00f6nmukaiset tietol\u00e4hteet<\/strong><\/h3>\n\n\n\n<p>Rekisteriin tallennettavat tiedot saadaan yhdistyksen yhdistyksen verkkosivuilla olevan liittymislomakkeen kautta.<\/p>\n\n\n\n<h3 class=\"wp-block-heading\"><strong>7. Tietojen s\u00e4\u00e4nn\u00f6nmukaiset luovutukset ja tietojen siirto EU:n tai ETA:n ulkopuolelle<\/strong><\/h3>\n\n\n\n<p>Tietoja ei luovuteta s\u00e4\u00e4nn\u00f6nmukaisesti muille tahoille.&nbsp;<\/p>\n\n\n\n<h3 class=\"wp-block-heading\"><strong>8. Rekisterin suojauksen periaatteet<\/strong><\/h3>\n\n\n\n<p>Rekisterin k\u00e4sittelyss\u00e4 noudatetaan huolellisuutta ja tietoj\u00e4rjestelmien avulla k\u00e4sitelt\u00e4v\u00e4t tiedot suojataan asianmukaisesti. Kun rekisteritietoja s\u00e4ilytet\u00e4\u00e4n Internet-palvelimilla, niiden laitteiston fyysisest\u00e4 ja digitaalisesta tietoturvasta huolehditaan asiaankuuluvasti. Rekisterinpit\u00e4j\u00e4 huolehtii siit\u00e4, ett\u00e4 tallennettuja tietoja sek\u00e4 palvelimien k\u00e4ytt\u00f6oikeuksia ja muita henkil\u00f6tietojen turvallisuuden kannalta kriittisi\u00e4 tietoja k\u00e4sitell\u00e4\u00e4n luottamuksellisesti ja vain niiden toimijoiden toimesta, joiden ty\u00f6nkuvaan se kuuluu.<\/p>\n\n\n\n<h3 class=\"wp-block-heading\"><strong>9. Tarkastusoikeus ja oikeus vaatia tiedon korjaamista<\/strong><\/h3>\n\n\n\n<p>Jokaisella rekisteriss\u00e4 olevalla henkil\u00f6ll\u00e4 on oikeus tarkistaa rekisteriin tallennetut tietonsa ja vaatia mahdollisen virheellisen tiedon korjaamista tai puutteellisen tiedon t\u00e4ydent\u00e4mist\u00e4. Mik\u00e4li henkil\u00f6 haluaa tarkistaa h\u00e4nest\u00e4 tallennetut tiedot tai vaatia niihin oikaisua, pyynt\u00f6 tulee l\u00e4hett\u00e4\u00e4 kirjallisesti rekisterinpit\u00e4j\u00e4lle. Rekisterinpit\u00e4j\u00e4 voi pyyt\u00e4\u00e4 tarvittaessa pyynn\u00f6n esitt\u00e4j\u00e4\u00e4 todistamaan henkil\u00f6llisyytens\u00e4. Rekisterinpit\u00e4j\u00e4 vastaa asiakkaalle EU:n tietosuoja-asetuksessa s\u00e4\u00e4detyss\u00e4 ajassa (p\u00e4\u00e4s\u00e4\u00e4nt\u00f6isesti kuukauden kuluessa).<\/p>\n\n\n\n<h3 class=\"wp-block-heading\"><strong>10. Muut henkil\u00f6tietojen k\u00e4sittelyyn liittyv\u00e4t oikeudet<\/strong><\/h3>\n\n\n\n<p>Rekisteriss\u00e4 olevalla henkil\u00f6ll\u00e4 on oikeus pyyt\u00e4\u00e4 h\u00e4nt\u00e4 koskevien henkil\u00f6tietojen poistamiseen rekisterist\u00e4 (&#8221;oikeus tulla unohdetuksi&#8221;). Niin ik\u00e4\u00e4n rekister\u00f6idyill\u00e4 on muut<a href=\"http:\/\/eur-lex.europa.eu\/legal-content\/FI\/TXT\/?uri=CELEX%3A32016R0679#d1e2144-1-1\"> EU:n yleisen tietosuoja-asetuksen mukaiset oikeudet<\/a> kuten henkil\u00f6tietojen k\u00e4sittelyn rajoittaminen tietyiss\u00e4 tilanteissa. Pyynn\u00f6t tulee l\u00e4hett\u00e4\u00e4 kirjallisesti rekisterinpit\u00e4j\u00e4lle. Rekisterinpit\u00e4j\u00e4 voi pyyt\u00e4\u00e4 tarvittaessa pyynn\u00f6n esitt\u00e4j\u00e4\u00e4 todistamaan henkil\u00f6llisyytens\u00e4. Rekisterinpit\u00e4j\u00e4 vastaa asiakkaalle EU:n tietosuoja-asetuksessa s\u00e4\u00e4detyss\u00e4 ajassa (p\u00e4\u00e4s\u00e4\u00e4nt\u00f6isesti kuukauden kuluessa).<\/p>\n","protected":false},"excerpt":{"rendered":"<p>T\u00e4m\u00e4 on Turun Auskultantit r.y.:n&nbsp; EU:n yleisen tietosuoja-asetuksen (GDPR) mukainen rekisteri- ja tietosuojaseloste. Laadittu 12.07.2021. Viimeisin muutos 12.07.2021. 1. Rekisterinpit\u00e4j\u00e4 Turun Auskultantit r.y. Yhdistyksen puheenjohtajan&hellip; <a href=\"https:\/\/blogit.utu.fi\/turaus\/yhdistys\/jasenrekisterin-rekisteri-ja-tietosuojaseloste\/\" class=\"more-link\">Continue reading <span class=\"screen-reader-text\">J\u00e4senrekisterin rekisteri- ja tietosuojaseloste<\/span><\/a><\/p>\n","protected":false},"author":23895,"featured_media":0,"parent":40,"menu_order":5,"comment_status":"closed","ping_status":"closed","template":"","meta":{"footnotes":""},"class_list":["post-2620","page","type-page","status-publish","hentry"],"featured_image_urls_v2":{"full":"","thumbnail":"","medium":"","medium_large":"","large":"","1536x1536":"","2048x2048":""},"post_excerpt_stackable_v2":"<p>T\u00e4m\u00e4 on Turun Auskultantit r.y.:n&nbsp; EU:n yleisen tietosuoja-asetuksen (GDPR) mukainen rekisteri- ja tietosuojaseloste. Laadittu 12.07.2021. Viimeisin muutos 12.07.2021. 1. Rekisterinpit\u00e4j\u00e4 Turun Auskultantit r.y. Yhdistyksen puheenjohtajan kotiosoite. J\u00e4rjest\u00f6ll\u00e4 ei ole virallisia tiloja.&nbsp; 2. Rekisterist\u00e4 vastaava yhteyshenkil\u00f6 Turun Auskultantit r.y.:n sihteeri, sihteeri-turaus[at]utu.fi 3. Rekisterin nimi Turun Auskultantit r.y.:n j\u00e4senrekisteri 4. Oikeusperuste ja henkil\u00f6tietojen k\u00e4sittelyn tarkoitus EU:n yleisen tietosuoja-asetuksen mukainen oikeusperuste henkil\u00f6tietojen k\u00e4sittelylle on &#8211; henkil\u00f6n suostumus (dokumentoitu, vapaaehtoinen, yksil\u00f6ity, tietoinen ja yksiselitteinen) &#8211; rekisterinpit\u00e4j\u00e4n oikeutettu etu (j\u00e4senyys). Henkil\u00f6tietojen k\u00e4sittelyn tarkoitus on yhteydenpito j\u00e4senist\u00f6\u00f6n ja j\u00e4senm\u00e4\u00e4r\u00e4n kartoittaminen muun muassa TYY:n avustushakemuksia varten. Tietoja ei k\u00e4ytet\u00e4 muihin tarkoituksiin. 5. Rekisterin tietosis\u00e4lt\u00f6 Rekisteriin tallennettavia tietoja&hellip;<\/p>\n","category_list_v2":"","author_info_v2":{"name":"soelai","url":"https:\/\/blogit.utu.fi\/turaus\/author\/soelai\/"},"comments_num_v2":"0 comments","_links":{"self":[{"href":"https:\/\/blogit.utu.fi\/turaus\/wp-json\/wp\/v2\/pages\/2620","targetHints":{"allow":["GET"]}}],"collection":[{"href":"https:\/\/blogit.utu.fi\/turaus\/wp-json\/wp\/v2\/pages"}],"about":[{"href":"https:\/\/blogit.utu.fi\/turaus\/wp-json\/wp\/v2\/types\/page"}],"author":[{"embeddable":true,"href":"https:\/\/blogit.utu.fi\/turaus\/wp-json\/wp\/v2\/users\/23895"}],"replies":[{"embeddable":true,"href":"https:\/\/blogit.utu.fi\/turaus\/wp-json\/wp\/v2\/comments?post=2620"}],"version-history":[{"count":1,"href":"https:\/\/blogit.utu.fi\/turaus\/wp-json\/wp\/v2\/pages\/2620\/revisions"}],"predecessor-version":[{"id":2621,"href":"https:\/\/blogit.utu.fi\/turaus\/wp-json\/wp\/v2\/pages\/2620\/revisions\/2621"}],"up":[{"embeddable":true,"href":"https:\/\/blogit.utu.fi\/turaus\/wp-json\/wp\/v2\/pages\/40"}],"wp:attachment":[{"href":"https:\/\/blogit.utu.fi\/turaus\/wp-json\/wp\/v2\/media?parent=2620"}],"curies":[{"name":"wp","href":"https:\/\/api.w.org\/{rel}","templated":true}]}}