{"id":2761,"date":"2025-09-18T16:50:11","date_gmt":"2025-09-18T16:50:11","guid":{"rendered":"https:\/\/blogit.utu.fi\/turaus\/?page_id=2761"},"modified":"2025-09-18T16:52:07","modified_gmt":"2025-09-18T16:52:07","slug":"yhdenvertaisuus","status":"publish","type":"page","link":"https:\/\/blogit.utu.fi\/turaus\/yhdistys\/yhdenvertaisuus\/","title":{"rendered":"Yhdenvertaisuus"},"content":{"rendered":"\n<p class=\"has-text-align-center\"><strong>TurAus ry:n yhdenvertaisuusohjelma<\/strong><\/p>\n\n\n\n<p>TurAus ry on ainej\u00e4rjest\u00f6, joka valvoo opettajaksi opiskelevien etua ja pyrkii edist\u00e4m\u00e4\u00e4n yhdenvertaisuutta sek\u00e4 ainej\u00e4rjest\u00f6n toiminnassa ett\u00e4 opettajankoulutuksessa. Yhdenvertaisuussuunnitelman tarkoituksena on varmistaa, ett\u00e4 kaikilla j\u00e4rjest\u00f6n j\u00e4senill\u00e4 sek\u00e4 opettajaksi opiskelevilla on yht\u00e4l\u00e4iset mahdollisuudet ja oikeudet osallistua j\u00e4rjest\u00f6n toimintaan ja koulutukseen. Yhdenvertaisuussuunnitelma pyrkii edist\u00e4m\u00e4\u00e4n yhdenvertaisuutta sek\u00e4 tuomaan sit\u00e4 n\u00e4kyv\u00e4mm\u00e4ksi osaksi ainej\u00e4rjest\u00f6n toimintaa sek\u00e4 opettajankoulutusta. Lis\u00e4ksi suunnitelman tarkoituksena on tuoda esiin mahdollisia kehityskohteita ja toimenpiteit\u00e4, joilla yhdenvertaisuutta pystytt\u00e4isiin edist\u00e4m\u00e4\u00e4n.&nbsp;<\/p>\n\n\n\n<p><strong>Yhdenvertaisuus<\/strong><\/p>\n\n\n\n<p>TurAus ry n\u00e4kee yhdenvertaisuuden perustavanlaatuisena arvona, jonka tulee n\u00e4ky\u00e4 kaikessa j\u00e4rjest\u00f6n toiminnassa sek\u00e4 j\u00e4rjest\u00f6n j\u00e4senille ett\u00e4 opettajaksi opiskeleville. Yhdenvertaisuus tarkoittaa sit\u00e4, ett\u00e4 kaikkia kohdellaan oikeudenmukaisesti ja kunnioittavasti, ja erilaisuus n\u00e4hd\u00e4\u00e4n voimavarana. T\u00e4ten yhdenvertaisuuteen ja tasa-arvon toteutumiseen kiinnitet\u00e4\u00e4n huomiota hyvin monipuolisesti esimerkiksi TurAus ry:n tapahtumissa, p\u00e4\u00e4t\u00f6ksenteossa sek\u00e4 j\u00e4rjest\u00f6n yleisiss\u00e4 toimintatavoissa. Tavoitteenamme onkin luoda yhteis\u00f6, jossa jokainen tuntee olonsa turvalliseksi ja hyv\u00e4ksytyksi riippumatta heid\u00e4n henkil\u00f6kohtaisista ominaisuuksistaan tai taustastaan.&nbsp;<\/p>\n\n\n\n<p><strong>Yhdenvertaisuus TurAus ry:n toiminnassa&nbsp;<\/strong><\/p>\n\n\n\n<p>J\u00e4rjest\u00f6n toiminnassa painottuu v\u00e4litt\u00f6myys ja muiden kunnioittaminen. TurAuksen kokoukset ovat kaikille avoimia, jolloin kaikki j\u00e4senet pystyv\u00e4t osallistumaan ja vaikuttamaan p\u00e4\u00e4t\u00f6ksentekoon. T\u00e4ten p\u00e4\u00e4t\u00f6ksentekoprosessit ovat j\u00e4senist\u00f6lle l\u00e4pin\u00e4kyvi\u00e4. J\u00e4rjest\u00f6n kaikissa tapahtumissa noudatetaan TurAus ry:n turvallisemman tilan periaatteita, ja jokaiseen tapahtumaan nimitet\u00e4\u00e4n v\u00e4hint\u00e4\u00e4n kaksi h\u00e4irint\u00e4yhdyshenkil\u00f6\u00e4. Lis\u00e4ksi j\u00e4rjest\u00f6ll\u00e4 on kaksi yhdenvertaisuusvastaavaa, joiden teht\u00e4v\u00e4n\u00e4 on valvoa yhdenvertaisuuden toteutumista ja tarpeen ollen puuttua kaikkeen t\u00e4st\u00e4 poikkeavaan toimintaan tai k\u00e4ytt\u00e4ytymiseen.&nbsp;<\/p>\n\n\n\n<p>J\u00e4rjest\u00f6 pyrkii j\u00e4rjest\u00e4m\u00e4\u00e4n mahdollisimman monipuolisia tapahtumia, jotta niiden saavutettavuus olisi j\u00e4senist\u00f6lle yhdenvertaista. Tapahtumien suunnittelussa huomioidaan esimerkiksi esteett\u00f6myys sek\u00e4 erityisruokavaliot. J\u00e4rjest\u00f6n j\u00e4rjest\u00e4mist\u00e4 tapahtumista pyrit\u00e4\u00e4n ilmoittamaan ja tiedottamaan selke\u00e4sti ja monikanavaisesti, jotta tieto saavuttaa kaikki j\u00e4senet ja opettajaksi opiskelevat. Tiedotuskanavia ovat muun muassa Instagram, s\u00e4hk\u00f6posti sek\u00e4 Facebook. Lis\u00e4ksi TurAus ry pyrkii j\u00e4rjest\u00e4m\u00e4\u00e4n koulutuksia ja lis\u00e4\u00e4m\u00e4\u00e4n tietoa yhdenvertaisuudesta sek\u00e4 tasa-arvosta, esimerkiksi j\u00e4rjest\u00e4m\u00e4ll\u00e4 iltakouluja sek\u00e4 hy\u00f6dynt\u00e4m\u00e4ll\u00e4 SOOLin palveluita.&nbsp;<\/p>\n\n\n\n<p> <\/p>\n\n\n\n<p class=\"has-text-align-center\"><strong>TurAuksen turvallisen tilan periaatteet<\/strong><\/p>\n\n\n\n<p><strong>Turvallinen tila <\/strong>tarkoittaa, ett\u00e4 kaikilla on vapaus olla oma itsens\u00e4, ilmaista itse\u00e4\u00e4n vapaasti ja olla osallinen kaikessa toiminnassa. Turvallisessa tilassa kaikki h\u00e4irint\u00e4 on ehdottomasti kielletty\u00e4. H\u00e4irint\u00e4\u00e4 on mik\u00e4 tahansa toiminta tai k\u00e4yt\u00f6s, joka on toista alistavaa, vihamielisen ja ep\u00e4miellytt\u00e4v\u00e4n ilmapiirin luomista tai ihmisten tai ihmisryhm\u00e4n uhkailua. <\/p>\n\n\n\n<p><strong>1. Kohtele<\/strong> toisia, niin kuin toivoisit itse\u00e4si kohdeltavan. Huomioi, ett\u00e4 jokainen meist\u00e4 on yksil\u00f6 ja eroaa joskus paljonkin esimerkiksi henkil\u00f6kohtaisten rajojen suhteen. Ota huomioon, ett\u00e4 jokaisella on oma henkil\u00f6kohtainen, h\u00e4nen itsens\u00e4 m\u00e4\u00e4ritt\u00e4m\u00e4 tila sek\u00e4 rajat, joita muiden pit\u00e4\u00e4 kunnioittaa.<\/p>\n\n\n\n<p><strong>2. Tiedosta ja tunnista omat ennakko-oletukset. <\/strong>Et voi tiet\u00e4\u00e4 toisen kokemuksia, ajatuksia ja el\u00e4m\u00e4ntilannetta tai identiteetti\u00e4. Toisistamme tekem\u00e4mme oletukset eiv\u00e4t v\u00e4ltt\u00e4m\u00e4tt\u00e4 pid\u00e4 paikkaansa, jolloin omat oletuksensa on hyv\u00e4 tiedostaa, ja muistaa muiden ihmisten kunnioittaminen kaikissa tilanteissa.<\/p>\n\n\n\n<p><strong>3. Kunnioita <\/strong>toisia ihmisi\u00e4, ole avoin ja kuuntele. \u00c4l\u00e4 kyseenalaista tai tuomitse toisen erilaisuutta. Vaadi kunnioitusta my\u00f6s itsellesi.<\/p>\n\n\n\n<p><strong>4. Anna tilaa. <\/strong>Huolehdi, ett\u00e4 kaikki tulevat keskustelussa kuulluksi ja p\u00e4\u00e4sev\u00e4t osalliseksi.<\/p>\n\n\n\n<p><strong>5. \u00c4l\u00e4 k\u00e4yt\u00e4 <\/strong>hy\u00f6kk\u00e4\u00e4vi\u00e4 puheenvuoroja tai eleit\u00e4 toisia ihmisi\u00e4 kohtaan, ei paikalla olevia eik\u00e4 tilaisuudesta poissaolevia kohtaan.<\/p>\n\n\n\n<p><strong>6. \u00c4l\u00e4 h\u00e4iritse <\/strong>ket\u00e4\u00e4n sanallisesti tai fyysisesti. TurAuksessa emme hyv\u00e4ksy mink\u00e4\u00e4nlaista h\u00e4irint\u00e4\u00e4. Kysy, kuuntele, ja kunnioita muita ihmisi\u00e4, ja pyri aina tulkitsemaan tilanteita ja toisia ihmisi\u00e4.<\/p>\n\n\n\n<p><strong>7. Asiattomasta kohtelusta <\/strong>saa antaa asiallista ja rakentavaa palautetta. Jos joku antaa sinulle palautetta toiminnastasi, <strong>kuuntele <\/strong>palautteen antajaa. Suhtaudu avoimesti saamaasi palautteeseen ja pyri huomioimaan palaute jatkossa.<\/p>\n\n\n\n<p>Jos kohtaat h\u00e4irint\u00e4\u00e4, voit olla yhteydess\u00e4 TurAus ry:n h\u00e4irint\u00e4yhdyshenkil\u00f6ihin ja yhdenvertaisuusvastaaviin tai TYYn h\u00e4irint\u00e4yhdyshenkil\u00f6\u00f6n.<\/p>\n","protected":false},"excerpt":{"rendered":"<p>TurAus ry:n yhdenvertaisuusohjelma TurAus ry on ainej\u00e4rjest\u00f6, joka valvoo opettajaksi opiskelevien etua ja pyrkii edist\u00e4m\u00e4\u00e4n yhdenvertaisuutta sek\u00e4 ainej\u00e4rjest\u00f6n toiminnassa ett\u00e4 opettajankoulutuksessa. Yhdenvertaisuussuunnitelman tarkoituksena on varmistaa,&hellip; <a href=\"https:\/\/blogit.utu.fi\/turaus\/yhdistys\/yhdenvertaisuus\/\" class=\"more-link\">Continue reading <span class=\"screen-reader-text\">Yhdenvertaisuus<\/span><\/a><\/p>\n","protected":false},"author":19236,"featured_media":0,"parent":40,"menu_order":4,"comment_status":"closed","ping_status":"closed","template":"","meta":{"footnotes":""},"class_list":["post-2761","page","type-page","status-publish","hentry"],"featured_image_urls_v2":{"full":"","thumbnail":"","medium":"","medium_large":"","large":"","1536x1536":"","2048x2048":""},"post_excerpt_stackable_v2":"<p>TurAus ry:n yhdenvertaisuusohjelma TurAus ry on ainej\u00e4rjest\u00f6, joka valvoo opettajaksi opiskelevien etua ja pyrkii edist\u00e4m\u00e4\u00e4n yhdenvertaisuutta sek\u00e4 ainej\u00e4rjest\u00f6n toiminnassa ett\u00e4 opettajankoulutuksessa. Yhdenvertaisuussuunnitelman tarkoituksena on varmistaa, ett\u00e4 kaikilla j\u00e4rjest\u00f6n j\u00e4senill\u00e4 sek\u00e4 opettajaksi opiskelevilla on yht\u00e4l\u00e4iset mahdollisuudet ja oikeudet osallistua j\u00e4rjest\u00f6n toimintaan ja koulutukseen. Yhdenvertaisuussuunnitelma pyrkii edist\u00e4m\u00e4\u00e4n yhdenvertaisuutta sek\u00e4 tuomaan sit\u00e4 n\u00e4kyv\u00e4mm\u00e4ksi osaksi ainej\u00e4rjest\u00f6n toimintaa sek\u00e4 opettajankoulutusta. Lis\u00e4ksi suunnitelman tarkoituksena on tuoda esiin mahdollisia kehityskohteita ja toimenpiteit\u00e4, joilla yhdenvertaisuutta pystytt\u00e4isiin edist\u00e4m\u00e4\u00e4n.&nbsp; Yhdenvertaisuus TurAus ry n\u00e4kee yhdenvertaisuuden perustavanlaatuisena arvona, jonka tulee n\u00e4ky\u00e4 kaikessa j\u00e4rjest\u00f6n toiminnassa sek\u00e4 j\u00e4rjest\u00f6n j\u00e4senille ett\u00e4 opettajaksi opiskeleville. Yhdenvertaisuus tarkoittaa sit\u00e4, ett\u00e4 kaikkia kohdellaan oikeudenmukaisesti ja kunnioittavasti, ja erilaisuus n\u00e4hd\u00e4\u00e4n&hellip;<\/p>\n","category_list_v2":"","author_info_v2":{"name":"rphako","url":"https:\/\/blogit.utu.fi\/turaus\/author\/rphako\/"},"comments_num_v2":"0 comments","_links":{"self":[{"href":"https:\/\/blogit.utu.fi\/turaus\/wp-json\/wp\/v2\/pages\/2761","targetHints":{"allow":["GET"]}}],"collection":[{"href":"https:\/\/blogit.utu.fi\/turaus\/wp-json\/wp\/v2\/pages"}],"about":[{"href":"https:\/\/blogit.utu.fi\/turaus\/wp-json\/wp\/v2\/types\/page"}],"author":[{"embeddable":true,"href":"https:\/\/blogit.utu.fi\/turaus\/wp-json\/wp\/v2\/users\/19236"}],"replies":[{"embeddable":true,"href":"https:\/\/blogit.utu.fi\/turaus\/wp-json\/wp\/v2\/comments?post=2761"}],"version-history":[{"count":4,"href":"https:\/\/blogit.utu.fi\/turaus\/wp-json\/wp\/v2\/pages\/2761\/revisions"}],"predecessor-version":[{"id":2768,"href":"https:\/\/blogit.utu.fi\/turaus\/wp-json\/wp\/v2\/pages\/2761\/revisions\/2768"}],"up":[{"embeddable":true,"href":"https:\/\/blogit.utu.fi\/turaus\/wp-json\/wp\/v2\/pages\/40"}],"wp:attachment":[{"href":"https:\/\/blogit.utu.fi\/turaus\/wp-json\/wp\/v2\/media?parent=2761"}],"curies":[{"name":"wp","href":"https:\/\/api.w.org\/{rel}","templated":true}]}}