{"id":2769,"date":"2025-10-09T11:40:29","date_gmt":"2025-10-09T11:40:29","guid":{"rendered":"https:\/\/blogit.utu.fi\/turaus\/?page_id=2769"},"modified":"2026-01-02T12:36:24","modified_gmt":"2026-01-02T12:36:24","slug":"jaseneksi","status":"publish","type":"page","link":"https:\/\/blogit.utu.fi\/turaus\/jasenelle\/jaseneksi\/","title":{"rendered":"J\u00e4seneksi"},"content":{"rendered":"\n<p>Syksyst\u00e4 2025 alkaen TurAus ry:n j\u00e4seneksi voi liitty\u00e4 Kide.appissa. L\u00f6yd\u00e4t j\u00e4senyyden hakemalla palvelussa &#8221;TurAus ry&#8221;.<\/p>\n\n\n\n<p>Kun olet liittynyt j\u00e4seneksi, ilmoitathan my\u00f6s sihteerille asiasta osoitteeseen turaus-sihteeri[at]utu.fi, jotta sinut saadaan lis\u00e4tty\u00e4 my\u00f6s TurAuksen s\u00e4hk\u00f6postilistalle. Mik\u00e4li et halua liitty\u00e4 s\u00e4hk\u00f6postilistalle, sinun ei tarvitse ilmoittaa j\u00e4senyydest\u00e4si.<\/p>\n\n\n\n<p>J\u00e4senyyden hallinnoinnin siirt\u00e4minen Kide.appiin sujuvoittaa j\u00e4senpalvelua, takaa j\u00e4senrekisterin asianmukaisen k\u00e4yt\u00f6n ja hallinnoinnin ja helpottaa TurAuksen tuotteiden myynti\u00e4 ja saatavuutta j\u00e4senist\u00f6lle!<\/p>\n\n\n\n<p>J\u00e4senyys on voimassa viisi vuotta. J\u00e4senmaksu on 8 euroa. <\/p>\n\n\n\n<p><strong>HUOMIO!<\/strong> Mik\u00e4li olet liittynyt j\u00e4seneksi vanhalla tavalla eli maksamalla j\u00e4senmaksun pankkitilille, tulee sinun aktivoida j\u00e4senyytesi Kide.appissa jatkaaksesi j\u00e4senyytt\u00e4. Alla ohjeet t\u00e4m\u00e4n tekemiseksi.<\/p>\n\n\n\n<p>T\u00e4ss\u00e4 ohjeet vanhan j\u00e4senyyden aktivointiin alustalla:<\/p>\n\n\n\n<ol start=\"1\" class=\"wp-block-list\">\n<li>Lataa puhelimeesi Kide.app-sovellus Play-kaupasta tai Apple Storesta tai siirry selaimellasi osoitteeseen <a href=\"http:\/\/kide.app\">kide.app<\/a><\/li>\n\n\n\n<li>Kirjaudu sis\u00e4\u00e4n olemassa olevaan tiliin tai tee uusi tili.<\/li>\n\n\n\n<li>T\u00e4m\u00e4n j\u00e4lkeen avaa alla oleva linkki sovelluksessa<br><a href=\"https:\/\/kide.app\/community\/7f507345-a453-4fc2-a045-89a4dcfd24b6?action=activate-membership&amp;membershipId=8517b0ed-8026-49bb-b280-32945d9b1e5b\">https:\/\/kide.app\/community\/7f507345-a453-4fc2-a045-89a4dcfd24b6?action=activate-membership&amp;membershipId=8517b0ed-8026-49bb-b280-32945d9b1e5b<\/a> <\/li>\n\n\n\n<li>T\u00e4m\u00e4n j\u00e4lkeen aukeaa Aktivoi j\u00e4senyytesi -lomake. T\u00e4ydenn\u00e4 lomakkeelle vaaditut tiedot.<\/li>\n\n\n\n<li>Kirjoita \u201cS\u00e4hk\u00f6posti\u201d kohtaan se s\u00e4hk\u00f6posti, jonka annoit, kun liityit TurAus ry:n<br>j\u00e4seneksi (<strong>huom!<\/strong>&nbsp;t\u00e4m\u00e4n ei tarvitse olla sama kuin se, jolla olet luonut Kide.app<br>tunnukset). <\/li>\n\n\n\n<li>T\u00e4m\u00e4n vaiheen j\u00e4lkeen avautuu viel\u00e4 toinen lomake, johon t\u00e4ytet\u00e4\u00e4n kaikki<br>kysytyt tiedot. Toinen lomake on sit\u00e4 varten, ett\u00e4 saadaan varmasti kaikilta p\u00e4ivitetyt tiedot j\u00e4senrekisteriin.<\/li>\n\n\n\n<li>Nyt j\u00e4senkorttisi l\u00f6ytyy Kide.appista oikeasta yl\u00e4kulmasta omasta profiilista<br>kohdasta \u201c<strong>lompakko<\/strong>\u201d.<\/li>\n<\/ol>\n\n\n\n<p><strong>Huom!<\/strong>\u00a0J\u00e4sentietojen pit\u00e4\u00e4 olla samat kuin rekisteriss\u00e4, sill\u00e4 muuten aktivointi ei onnistu!<br>Jos et muista mink\u00e4 s\u00e4hk\u00f6postin olet antanut, ota<br>yhteys hallitukseen\u00a0turaus-hallitus[at]utu.fi<\/p>\n\n\n\n<p><\/p>\n","protected":false},"excerpt":{"rendered":"<p>Syksyst\u00e4 2025 alkaen TurAus ry:n j\u00e4seneksi voi liitty\u00e4 Kide.appissa. L\u00f6yd\u00e4t j\u00e4senyyden hakemalla palvelussa &#8221;TurAus ry&#8221;. Kun olet liittynyt j\u00e4seneksi, ilmoitathan my\u00f6s sihteerille asiasta osoitteeseen turaus-sihteeri[at]utu.fi,&hellip; <a href=\"https:\/\/blogit.utu.fi\/turaus\/jasenelle\/jaseneksi\/\" class=\"more-link\">Continue reading <span class=\"screen-reader-text\">J\u00e4seneksi<\/span><\/a><\/p>\n","protected":false},"author":19236,"featured_media":0,"parent":1992,"menu_order":1,"comment_status":"closed","ping_status":"closed","template":"","meta":{"footnotes":""},"class_list":["post-2769","page","type-page","status-publish","hentry"],"featured_image_urls_v2":{"full":"","thumbnail":"","medium":"","medium_large":"","large":"","1536x1536":"","2048x2048":""},"post_excerpt_stackable_v2":"<p>Syksyst\u00e4 2025 alkaen TurAus ry:n j\u00e4seneksi voi liitty\u00e4 Kide.appissa. L\u00f6yd\u00e4t j\u00e4senyyden hakemalla palvelussa &#8221;TurAus ry&#8221;. Kun olet liittynyt j\u00e4seneksi, ilmoitathan my\u00f6s sihteerille asiasta osoitteeseen turaus-sihteeri[at]utu.fi, jotta sinut saadaan lis\u00e4tty\u00e4 my\u00f6s TurAuksen s\u00e4hk\u00f6postilistalle. Mik\u00e4li et halua liitty\u00e4 s\u00e4hk\u00f6postilistalle, sinun ei tarvitse ilmoittaa j\u00e4senyydest\u00e4si. J\u00e4senyyden hallinnoinnin siirt\u00e4minen Kide.appiin sujuvoittaa j\u00e4senpalvelua, takaa j\u00e4senrekisterin asianmukaisen k\u00e4yt\u00f6n ja hallinnoinnin ja helpottaa TurAuksen tuotteiden myynti\u00e4 ja saatavuutta j\u00e4senist\u00f6lle! J\u00e4senyys on voimassa viisi vuotta. J\u00e4senmaksu on 8 euroa. HUOMIO! Mik\u00e4li olet liittynyt j\u00e4seneksi vanhalla tavalla eli maksamalla j\u00e4senmaksun pankkitilille, tulee sinun aktivoida j\u00e4senyytesi Kide.appissa jatkaaksesi j\u00e4senyytt\u00e4. Alla ohjeet t\u00e4m\u00e4n tekemiseksi. T\u00e4ss\u00e4 ohjeet vanhan j\u00e4senyyden aktivointiin alustalla: Lataa&hellip;<\/p>\n","category_list_v2":"","author_info_v2":{"name":"rphako","url":"https:\/\/blogit.utu.fi\/turaus\/author\/rphako\/"},"comments_num_v2":"0 comments","_links":{"self":[{"href":"https:\/\/blogit.utu.fi\/turaus\/wp-json\/wp\/v2\/pages\/2769","targetHints":{"allow":["GET"]}}],"collection":[{"href":"https:\/\/blogit.utu.fi\/turaus\/wp-json\/wp\/v2\/pages"}],"about":[{"href":"https:\/\/blogit.utu.fi\/turaus\/wp-json\/wp\/v2\/types\/page"}],"author":[{"embeddable":true,"href":"https:\/\/blogit.utu.fi\/turaus\/wp-json\/wp\/v2\/users\/19236"}],"replies":[{"embeddable":true,"href":"https:\/\/blogit.utu.fi\/turaus\/wp-json\/wp\/v2\/comments?post=2769"}],"version-history":[{"count":8,"href":"https:\/\/blogit.utu.fi\/turaus\/wp-json\/wp\/v2\/pages\/2769\/revisions"}],"predecessor-version":[{"id":2791,"href":"https:\/\/blogit.utu.fi\/turaus\/wp-json\/wp\/v2\/pages\/2769\/revisions\/2791"}],"up":[{"embeddable":true,"href":"https:\/\/blogit.utu.fi\/turaus\/wp-json\/wp\/v2\/pages\/1992"}],"wp:attachment":[{"href":"https:\/\/blogit.utu.fi\/turaus\/wp-json\/wp\/v2\/media?parent=2769"}],"curies":[{"name":"wp","href":"https:\/\/api.w.org\/{rel}","templated":true}]}}