{"id":345,"date":"2017-02-09T17:03:40","date_gmt":"2017-02-09T17:03:40","guid":{"rendered":"https:\/\/blogit.utu.fi\/turaus\/?page_id=345"},"modified":"2023-04-27T13:41:10","modified_gmt":"2023-04-27T13:41:10","slug":"vinkkeja-opetusharjoitteluvuoteen","status":"publish","type":"page","link":"https:\/\/blogit.utu.fi\/turaus\/sample-page\/vinkkeja-opetusharjoitteluvuoteen\/","title":{"rendered":"Vinkkej\u00e4 opetusharjoitteluvuoteen"},"content":{"rendered":"<p><span style=\"color: #000000\">Olemme listanneet muutamia asioita, joita ajattelimme uusien opetusharjoittelijoiden olevan hyv\u00e4 tiet\u00e4\u00e4. Ehdota ihmeess\u00e4 hallitukselle, jos mieleesi tulee oman tai kaverisi kokemuksella jokin erityisen t\u00e4rke\u00e4 asia, joka t\u00e4st\u00e4 listasta puuttuu.<\/span><\/p>\n<ol>\n<li><span style=\"color: #000000\"><strong>Aluksi Liity TurAukseen ja <a href=\"https:\/\/www.sool.fi\">SOOL<\/a>iin<\/strong><\/span><br \/>\n<span style=\"color: #000000\"> TurAuksen kautta pysyt k\u00e4rryill\u00e4 omista eduistasi, yhteisist\u00e4 tapahtumista, Norssin koukeroista ja mahdollisuuksista ker\u00e4t\u00e4 kouluharjoittelua.<\/span><br \/>\n<span style=\"color: #000000\"> SOOLiin voit liitty\u00e4 TurAuksen j\u00e4senen\u00e4. SOOLin j\u00e4senen\u00e4 saat kaikki edut, jotka OAJ:n j\u00e4senen\u00e4kin saat (ty\u00f6tt\u00f6myyskassaan tosin pit\u00e4\u00e4 liitty\u00e4 erikseen) paljon pienemm\u00e4ll\u00e4 j\u00e4senmaksulla.<\/span><\/li>\n<li><span style=\"color: #000000\"><strong> Varaudu kiireeseen<\/strong><\/span><br \/>\n<span style=\"color: #000000\"> Jos olet ollut oikein ovela, olet jo k\u00e4ynyt kasvatustieteen perusopinnot alta pois. Perusopintojen alta pois k\u00e4yminen ei kuitenkaan tarkoita sit\u00e4, ett\u00e4 kiirett\u00e4 ei olisi, sit\u00e4 vain on v\u00e4hemm\u00e4n. Opettele k\u00e4ytt\u00e4m\u00e4\u00e4n listoja.<\/span><\/li>\n<li><span style=\"color: #000000\"><strong> \u00c4l\u00e4 pel\u00e4sty alkua!\u00a0<\/strong><\/span><br \/>\n<span style=\"color: #000000\"> Sinulla on edess\u00e4si raskas vuosi, niin hyv\u00e4ss\u00e4 kuin pahassa. Jokainen pystyy itse vaikuttamaan mink\u00e4laisia haasteita itselleen asettaa. Ongelmia on, mutta niist\u00e4 ovat kaikki muutkin selvinneet. Muista pyyt\u00e4\u00e4 apua, \u00e4l\u00e4 j\u00e4\u00e4 puurtamaan itseksesi.\u00a0<\/span><\/li>\n<li><span style=\"color: #000000\"><strong> Seuraa tunteja<\/strong><\/span><br \/>\n<span style=\"color: #000000\"> Alkuvaiheessa tuntien seuraaminen tuntuu mielekk\u00e4\u00e4mm\u00e4lt\u00e4 kuin loppukev\u00e4\u00e4st\u00e4. Tunteja voi seurata etuk\u00e4teen &#8221;pankkiin&#8221;!<\/span><\/li>\n<li><span style=\"color: #000000\"><strong> Hanki kalenteri, avainnauha ja sis\u00e4keng\u00e4t<br \/>\n<\/strong><\/span>Suuria hankintoja harjoittelu ei edellyt\u00e4, mutta edell\u00e4 mainitut kannattaa olla Norssilla mukana. Norssilla ei k\u00e4ytet\u00e4 ulkokenki\u00e4 luokissa, joten sis\u00e4keng\u00e4t tulevat tarpeeseen (villasukatkin k\u00e4y). Kalenteria kannattaa k\u00e4ytt\u00e4\u00e4, sill\u00e4 muistettavia asioita on paljon, eiv\u00e4tk\u00e4 muut auskut osaa auttaa, jos vaikkapa oman oppitunnin ajankohta unohtuu.<\/li>\n<li><span style=\"color: #000000\"><strong> Aloita seminaarity\u00f6n teko jo varhain kev\u00e4tlukukaudella<\/strong><\/span><br \/>\n<span style=\"color: #000000\"> Stressi on melkoinen kun seminaarin deadline on maanantaina ja lauantai-iltana et ole kirjoittanut siit\u00e4 viel\u00e4 sivuakaan.<\/span><\/li>\n<li><span style=\"color: #000000\"><strong> \u00c4l\u00e4 pel\u00e4sty kritiikki\u00e4<\/strong><\/span><br \/>\n<span style=\"color: #000000\"> Jotkut ohjaavat opettajat saattavat antaa varsinkin alkuvaiheessa varsin pist\u00e4v\u00e4\u00e4 kritiikki\u00e4. Sen tarkoitus ei kuitenkaan ole masentaa vaan auttaa sinua parantamaan itse\u00e4si opettajana. Kuuntele ja opi! Ongelmatilanteissa voit aina ottaa yhteytt\u00e4 harjoittelukoordinaattoreihin ja TurAuksen hallitukseen.<\/span><\/li>\n<li><strong>Moodleja on monta \u2013 ota ne haltuun<br \/>\n<\/strong>Auskuvuoteen kuuluu monta Moodlealustaa. Erilliset Moodlealueet on todenn\u00e4k\u00f6isesti harjoittelulle, omalle aineryhm\u00e4llesi, ainedidaktiikalle sek\u00e4 pedagogisille ylip\u00e4\u00e4t\u00e4\u00e4n. Jos et l\u00f6yd\u00e4 jotain tietoa, kannattaa kysy\u00e4 auskutovereilta! Heist\u00e4 joku on saattanut juuri t\u00f6rm\u00e4t\u00e4 etsim\u00e4\u00e4si tietoon.<\/li>\n<li><strong>Mene ja kokeile!<br \/>\n<\/strong><\/li>\n<\/ol>\n","protected":false},"excerpt":{"rendered":"<p>Olemme listanneet muutamia asioita, joita ajattelimme uusien opetusharjoittelijoiden olevan hyv\u00e4 tiet\u00e4\u00e4. Ehdota ihmeess\u00e4 hallitukselle, jos mieleesi tulee oman tai kaverisi kokemuksella jokin erityisen t\u00e4rke\u00e4 asia,&hellip; <a href=\"https:\/\/blogit.utu.fi\/turaus\/sample-page\/vinkkeja-opetusharjoitteluvuoteen\/\" class=\"more-link\">Continue reading <span class=\"screen-reader-text\">Vinkkej\u00e4 opetusharjoitteluvuoteen<\/span><\/a><\/p>\n","protected":false},"author":2934,"featured_media":0,"parent":7,"menu_order":0,"comment_status":"closed","ping_status":"closed","template":"","meta":{"footnotes":""},"class_list":["post-345","page","type-page","status-publish","hentry"],"featured_image_urls_v2":{"full":"","thumbnail":"","medium":"","medium_large":"","large":"","1536x1536":"","2048x2048":""},"post_excerpt_stackable_v2":"<p>Olemme listanneet muutamia asioita, joita ajattelimme uusien opetusharjoittelijoiden olevan hyv\u00e4 tiet\u00e4\u00e4. Ehdota ihmeess\u00e4 hallitukselle, jos mieleesi tulee oman tai kaverisi kokemuksella jokin erityisen t\u00e4rke\u00e4 asia, joka t\u00e4st\u00e4 listasta puuttuu. Aluksi Liity TurAukseen ja SOOLiin TurAuksen kautta pysyt k\u00e4rryill\u00e4 omista eduistasi, yhteisist\u00e4 tapahtumista, Norssin koukeroista ja mahdollisuuksista ker\u00e4t\u00e4 kouluharjoittelua. SOOLiin voit liitty\u00e4 TurAuksen j\u00e4senen\u00e4. SOOLin j\u00e4senen\u00e4 saat kaikki edut, jotka OAJ:n j\u00e4senen\u00e4kin saat (ty\u00f6tt\u00f6myyskassaan tosin pit\u00e4\u00e4 liitty\u00e4 erikseen) paljon pienemm\u00e4ll\u00e4 j\u00e4senmaksulla. Varaudu kiireeseen Jos olet ollut oikein ovela, olet jo k\u00e4ynyt kasvatustieteen perusopinnot alta pois. Perusopintojen alta pois k\u00e4yminen ei kuitenkaan tarkoita sit\u00e4, ett\u00e4 kiirett\u00e4 ei olisi, sit\u00e4 vain on v\u00e4hemm\u00e4n.&hellip;<\/p>\n","category_list_v2":"","author_info_v2":{"name":"sierso","url":"https:\/\/blogit.utu.fi\/turaus\/author\/sierso\/"},"comments_num_v2":"0 comments","_links":{"self":[{"href":"https:\/\/blogit.utu.fi\/turaus\/wp-json\/wp\/v2\/pages\/345","targetHints":{"allow":["GET"]}}],"collection":[{"href":"https:\/\/blogit.utu.fi\/turaus\/wp-json\/wp\/v2\/pages"}],"about":[{"href":"https:\/\/blogit.utu.fi\/turaus\/wp-json\/wp\/v2\/types\/page"}],"author":[{"embeddable":true,"href":"https:\/\/blogit.utu.fi\/turaus\/wp-json\/wp\/v2\/users\/2934"}],"replies":[{"embeddable":true,"href":"https:\/\/blogit.utu.fi\/turaus\/wp-json\/wp\/v2\/comments?post=345"}],"version-history":[{"count":5,"href":"https:\/\/blogit.utu.fi\/turaus\/wp-json\/wp\/v2\/pages\/345\/revisions"}],"predecessor-version":[{"id":2668,"href":"https:\/\/blogit.utu.fi\/turaus\/wp-json\/wp\/v2\/pages\/345\/revisions\/2668"}],"up":[{"embeddable":true,"href":"https:\/\/blogit.utu.fi\/turaus\/wp-json\/wp\/v2\/pages\/7"}],"wp:attachment":[{"href":"https:\/\/blogit.utu.fi\/turaus\/wp-json\/wp\/v2\/media?parent=345"}],"curies":[{"name":"wp","href":"https:\/\/api.w.org\/{rel}","templated":true}]}}