{"id":40,"date":"2017-01-31T10:04:41","date_gmt":"2017-01-31T10:04:41","guid":{"rendered":"https:\/\/blogit.utu.fi\/turaus\/?page_id=40"},"modified":"2026-01-02T13:48:50","modified_gmt":"2026-01-02T13:48:50","slug":"yhdistys","status":"publish","type":"page","link":"https:\/\/blogit.utu.fi\/turaus\/yhdistys\/","title":{"rendered":"Yhdistys"},"content":{"rendered":"<p class=\"post-title entry-title\"><span style=\"color: #000000\">Turun Auskultantit ry (TurAus) on vuonna 1971 perustettu Turun yliopiston aineenopettaja- ja aikuispedagogiikan opiskelijoiden ainej\u00e4rjest\u00f6. Yhdistys t\u00e4ytt\u00e4\u00e4 21.5.2026 55 vuotta. Yhdistyksen p\u00e4\u00e4m\u00e4\u00e4r\u00e4n\u00e4 on huolehtia opetusharjoittelijoiden edunvalvonnasta, kehitt\u00e4\u00e4 ja yll\u00e4pit\u00e4\u00e4 suhteita t\u00e4rkeimpiin yhteisty\u00f6tahoihin sek\u00e4 vahvistaa eri aineryhmien v\u00e4lisi\u00e4 siteit\u00e4.<\/span><\/p>\n<p><span style=\"color: #000000\">TurAus j\u00e4rjest\u00e4\u00e4 erilaisia tapahtumia opettajaksi opiskeleville tai opettajuudesta haaveileville. P\u00e4\u00e4s\u00e4\u00e4nt\u00f6isesti tapahtumien painotus on koulutuksessa, mutta opettajaopiskelijoiden hyvinvoinnin tueksi j\u00e4rjestet\u00e4\u00e4n my\u00f6s rentouttavia tapahtumia ja kahvituksia.<br \/><\/span><\/p>\n<div id=\"post-body-2721916289392843260\" class=\"post-body entry-content\">\n<p><span style=\"color: #000000\">Yhdistyksen t\u00e4rkeimm\u00e4t yhteisty\u00f6kumppanit ovat Suomen opettajaksi opiskelevien liitto (SOOL), Turun yliopiston ylioppilaskunta (TYY), muut opettajaksi opiskelevien j\u00e4rjest\u00f6t, erityisesti Turun ja Rauman opettajaksi opiskelevien ainej\u00e4rjest\u00f6t Opex ry ja Opekas ry, Turun normaalikoulun opettajakunta ja Turun yliopiston kasvatustieteellinen tiedekunta.<\/span><\/p>\n<p><span style=\"color: #000000\">Yhteydenotot yhdistykseen s\u00e4hk\u00f6postitse osoitteeseen: turaus-hallitus[at]utu.fi\u00a0<\/span><\/p>\n<\/div>\n<p><span style=\"color: #000000\">Yhdistys toimii Turun yliopistolla Educariumilla ja Turun Normaalikoululla.<\/span><\/p>\n\n\n<p><\/p>\n","protected":false},"excerpt":{"rendered":"<p>Turun Auskultantit ry (TurAus) on vuonna 1971 perustettu Turun yliopiston aineenopettaja- ja aikuispedagogiikan opiskelijoiden ainej\u00e4rjest\u00f6. Yhdistys t\u00e4ytt\u00e4\u00e4 21.5.2026 55 vuotta. Yhdistyksen p\u00e4\u00e4m\u00e4\u00e4r\u00e4n\u00e4 on huolehtia opetusharjoittelijoiden&hellip; <a href=\"https:\/\/blogit.utu.fi\/turaus\/yhdistys\/\" class=\"more-link\">Continue reading <span class=\"screen-reader-text\">Yhdistys<\/span><\/a><\/p>\n","protected":false},"author":2543,"featured_media":0,"parent":0,"menu_order":1,"comment_status":"closed","ping_status":"closed","template":"","meta":{"footnotes":""},"class_list":["post-40","page","type-page","status-publish","hentry"],"featured_image_urls_v2":{"full":"","thumbnail":"","medium":"","medium_large":"","large":"","1536x1536":"","2048x2048":""},"post_excerpt_stackable_v2":"<p>Turun Auskultantit ry (TurAus) on vuonna 1971 perustettu Turun yliopiston aineenopettaja- ja aikuispedagogiikan opiskelijoiden ainej\u00e4rjest\u00f6. Yhdistys t\u00e4ytt\u00e4\u00e4 21.5.2026 55 vuotta. Yhdistyksen p\u00e4\u00e4m\u00e4\u00e4r\u00e4n\u00e4 on huolehtia opetusharjoittelijoiden edunvalvonnasta, kehitt\u00e4\u00e4 ja yll\u00e4pit\u00e4\u00e4 suhteita t\u00e4rkeimpiin yhteisty\u00f6tahoihin sek\u00e4 vahvistaa eri aineryhmien v\u00e4lisi\u00e4 siteit\u00e4. TurAus j\u00e4rjest\u00e4\u00e4 erilaisia tapahtumia opettajaksi opiskeleville tai opettajuudesta haaveileville. P\u00e4\u00e4s\u00e4\u00e4nt\u00f6isesti tapahtumien painotus on koulutuksessa, mutta opettajaopiskelijoiden hyvinvoinnin tueksi j\u00e4rjestet\u00e4\u00e4n my\u00f6s rentouttavia tapahtumia ja kahvituksia. Yhdistyksen t\u00e4rkeimm\u00e4t yhteisty\u00f6kumppanit ovat Suomen opettajaksi opiskelevien liitto (SOOL), Turun yliopiston ylioppilaskunta (TYY), muut opettajaksi opiskelevien j\u00e4rjest\u00f6t, erityisesti Turun ja Rauman opettajaksi opiskelevien ainej\u00e4rjest\u00f6t Opex ry ja Opekas ry, Turun normaalikoulun opettajakunta ja Turun yliopiston kasvatustieteellinen tiedekunta. Yhteydenotot&hellip;<\/p>\n","category_list_v2":"","author_info_v2":{"name":"kavitan","url":"https:\/\/blogit.utu.fi\/turaus\/author\/kavitan\/"},"comments_num_v2":"0 comments","_links":{"self":[{"href":"https:\/\/blogit.utu.fi\/turaus\/wp-json\/wp\/v2\/pages\/40","targetHints":{"allow":["GET"]}}],"collection":[{"href":"https:\/\/blogit.utu.fi\/turaus\/wp-json\/wp\/v2\/pages"}],"about":[{"href":"https:\/\/blogit.utu.fi\/turaus\/wp-json\/wp\/v2\/types\/page"}],"author":[{"embeddable":true,"href":"https:\/\/blogit.utu.fi\/turaus\/wp-json\/wp\/v2\/users\/2543"}],"replies":[{"embeddable":true,"href":"https:\/\/blogit.utu.fi\/turaus\/wp-json\/wp\/v2\/comments?post=40"}],"version-history":[{"count":19,"href":"https:\/\/blogit.utu.fi\/turaus\/wp-json\/wp\/v2\/pages\/40\/revisions"}],"predecessor-version":[{"id":2803,"href":"https:\/\/blogit.utu.fi\/turaus\/wp-json\/wp\/v2\/pages\/40\/revisions\/2803"}],"wp:attachment":[{"href":"https:\/\/blogit.utu.fi\/turaus\/wp-json\/wp\/v2\/media?parent=40"}],"curies":[{"name":"wp","href":"https:\/\/api.w.org\/{rel}","templated":true}]}}