{"id":46,"date":"2017-01-31T10:05:38","date_gmt":"2017-01-31T10:05:38","guid":{"rendered":"https:\/\/blogit.utu.fi\/turaus\/?page_id=46"},"modified":"2023-11-27T19:07:32","modified_gmt":"2023-11-27T19:07:32","slug":"yhdistyksen-saannot","status":"publish","type":"page","link":"https:\/\/blogit.utu.fi\/turaus\/yhdistys\/yhdistyksen-saannot\/","title":{"rendered":"Yhdistyksen s\u00e4\u00e4nn\u00f6t"},"content":{"rendered":"\n<div class=\"wp-block-stackable-columns stk-block-columns stk-block stk-c1bf94e\" data-block-id=\"c1bf94e\"><div class=\"stk-row stk-inner-blocks stk-block-content stk-content-align stk-c1bf94e-column\">\n<div class=\"wp-block-stackable-column stk-block-column stk-column stk-block stk-ef6cd5f\" data-v=\"4\" data-block-id=\"ef6cd5f\"><div class=\"stk-column-wrapper stk-block-column__content stk-container stk-ef6cd5f-container stk--no-background stk--no-padding\"><div class=\"stk-block-content stk-inner-blocks stk-ef6cd5f-inner-blocks\">\n<p><b>Turun Auskultantit ry:n s\u00e4\u00e4nn\u00f6t<\/b><\/p>\n<p><i>Hyv\u00e4ksytty yhdistyksen kokouksessa 3.10.2023<\/i><\/p>\n<p><i>Rekister\u00f6ity Patentti- ja rekisterihallituksessa 27.10.2023<\/i><\/p>\n<p><strong>I Yhdistyksen nimi ja kotipaikka<\/strong><\/p>\n<p>\u00a71 Yhdistyksen nimi on Turun Auskultantit. Yhdistyksen nimest\u00e4 voidaan k\u00e4ytt\u00e4\u00e4 ep\u00e4virallista lyhennett\u00e4 TurAus.<\/p>\n<p>\u00a72 Yhdistyksen kotipaikka on Turun kaupunki.<\/p>\n<p><strong>II Yhdistyksen tarkoitus ja toiminnan laatu<\/strong><\/p>\n<p>\u00a73 Yhdistyksen tarkoituksena on valvoa aineenopettajan pedagogisten ja aikuispedagogiikan<br \/>opintojen opiskelijoiden sek\u00e4 n\u00e4ist\u00e4 opinnoista kiinnostuneiden koulutus- ja sosiaalipoliittisia etuja<br \/>sek\u00e4 toimia opetusharjoittelujaksojen kaikinpuoliseksi kehitt\u00e4miseksi.<\/p>\n<p>\u00a74 Tarkoituksensa toteuttamiseksi yhdistys pyrkii<br \/>&#8211; tekem\u00e4\u00e4n yhteisty\u00f6t\u00e4 Turun normaalikoulun ja Turun yliopiston kasvatustieteiden tiedekunnan<br \/>kanssa<br \/>&#8211; tekem\u00e4\u00e4n yhteisty\u00f6t\u00e4 Suomen Opettajaksi Opiskelevien Liiton (SOOL) ja opetus- ja kasvatusalan<br \/>j\u00e4rjest\u00f6jen kanssa<br \/>&#8211; tekem\u00e4\u00e4n yhteisty\u00f6t\u00e4 muidenkin samansuuntaisten p\u00e4\u00e4m\u00e4\u00e4rien hyv\u00e4ksi toimivien<br \/>opiskelijaj\u00e4rjest\u00f6jen kanssa<br \/>&#8211; j\u00e4rjest\u00e4m\u00e4\u00e4n kokouksia, virkistys- ja huvitilaisuuksia sek\u00e4 opettajuuteen liittyvi\u00e4 tilaisuuksia ja<br \/>koulutuksia sek\u00e4 harjoittamaan tiedotustoimintaa.<\/p>\n<p>\u00a75 Toimintansa tukemiseksi yhdistyksell\u00e4 on oikeus ottaa vastaan avustuksia, testamentteja ja<br \/>lahjoituksia sek\u00e4 j\u00e4rjest\u00e4\u00e4 asianomaisella luvalla rahanker\u00e4yksi\u00e4. Yhdistys voi omistaa toimintaansa<br \/>varten tarpeellista irtainta ja kiinte\u00e4\u00e4 omaisuutta.<\/p>\n<p>\u00a76 Yhdistys on puoluepoliittisesti sitoutumaton ja noudattaa toiminnassaan yhdenvertaisuutta,<br \/>tasa-arvoa ja syrjim\u00e4tt\u00f6myytt\u00e4.<\/p>\n<p><strong>III J\u00e4senyys<\/strong><\/p>\n<p>\u00a77 Yhdistyksen j\u00e4seniksi voivat liitty\u00e4 kaikki Turun yliopistossa opiskelevat, jotka ovat<br \/>kiinnostuneita aineenopettajan pedagogisista tai aikuispedagogiikan opinnoista. Yhdistyksen<br \/>j\u00e4seniksi voivat my\u00f6s liitty\u00e4 my\u00f6s muut henkil\u00f6t, jotka haluavat toimia yhdistyksen tarkoitusper\u00e4n<br \/>mukaisesti. J\u00e4seneksi liityt\u00e4\u00e4n yhdistyksen verkkosivuilla olevien ohjeiden mukaisesti. Uudet<br \/>j\u00e4senet hyv\u00e4ksyt\u00e4\u00e4n hallituksen kokouksessa.<\/p>\n<p>\u00a78 Yhdistyksen j\u00e4senell\u00e4 on velvollisuus ilmoittaa t\u00e4ydellinen nimens\u00e4 ja kotipaikkakuntansa<br \/>vuosittain lukuvuoden alussa, kuitenkin viimeist\u00e4\u00e4n 10.9. s\u00e4hk\u00f6postitse yhdistyksen<br \/>j\u00e4senrekisterist\u00e4 vastaavalle hallituksen j\u00e4senelle j\u00e4senrekisterip\u00e4ivityst\u00e4 varten. Mik\u00e4li j\u00e4sen ei ole<br \/>menetellyt edell\u00e4 mainitulla tavalla, h\u00e4net voidaan erottaa yhdistyksen kokouksessa. Eronnut j\u00e4sen<br \/>voi uudelleen liitty\u00e4 j\u00e4seneksi t\u00e4ytt\u00e4ess\u00e4\u00e4n \u00a77 mainitut edellytykset. Uudestaan j\u00e4seneksi liittyv\u00e4 on<br \/>vapautettu j\u00e4senmaksun maksamisesta, jos aiemmasta j\u00e4senmaksusta ei ole kulunut viitt\u00e4 (5)<br \/>vuotta.<\/p>\n<p>\u00a79 Yhdistyksen kannatusj\u00e4seniksi hallitus voi ottaa henkil\u00f6n tai oikeuskelpoisen yhteis\u00f6n tai<br \/>s\u00e4\u00e4ti\u00f6n, joka taloudellisesti tai muulla tavalla haluaa tukea yhdistyksen toimintaa. Kannatusj\u00e4senet<br \/>maksavat yhdistyksen vaalikokouksen p\u00e4\u00e4tt\u00e4m\u00e4n vuotuisen tai kertaluontoisen j\u00e4senmaksun.<br \/>Kannatusj\u00e4senell\u00e4 ei ole \u00e4\u00e4nioikeutta kokouksissa, eik\u00e4 h\u00e4n ole oikeutettu j\u00e4senetuihin.<\/p>\n<p>\u00a710 J\u00e4sen, joka haluaa erota yhdistyksest\u00e4, tehk\u00f6\u00f6n siit\u00e4 kirjallisen ilmoituksen hallitukselle tai sen<br \/>puheenjohtajalle tai ilmoittakoon siit\u00e4 yhdistyksen kokouksessa p\u00f6yt\u00e4kirjaan merkitt\u00e4v\u00e4ksi.<\/p>\n<p>\u00a711 Yhdistyksen hallitus voi erottaa j\u00e4senen yhdistyksest\u00e4, jos j\u00e4sen on j\u00e4tt\u00e4nyt er\u00e4\u00e4ntyneen<br \/>j\u00e4senmaksun maksamatta tai on menettelyll\u00e4\u00e4n yhdistyksess\u00e4 tai sen ulkopuolella huomattavasti<br \/>vahingoittanut yhdistyst\u00e4 tai ei en\u00e4\u00e4 t\u00e4yt\u00e4 laissa taikka yhdistyksen s\u00e4\u00e4nn\u00f6iss\u00e4 mainittuja<br \/>j\u00e4senyyden ehtoja. Yhdistyksest\u00e4 p\u00e4\u00e4t\u00f6ksell\u00e4 erotettu on oikeutettu valittamaan p\u00e4\u00e4t\u00f6ksest\u00e4<br \/>yhdistyksen hallitukselle j\u00e4tt\u00e4m\u00e4ll\u00e4 valituskirjelm\u00e4n hallitukselle 14 p\u00e4iv\u00e4n kuluessa<br \/>erottamisp\u00e4\u00e4t\u00f6ksen saamisesta.<\/p>\n<p>\u00a712 J\u00e4senmaksuista p\u00e4\u00e4tt\u00e4\u00e4 yhdistyksen vaalikokous. J\u00e4senmaksu on voimassa viisi (5) vuotta.<\/p>\n<p><strong>IV Yhdistyksen kokoukset<\/strong><\/p>\n<p>\u00a713 Ylint\u00e4 p\u00e4\u00e4t\u00f6svaltaa k\u00e4ytt\u00e4\u00e4 yhdistyksen kokous. Vaalikokous pidet\u00e4\u00e4n 15.9.-14.10. v\u00e4lisen\u00e4<br \/>aikana. Vuosikokous pidet\u00e4\u00e4n 15.11.-31.12. v\u00e4lisen\u00e4 aikana. Ylim\u00e4\u00e4r\u00e4inen kokous pidet\u00e4\u00e4n, jos<br \/>yhdistyksen hallitus katsoo sen tarpeelliseksi tai jos 1\/10 yhdistyksen \u00e4\u00e4nioikeutetuista j\u00e4senist\u00e4<br \/>sit\u00e4 vaatii ennalta nimetyn asian k\u00e4sittely\u00e4 varten. J\u00e4senten vaatima ylim\u00e4\u00e4r\u00e4inen kokous<br \/>j\u00e4rjestet\u00e4\u00e4n kuukauden kuluessa vaatimuksen esitt\u00e4misest\u00e4.<\/p>\n<p>\u00a714 Yhdistyksen kokous kutsutaan koolle s\u00e4hk\u00f6postitse tai yhdistyksen kotisivuilla olevalla kutsulla<br \/>v\u00e4hint\u00e4\u00e4n viikkoa ennen kokousta. Yhdistyksen kokoukseen voidaan osallistua hallituksen tai<br \/>yhdistyksen kokouksen niin p\u00e4\u00e4tt\u00e4ess\u00e4 my\u00f6s tietoliikenneyhteyden tai muun teknisen apuv\u00e4lineen<br \/>avulla kokouksen aikana tai ennen kokousta.<\/p>\n<p>\u00a715 Yhdistyksen kokouksissa on l\u00e4sn\u00e4olo-, puhe- ja \u00e4\u00e4nioikeus kaikilla yhdistyksen j\u00e4senill\u00e4. Kokous<br \/>voi my\u00f6nt\u00e4\u00e4 l\u00e4sn\u00e4olo- ja puheoikeuden my\u00f6s yhdistyksen ulkopuolisille henkil\u00f6ille.<\/p>\n<p>\u00a716 Asiat ratkaistaan yksinkertaisella \u00e4\u00e4nten enemmist\u00f6ll\u00e4 paitsi \u00a727 ja \u00a728 mainituista asioista<br \/>p\u00e4\u00e4tett\u00e4ess\u00e4. \u00c4\u00e4nten menness\u00e4 tasan ratkaisee puheenjohtajan \u00e4\u00e4ni, paitsi henkil\u00f6valinnoissa<br \/>arpa.<\/p>\n<p>\u00a717 Yhdistyksen vaalikokouksessa k\u00e4sitell\u00e4\u00e4n seuraavat asiat:<br \/>&#8211; Valitaan kokoukselle puheenjohtaja, sihteeri, kaksi p\u00f6yt\u00e4kirjantarkastajaa sek\u00e4 kaksi \u00e4\u00e4ntenlaskijaa<br \/>&#8211; Todetaan kokouksen laillisuus ja p\u00e4\u00e4t\u00f6svaltaisuus<br \/>&#8211; Hyv\u00e4ksyt\u00e4\u00e4n kokouksen esityslista<br \/>&#8211; P\u00e4\u00e4tet\u00e4\u00e4n j\u00e4senmaksujen suuruudesta<br \/>&#8211; Valitaan hallituksen puheenjohtaja, varapuheenjohtaja, sihteeri, taloudenhoitaja, muut varsinaiset<br \/>j\u00e4senet sek\u00e4 tarvittaessa varaj\u00e4senet<br \/>&#8211; Valitaan yksi toiminnantarkastaja ja h\u00e4nelle varatoiminnantarkastaja<br \/>&#8211; Erotetaan yhdistyksest\u00e4 j\u00e4senet, jotka eiv\u00e4t t\u00e4yt\u00e4 j\u00e4senyyden ehtoja<br \/>&#8211; K\u00e4sitell\u00e4\u00e4n muut kokouksen esityslistalla olevat asiat<\/p>\n<p>\u00a718 Yhdistyksen vuosikokouksessa k\u00e4sitell\u00e4\u00e4n seuraavat asiat:<br \/>&#8211; Valitaan kokoukselle puheenjohtaja, sihteeri, kaksi p\u00f6yt\u00e4kirjantarkastajaa sek\u00e4 kaksi \u00e4\u00e4ntenlaskijaa<br \/>&#8211; Todetaan kokouksen laillisuus ja p\u00e4\u00e4t\u00f6svaltaisuus<br \/>&#8211; Hyv\u00e4ksyt\u00e4\u00e4n kokouksen esityslista<\/p>\n<p>&#8211; P\u00e4\u00e4tet\u00e4\u00e4n tilinp\u00e4\u00e4t\u00f6ksen ja toimintakertomuksen vahvistamisesta sek\u00e4 tili- ja vastuuvapauden<br \/>my\u00f6nt\u00e4misest\u00e4 hallitukselle ja muille vastuuvelvollisille tai niist\u00e4 toimista, joihin toimintakertomus<br \/>tai toiminnantarkastajan lausunto antavat aihetta<br \/>&#8211; Vahvistetaan hallituksen laatima toimintasuunnitelma kuluvalle toimikaudelle<br \/>&#8211; Vahvistetaan hallituksen laatima talousarvio kuluvalle tilikaudelle<br \/>&#8211; K\u00e4sitell\u00e4\u00e4n muut kokouksen esityslistalla olevat asiat<\/p>\n<p><strong>V Hallitus<\/strong><\/p>\n<p>\u00a719 Yhdistyksen asioita hoitaa hallitus, joka valitaan vaalikokouksessa vuodeksi kerrallaan ja johon<br \/>kuuluu puheenjohtaja ja 4-7 varsinaista j\u00e4sent\u00e4 sek\u00e4 tarvittaessa 0-2 varaj\u00e4sent\u00e4. Hallituksen<br \/>toimikausi on yhdistyksen tilikauden mukainen 15.10-14.10. Puheenjohtajan, varapuheenjohtajan,<br \/>sihteerin ja taloudenhoitajan lis\u00e4ksi hallituksessa on nimettyj\u00e4 pestej\u00e4, jotka valitaan hallituskauden<br \/>ensimm\u00e4isess\u00e4 kokouksessa, jossa hallitus j\u00e4rjest\u00e4ytyy. Yhdistyksen tai hallituksen kokous voi<br \/>asettaa m\u00e4\u00e4r\u00e4ajaksi tai toistaiseksi toimihenkil\u00f6it\u00e4 ja toimikuntia hoitamaan erityisi\u00e4 yhdistyksen<br \/>asioita. Toimikunnat toimivat hallituksen alaisuudessa.<\/p>\n<p>\u00a720 Hallituksen kutsuu koolle puheenjohtaja tai h\u00e4nen ollessaan estyneen\u00e4 varapuheenjohtaja.<br \/>Hallitus on p\u00e4\u00e4t\u00f6svaltainen, kun v\u00e4hint\u00e4\u00e4n puolet hallituksesta mukaan lukien puheenjohtaja tai<br \/>varapuheenjohtaja on l\u00e4sn\u00e4. P\u00e4\u00e4t\u00f6kset tehd\u00e4\u00e4n yksinkertaisella \u00e4\u00e4ntenenemmist\u00f6ll\u00e4. Hallituksen<br \/>kokoukset ovat yhdistyksen j\u00e4senille avoimia ja yhdistyksen j\u00e4senill\u00e4 on kokouksissa l\u00e4sn\u00e4olo- ja<br \/>puheoikeus. Hallitus voi my\u00f6nt\u00e4\u00e4 l\u00e4sn\u00e4olo- ja puheoikeuden my\u00f6s yhdistyksen ulkopuolisille<br \/>henkil\u00f6ille. Hallituksen teht\u00e4v\u00e4n\u00e4 on:<br \/>&#8211; panna toimeen yhdistyksen kokousten p\u00e4\u00e4t\u00f6kset<br \/>&#8211; valmistella yhdistyksen kokouksissa k\u00e4sitelt\u00e4v\u00e4t asiat<br \/>&#8211; yll\u00e4pit\u00e4\u00e4 j\u00e4senrekisteri\u00e4<br \/>&#8211; hoitaa yhdistyksen yhteisi\u00e4 asioita ja taloutta sek\u00e4 vastata yhdistyksen varojen hoidosta<br \/>&#8211; ryhty\u00e4 kaikkiin toimiin, joita yhdistyksen etu vaatii.<\/p>\n<p>\u00a721 Yhdistyksen hallituksen j\u00e4senvoi erota teht\u00e4v\u00e4st\u00e4\u00e4n kirjallisella ilmoituksella yhdistyksen<br \/>hallitukselle. Eronneen j\u00e4senen teht\u00e4v\u00e4t jaetaan mahdollisuuksien mukaan muulle hallitukselle.<br \/>Mik\u00e4li teht\u00e4vien jakaminen ei ole mahdollista tai mielek\u00e4st\u00e4, kutsutaan koolle yhdistyksen kokous<br \/>uuden hallituksen j\u00e4senen valitsemiseksi. Jos eronnut henkil\u00f6 on puheenjohtaja,<br \/>varapuheenjohtaja, sihteeri tai taloudenhoitaja, on yhdistyksen kokouksen koolle kutsuminen<br \/>pakollista, jotta voidaan valita eronneen henkil\u00f6n tilalle uusi henkil\u00f6. Hallituksen j\u00e4sen voidaan<br \/>tarvittaessa my\u00f6s erottaa yhdistyksen kokouksessa.<\/p>\n<p><strong>VI Yhdistyksen nimenkirjoittaminen<\/strong><\/p>\n<p>\u00a722 Yhdistyksen nimen kirjoittavat puheenjohtaja ja varapuheenjohtaja yhdess\u00e4 tai jompikumpi<br \/>yhdess\u00e4 sihteerin tai taloudenhoitajan kanssa.<\/p>\n<p><strong>VII Yhdistyksen tilikausi ja tilink\u00e4ytt\u00f6oikeudet<\/strong><\/p>\n<p>\u00a723 Yhdistyksen tilikausi on 15.10.-14.10. Hallituksen tulee luovuttaa tilinp\u00e4\u00e4t\u00f6s<br \/>toimintakertomuksen kanssa viimeist\u00e4\u00e4n kaksikymment\u00e4yksi (21) vuorokautta ennen<br \/>vuosikokousta toiminnantarkastajalle, jonka on palautettava ne tarkastuskertomuksen kanssa<br \/>hallitukselle kahdeksan (8) vuorokautta ennen vuosikokousta.<\/p>\n<p>\u00a724 Yhdistyksen tilin k\u00e4ytt\u00f6oikeus my\u00f6nnet\u00e4\u00e4n taloudenhoitajalle ja lis\u00e4ksi v\u00e4hint\u00e4\u00e4n yhdelle<br \/>hallituksen j\u00e4senelle. Kaikki hallituksen j\u00e4senet ovat oikeutetut saamaan pankkitilien saldot.<\/p>\n<p><strong>VIII Muita s\u00e4\u00e4d\u00f6ksi\u00e4<\/strong><\/p>\n<p>\u00a725 Yhdistyksen tekem\u00e4t p\u00e4\u00e4t\u00f6kset tulevat voimaan heti, ellei niit\u00e4 teht\u00e4ess\u00e4 ole siit\u00e4 toisin<br \/>m\u00e4\u00e4r\u00e4tty eik\u00e4 yhdistyslaki toisin m\u00e4\u00e4r\u00e4\u00e4.<\/p>\n<p>\u00a726 Sen lis\u00e4ksi mit\u00e4 s\u00e4\u00e4nn\u00f6iss\u00e4 on m\u00e4\u00e4r\u00e4tty, noudatetaan voimassa olevan yhdistyslain m\u00e4\u00e4r\u00e4yksi\u00e4.<\/p>\n<p>\u00a727 N\u00e4iden s\u00e4\u00e4nt\u00f6jen muuttamista koskeva p\u00e4\u00e4t\u00f6s tulee voimaan, jos muuttamista tai purkamista<br \/>on kannattanut v\u00e4hint\u00e4\u00e4n 2\/3 yhdistyksen kokouksessa annetuista \u00e4\u00e4nist\u00e4.<\/p>\n<p>\u00a728 Yhdistyksen purkamista koskeva p\u00e4\u00e4t\u00f6s tulee voimaan, jos sit\u00e4 kahdessa per\u00e4kk\u00e4isess\u00e4<br \/>yhdistyksen kokouksessa on kannattanut v\u00e4hint\u00e4\u00e4n 2\/3 yhdistyksen kokouksessa annetuista<br \/>\u00e4\u00e4nist\u00e4.<\/p>\n<p>\u00a729 Jos yhdistys on p\u00e4\u00e4tetty purkaa, on sen j\u00e4ljell\u00e4 olevat varat k\u00e4ytett\u00e4v\u00e4 yhdistyksen<br \/>kotipaikkakunnalla opetusharjoittelua edist\u00e4v\u00e4\u00e4n tarkoitukseen niin kuin yhdistyksen purkamisesta<br \/>p\u00e4\u00e4tt\u00e4v\u00e4 kokous m\u00e4\u00e4r\u00e4\u00e4. Yhdistyksen tullessa lakkautetuksi on sen varat k\u00e4ytett\u00e4v\u00e4 samaan<br \/>tarkoitukseen.<\/p>\n<\/div><\/div><\/div>\n<\/div><\/div>\n","protected":false},"excerpt":{"rendered":"<p>Turun Auskultantit ry:n s\u00e4\u00e4nn\u00f6t Hyv\u00e4ksytty yhdistyksen kokouksessa 3.10.2023 Rekister\u00f6ity Patentti- ja rekisterihallituksessa 27.10.2023 I Yhdistyksen nimi ja kotipaikka \u00a71 Yhdistyksen nimi on Turun Auskultantit. Yhdistyksen&hellip; <a href=\"https:\/\/blogit.utu.fi\/turaus\/yhdistys\/yhdistyksen-saannot\/\" class=\"more-link\">Continue reading <span class=\"screen-reader-text\">Yhdistyksen s\u00e4\u00e4nn\u00f6t<\/span><\/a><\/p>\n","protected":false},"author":2543,"featured_media":0,"parent":40,"menu_order":3,"comment_status":"closed","ping_status":"closed","template":"","meta":{"footnotes":""},"class_list":["post-46","page","type-page","status-publish","hentry"],"featured_image_urls_v2":{"full":"","thumbnail":"","medium":"","medium_large":"","large":"","1536x1536":"","2048x2048":""},"post_excerpt_stackable_v2":"<p>Turun Auskultantit ry:n s\u00e4\u00e4nn\u00f6t Hyv\u00e4ksytty yhdistyksen kokouksessa 3.10.2023 Rekister\u00f6ity Patentti- ja rekisterihallituksessa 27.10.2023 I Yhdistyksen nimi ja kotipaikka \u00a71 Yhdistyksen nimi on Turun Auskultantit. Yhdistyksen nimest\u00e4 voidaan k\u00e4ytt\u00e4\u00e4 ep\u00e4virallista lyhennett\u00e4 TurAus. \u00a72 Yhdistyksen kotipaikka on Turun kaupunki. II Yhdistyksen tarkoitus ja toiminnan laatu \u00a73 Yhdistyksen tarkoituksena on valvoa aineenopettajan pedagogisten ja aikuispedagogiikanopintojen opiskelijoiden sek\u00e4 n\u00e4ist\u00e4 opinnoista kiinnostuneiden koulutus- ja sosiaalipoliittisia etujasek\u00e4 toimia opetusharjoittelujaksojen kaikinpuoliseksi kehitt\u00e4miseksi. \u00a74 Tarkoituksensa toteuttamiseksi yhdistys pyrkii&#8211; tekem\u00e4\u00e4n yhteisty\u00f6t\u00e4 Turun normaalikoulun ja Turun yliopiston kasvatustieteiden tiedekunnankanssa&#8211; tekem\u00e4\u00e4n yhteisty\u00f6t\u00e4 Suomen Opettajaksi Opiskelevien Liiton (SOOL) ja opetus- ja kasvatusalanj\u00e4rjest\u00f6jen kanssa&#8211; tekem\u00e4\u00e4n yhteisty\u00f6t\u00e4 muidenkin samansuuntaisten p\u00e4\u00e4m\u00e4\u00e4rien hyv\u00e4ksi toimivienopiskelijaj\u00e4rjest\u00f6jen kanssa&#8211; j\u00e4rjest\u00e4m\u00e4\u00e4n&hellip;<\/p>\n","category_list_v2":"","author_info_v2":{"name":"kavitan","url":"https:\/\/blogit.utu.fi\/turaus\/author\/kavitan\/"},"comments_num_v2":"0 comments","_links":{"self":[{"href":"https:\/\/blogit.utu.fi\/turaus\/wp-json\/wp\/v2\/pages\/46","targetHints":{"allow":["GET"]}}],"collection":[{"href":"https:\/\/blogit.utu.fi\/turaus\/wp-json\/wp\/v2\/pages"}],"about":[{"href":"https:\/\/blogit.utu.fi\/turaus\/wp-json\/wp\/v2\/types\/page"}],"author":[{"embeddable":true,"href":"https:\/\/blogit.utu.fi\/turaus\/wp-json\/wp\/v2\/users\/2543"}],"replies":[{"embeddable":true,"href":"https:\/\/blogit.utu.fi\/turaus\/wp-json\/wp\/v2\/comments?post=46"}],"version-history":[{"count":18,"href":"https:\/\/blogit.utu.fi\/turaus\/wp-json\/wp\/v2\/pages\/46\/revisions"}],"predecessor-version":[{"id":2700,"href":"https:\/\/blogit.utu.fi\/turaus\/wp-json\/wp\/v2\/pages\/46\/revisions\/2700"}],"up":[{"embeddable":true,"href":"https:\/\/blogit.utu.fi\/turaus\/wp-json\/wp\/v2\/pages\/40"}],"wp:attachment":[{"href":"https:\/\/blogit.utu.fi\/turaus\/wp-json\/wp\/v2\/media?parent=46"}],"curies":[{"name":"wp","href":"https:\/\/api.w.org\/{rel}","templated":true}]}}