{"id":545,"date":"2018-01-28T20:55:39","date_gmt":"2018-01-28T20:55:39","guid":{"rendered":"https:\/\/blogit.utu.fi\/turaus\/?page_id=545"},"modified":"2026-01-02T13:00:56","modified_gmt":"2026-01-02T13:00:56","slug":"hyodyllisia-linkkeja","status":"publish","type":"page","link":"https:\/\/blogit.utu.fi\/turaus\/jasenelle\/hyodyllisia-linkkeja\/","title":{"rendered":"Hy\u00f6dyllisi\u00e4 linkkej\u00e4"},"content":{"rendered":"<h3>TYY eli Turun yliopiston ylioppilaskunta<\/h3>\n<p><a href=\"https:\/\/www.tyy.fi\/\"><img loading=\"lazy\" decoding=\"async\" class=\"alignnone  wp-image-2121 alignright\" src=\"https:\/\/blogit.utu.fi\/turaus\/wp-content\/uploads\/sites\/100\/2021\/04\/tyy.png\" alt=\"\" width=\"177\" height=\"177\" srcset=\"https:\/\/blogit.utu.fi\/turaus\/wp-content\/uploads\/sites\/100\/2021\/04\/tyy.png 225w, https:\/\/blogit.utu.fi\/turaus\/wp-content\/uploads\/sites\/100\/2021\/04\/tyy-150x150.png 150w\" sizes=\"auto, (max-width: 177px) 100vw, 177px\" \/><\/a><\/p>\n<p>TurAus on yksi TYYn alayhdistyksist\u00e4. TYYn nettisivuilta l\u00f6yd\u00e4t ajankohtaista tietoa siit\u00e4, mit\u00e4 Turun ylipiston kampuksella oikein tapahtuu. Sivuilta l\u00f6ytyy my\u00f6s paljon hy\u00f6dyllisi\u00e4 yhteystietoja ja linkkej\u00e4 liittyen yliopisto-opiskeluun.<\/p>\n<p>Lis\u00e4tietoja: \u00a0<a href=\"https:\/\/www.tyy.fi\">https:\/\/www.tyy.fi\u00a0<\/a><\/p>\n<h3>SOOL ry eli\u00a0Suomen opettajaksi opiskelevien liitto<\/h3>\n<p><a href=\"https:\/\/www.sool.fi\/\"><img loading=\"lazy\" decoding=\"async\" class=\"wp-image-2118 alignright\" src=\"https:\/\/blogit.utu.fi\/turaus\/wp-content\/uploads\/sites\/100\/2021\/04\/sool-logo_400px-221x300.png\" alt=\"\" width=\"155\" height=\"210\" srcset=\"https:\/\/blogit.utu.fi\/turaus\/wp-content\/uploads\/sites\/100\/2021\/04\/sool-logo_400px-221x300.png 221w, https:\/\/blogit.utu.fi\/turaus\/wp-content\/uploads\/sites\/100\/2021\/04\/sool-logo_400px.png 295w\" sizes=\"auto, (max-width: 155px) 100vw, 155px\" \/><\/a><\/p>\n<p style=\"text-align: left\">TYYn lis\u00e4ksi Turaus on SOOLin j\u00e4senyhdistys. SOOL ry on opettajaksi opiskelevien etuja ajava kattoj\u00e4rjest\u00f6, joka vaikuttaa valtakunnallisella tasolla koulutuspolitiikassa.<\/p>\n<p>TurAuksen j\u00e4senen\u00e4 voit liitty\u00e4 helposti SOOLin j\u00e4seneksi. SOOLin j\u00e4senyyden kautta saat huikeita etuja!<\/p>\n<p>Lis\u00e4tietoja:\u00a0<a href=\"https:\/\/www.sool.fi\">https:\/\/www.sool.fi<\/a><\/p>\n<p>Seuraa SOOLia my\u00f6s somessa:<\/p>\n<p>SOOL ry: <a href=\"https:\/\/www.facebook.com\/soolry\">Facebook<\/a>, <a href=\"https:\/\/www.instagram.com\/sool_ry\/\">Instagram<\/a>, <a href=\"https:\/\/x.com\/sool_ry\">X <\/a>(@sool_ry)<\/p>\n<p>SOOL Turku aluetoimija: <a href=\"https:\/\/www.facebook.com\/soolTurku\">Facebook<\/a>, <a href=\"https:\/\/www.instagram.com\/sool_turku\/\">Instagram<\/a> (@sool_turku)<\/p>\n<h3>YTHS eli Ylioppilaiden terveydenhoitos\u00e4\u00e4ti\u00f6<\/h3>\n<p><a href=\"https:\/\/www.yths.fi\/\"><img loading=\"lazy\" decoding=\"async\" class=\"wp-image-2124 alignright\" src=\"https:\/\/blogit.utu.fi\/turaus\/wp-content\/uploads\/sites\/100\/2021\/04\/yths-300x300.jpg\" alt=\"\" width=\"198\" height=\"198\" srcset=\"https:\/\/blogit.utu.fi\/turaus\/wp-content\/uploads\/sites\/100\/2021\/04\/yths-300x300.jpg 300w, https:\/\/blogit.utu.fi\/turaus\/wp-content\/uploads\/sites\/100\/2021\/04\/yths-150x150.jpg 150w, https:\/\/blogit.utu.fi\/turaus\/wp-content\/uploads\/sites\/100\/2021\/04\/yths.jpg 400w\" sizes=\"auto, (max-width: 198px) 100vw, 198px\" \/><\/a><\/p>\n<p>Opiskelijoiden terveydest\u00e4 pit\u00e4\u00e4 huolta Turussa Turun ylioppilaiden terveydenhoitos\u00e4\u00e4ti\u00f6. YTHS:n nettisivujen kautta l\u00f6yd\u00e4t ajanvarauksen puhelinnumerot sek\u00e4 uusimmat tiedotteet YTHS:n j\u00e4rjest\u00e4mist\u00e4 erilaisista ryhmist\u00e4.<\/p>\n<p>Lis\u00e4tietoja:\u00a0<a href=\"http:\/\/www.yths.fi\/yhteystiedot\/toimipisteet\/turku\">http:\/\/www.yths.fi\/yhteystiedot\/toimipisteet\/turku<\/a><\/p>\n<h3>Opetushallitus<\/h3>\n<p><a href=\"https:\/\/www.oph.fi\/fi\"><img loading=\"lazy\" decoding=\"async\" class=\"size-full wp-image-2127 alignright\" src=\"https:\/\/blogit.utu.fi\/turaus\/wp-content\/uploads\/sites\/100\/2021\/04\/oph.png\" alt=\"\" width=\"267\" height=\"189\" \/><\/a><\/p>\n<p>Opetushallituksen nettisivuilta l\u00f6yd\u00e4t ajankohtaista tietoa Suomessa teht\u00e4v\u00e4st\u00e4 koulutuspolitiikasta ja viimeisimmist\u00e4 p\u00e4\u00e4t\u00f6ksist\u00e4. Nettisivut ovat eritt\u00e4in hy\u00f6dylliset opettajan pedagogisten opintojen aikana.<\/p>\n<p>Lis\u00e4tietoja:<a href=\"http:\/\/www.oph.fi\/opetushallitus\">http:\/\/www.oph.fi\/opetushallitus<\/a><\/p>\n\n\n<p><\/p>\n","protected":false},"excerpt":{"rendered":"<p>TYY eli Turun yliopiston ylioppilaskunta TurAus on yksi TYYn alayhdistyksist\u00e4. TYYn nettisivuilta l\u00f6yd\u00e4t ajankohtaista tietoa siit\u00e4, mit\u00e4 Turun ylipiston kampuksella oikein tapahtuu. Sivuilta l\u00f6ytyy my\u00f6s&hellip; <a href=\"https:\/\/blogit.utu.fi\/turaus\/jasenelle\/hyodyllisia-linkkeja\/\" class=\"more-link\">Continue reading <span class=\"screen-reader-text\">Hy\u00f6dyllisi\u00e4 linkkej\u00e4<\/span><\/a><\/p>\n","protected":false},"author":4465,"featured_media":0,"parent":1992,"menu_order":5,"comment_status":"closed","ping_status":"closed","template":"","meta":{"footnotes":""},"class_list":["post-545","page","type-page","status-publish","hentry"],"featured_image_urls_v2":{"full":"","thumbnail":"","medium":"","medium_large":"","large":"","1536x1536":"","2048x2048":""},"post_excerpt_stackable_v2":"<p>TYY eli Turun yliopiston ylioppilaskunta TurAus on yksi TYYn alayhdistyksist\u00e4. TYYn nettisivuilta l\u00f6yd\u00e4t ajankohtaista tietoa siit\u00e4, mit\u00e4 Turun ylipiston kampuksella oikein tapahtuu. Sivuilta l\u00f6ytyy my\u00f6s paljon hy\u00f6dyllisi\u00e4 yhteystietoja ja linkkej\u00e4 liittyen yliopisto-opiskeluun. Lis\u00e4tietoja: \u00a0https:\/\/www.tyy.fi\u00a0 SOOL ry eli\u00a0Suomen opettajaksi opiskelevien liitto TYYn lis\u00e4ksi Turaus on SOOLin j\u00e4senyhdistys. SOOL ry on opettajaksi opiskelevien etuja ajava kattoj\u00e4rjest\u00f6, joka vaikuttaa valtakunnallisella tasolla koulutuspolitiikassa. TurAuksen j\u00e4senen\u00e4 voit liitty\u00e4 helposti SOOLin j\u00e4seneksi. SOOLin j\u00e4senyyden kautta saat huikeita etuja! Lis\u00e4tietoja:\u00a0https:\/\/www.sool.fi Seuraa SOOLia my\u00f6s somessa: SOOL ry: Facebook, Instagram, X (@sool_ry) SOOL Turku aluetoimija: Facebook, Instagram (@sool_turku) YTHS eli Ylioppilaiden terveydenhoitos\u00e4\u00e4ti\u00f6 Opiskelijoiden terveydest\u00e4 pit\u00e4\u00e4 huolta Turussa Turun ylioppilaiden&hellip;<\/p>\n","category_list_v2":"","author_info_v2":{"name":"piorim","url":"https:\/\/blogit.utu.fi\/turaus\/author\/piorim\/"},"comments_num_v2":"0 comments","_links":{"self":[{"href":"https:\/\/blogit.utu.fi\/turaus\/wp-json\/wp\/v2\/pages\/545","targetHints":{"allow":["GET"]}}],"collection":[{"href":"https:\/\/blogit.utu.fi\/turaus\/wp-json\/wp\/v2\/pages"}],"about":[{"href":"https:\/\/blogit.utu.fi\/turaus\/wp-json\/wp\/v2\/types\/page"}],"author":[{"embeddable":true,"href":"https:\/\/blogit.utu.fi\/turaus\/wp-json\/wp\/v2\/users\/4465"}],"replies":[{"embeddable":true,"href":"https:\/\/blogit.utu.fi\/turaus\/wp-json\/wp\/v2\/comments?post=545"}],"version-history":[{"count":15,"href":"https:\/\/blogit.utu.fi\/turaus\/wp-json\/wp\/v2\/pages\/545\/revisions"}],"predecessor-version":[{"id":2795,"href":"https:\/\/blogit.utu.fi\/turaus\/wp-json\/wp\/v2\/pages\/545\/revisions\/2795"}],"up":[{"embeddable":true,"href":"https:\/\/blogit.utu.fi\/turaus\/wp-json\/wp\/v2\/pages\/1992"}],"wp:attachment":[{"href":"https:\/\/blogit.utu.fi\/turaus\/wp-json\/wp\/v2\/media?parent=545"}],"curies":[{"name":"wp","href":"https:\/\/api.w.org\/{rel}","templated":true}]}}