{"id":7,"date":"2017-01-31T09:48:20","date_gmt":"2017-01-31T09:48:20","guid":{"rendered":"https:\/\/blogit.utu.fi\/turaus\/?page_id=2"},"modified":"2026-01-02T16:52:54","modified_gmt":"2026-01-02T16:52:54","slug":"sample-page","status":"publish","type":"page","link":"https:\/\/blogit.utu.fi\/turaus\/sample-page\/","title":{"rendered":"Pedagogiset opinnot"},"content":{"rendered":"<p class=\"post-title entry-title\"><span style=\"color: #000000\">Opettajan pedagogisiin opintoihin haku tapahtuu vuosittain. Yleens\u00e4 haku on alkuvuodesta tammi-helmikuussa. Varsinaiset p\u00e4\u00e4sykokeet pidet\u00e4\u00e4n vuosittain maalis-huhtikuussa. Hakiessasi pedagogisiin opintoihin haet joko aineenopettajan pedagogisiin opintoihin tai aikuispedagogiikan pedagogisiin opintoihin riippuen p\u00e4\u00e4aineestasi. P\u00e4ivitetty tieto siit\u00e4, kumpaan juuri sin\u00e4 voit hakea l\u00f6ytyy Turun yliopiston sivuilta ja intranetist\u00e4. <\/span><\/p>\n<p>Pedagogiset opinnot poikkeavat tavallisesta opintovuodesta monella tapaa: opinnot vaativat enemm\u00e4n l\u00e4sn\u00e4oloa ja tahti voi tuntua nopealta. Pedagogisten vuosi on kuitenkin ehdottomasti opiskelijan parasta aikaa ja siit\u00e4 kannattaa ottaa rohkeasti kaikki irti! Vuodesta nauttiminen on enemm\u00e4n kuin sallittua.<\/p>\n\n\n<div class=\"wp-block-buttons is-layout-flex wp-block-buttons-is-layout-flex\">\n<div class=\"wp-block-button is-style-outline is-style-outline--1\"><a class=\"wp-block-button__link has-vivid-red-color has-text-color wp-element-button\" href=\"https:\/\/www.utu.fi\/fi\/kasvatustieteiden-tiedekunta\/opettajan-pedagogiset-opinnot\" target=\"_blank\" rel=\"noreferrer noopener\">Tietoa opettajan pedagogisista opinnoista<\/a><\/div>\n<\/div>\n\n\n\n<p><\/p>\n\n\n\n<p><strong>Aineenopettajan pedagogiset opinnot<\/strong><\/p>\n\n\n\n<p>Aineenopettajan pedagogiset opinnot (60op) rakentuu kasvatustieteen opinnoista (20op), ainedidaktisista opinnoista (20op) ja harjoittelujaksoista (20op). Kasvatustieteen opinnot voi suorittaa jo etuk\u00e4teen, mutta ainedidaktiikkaa ja opetusharjoitteluja p\u00e4\u00e4see suorittamaan vasta pedagogisten vuonna, kun olet p\u00e4\u00e4ssyt mukaan virallisesti opintoihin. Yleisesti pedagogisten opintojen puhutaan jakautuvan Edu-viikkoihin ja Norssi-viikkoihin. Edu-viikoilla opiskellaan Educariumilla omissa aineryhmiss\u00e4 ainedidaktiikkaa ja Norssi-viikoilla ollaan opetusharjoittelussa Turun normaalikoululla. Opiskelu voi tuntua varsinkin alkuun hyvin intensiiviselt\u00e4, mutta t\u00e4h\u00e4n tottuu. Lis\u00e4ksi opintojen alussa uusia auskuja (ausku eli auskultantti eli opetusharjoittelija) on auttamassa ja ohjaamassa auskutuutorit, joten pienempienk\u00e4\u00e4n kysymysten kanssa ei tarvitse j\u00e4\u00e4d\u00e4 yksin. Tsemppi\u00e4 opintoihin!<\/p>\n\n\n\n<p><strong>Aikuispedagogiikan opinnot<\/strong><\/p>\n\n\n\n<p>Aikuispedagogiikan opinnoissa (60op) opiskelijalla on enemm\u00e4n valinnanvapautta siin\u00e4, mihin haluaa erikoistua. Opinnoissa saa mm. valita, haluaako keskitty\u00e4 kasvatustieteeseen vai aikuiskasvatustieteeseen ja kursseissa on muutenkin enemm\u00e4n vaihtoehtoja. Aikuispedagogiikassa ensimm\u00e4inen harjoittelujakso suoritetaan syksyll\u00e4 Turun normaalikoululla. Toisella harjoittelujaksolla opiskelija saa menn\u00e4 harjoitteluun valitsemaansa lukioon, aikuis- tai ammattioppilaitokseen tai korkeakouluun. Aikuispedagogiikkaa voi hakea opiskelemaan monista erilaisista oppiaineista, joten aikuispedagogiikan opiskelijoiden kirjo on my\u00f6s laaja ja mahdollisuuksia on paljon. Pedagogisten vuosi on aivan mahtava ja vuoden aikana oppii paljon. Tsemppi\u00e4 opintoihin!<\/p>\n\n\n\n<figure class=\"wp-block-image size-large\"><img loading=\"lazy\" decoding=\"async\" width=\"1024\" height=\"681\" src=\"https:\/\/blogit.utu.fi\/turaus\/wp-content\/uploads\/sites\/100\/2019\/05\/DSC_0799-1024x681.jpg\" alt=\"\" class=\"wp-image-824\" srcset=\"https:\/\/blogit.utu.fi\/turaus\/wp-content\/uploads\/sites\/100\/2019\/05\/DSC_0799-1024x681.jpg 1024w, https:\/\/blogit.utu.fi\/turaus\/wp-content\/uploads\/sites\/100\/2019\/05\/DSC_0799-300x199.jpg 300w, https:\/\/blogit.utu.fi\/turaus\/wp-content\/uploads\/sites\/100\/2019\/05\/DSC_0799-768x511.jpg 768w\" sizes=\"auto, (max-width: 1024px) 100vw, 1024px\" \/><\/figure>\n","protected":false},"excerpt":{"rendered":"<p>Opettajan pedagogisiin opintoihin haku tapahtuu vuosittain. Yleens\u00e4 haku on alkuvuodesta tammi-helmikuussa. Varsinaiset p\u00e4\u00e4sykokeet pidet\u00e4\u00e4n vuosittain maalis-huhtikuussa. Hakiessasi pedagogisiin opintoihin haet joko aineenopettajan pedagogisiin opintoihin tai&hellip; <a href=\"https:\/\/blogit.utu.fi\/turaus\/sample-page\/\" class=\"more-link\">Continue reading <span class=\"screen-reader-text\">Pedagogiset opinnot<\/span><\/a><\/p>\n","protected":false},"author":2543,"featured_media":0,"parent":0,"menu_order":2,"comment_status":"closed","ping_status":"open","template":"","meta":{"footnotes":""},"class_list":["post-7","page","type-page","status-publish","hentry"],"featured_image_urls_v2":{"full":"","thumbnail":"","medium":"","medium_large":"","large":"","1536x1536":"","2048x2048":""},"post_excerpt_stackable_v2":"<p>Opettajan pedagogisiin opintoihin haku tapahtuu vuosittain. Yleens\u00e4 haku on alkuvuodesta tammi-helmikuussa. Varsinaiset p\u00e4\u00e4sykokeet pidet\u00e4\u00e4n vuosittain maalis-huhtikuussa. Hakiessasi pedagogisiin opintoihin haet joko aineenopettajan pedagogisiin opintoihin tai aikuispedagogiikan pedagogisiin opintoihin riippuen p\u00e4\u00e4aineestasi. P\u00e4ivitetty tieto siit\u00e4, kumpaan juuri sin\u00e4 voit hakea l\u00f6ytyy Turun yliopiston sivuilta ja intranetist\u00e4. Pedagogiset opinnot poikkeavat tavallisesta opintovuodesta monella tapaa: opinnot vaativat enemm\u00e4n l\u00e4sn\u00e4oloa ja tahti voi tuntua nopealta. Pedagogisten vuosi on kuitenkin ehdottomasti opiskelijan parasta aikaa ja siit\u00e4 kannattaa ottaa rohkeasti kaikki irti! Vuodesta nauttiminen on enemm\u00e4n kuin sallittua. Tietoa opettajan pedagogisista opinnoista Aineenopettajan pedagogiset opinnot Aineenopettajan pedagogiset opinnot (60op) rakentuu kasvatustieteen opinnoista (20op), ainedidaktisista opinnoista (20op) ja&hellip;<\/p>\n","category_list_v2":"","author_info_v2":{"name":"kavitan","url":"https:\/\/blogit.utu.fi\/turaus\/author\/kavitan\/"},"comments_num_v2":"0 comments","_links":{"self":[{"href":"https:\/\/blogit.utu.fi\/turaus\/wp-json\/wp\/v2\/pages\/7","targetHints":{"allow":["GET"]}}],"collection":[{"href":"https:\/\/blogit.utu.fi\/turaus\/wp-json\/wp\/v2\/pages"}],"about":[{"href":"https:\/\/blogit.utu.fi\/turaus\/wp-json\/wp\/v2\/types\/page"}],"author":[{"embeddable":true,"href":"https:\/\/blogit.utu.fi\/turaus\/wp-json\/wp\/v2\/users\/2543"}],"replies":[{"embeddable":true,"href":"https:\/\/blogit.utu.fi\/turaus\/wp-json\/wp\/v2\/comments?post=7"}],"version-history":[{"count":12,"href":"https:\/\/blogit.utu.fi\/turaus\/wp-json\/wp\/v2\/pages\/7\/revisions"}],"predecessor-version":[{"id":2823,"href":"https:\/\/blogit.utu.fi\/turaus\/wp-json\/wp\/v2\/pages\/7\/revisions\/2823"}],"wp:attachment":[{"href":"https:\/\/blogit.utu.fi\/turaus\/wp-json\/wp\/v2\/media?parent=7"}],"curies":[{"name":"wp","href":"https:\/\/api.w.org\/{rel}","templated":true}]}}