{"id":15,"date":"2019-12-10T10:43:33","date_gmt":"2019-12-10T10:43:33","guid":{"rendered":"https:\/\/blogit.utu.fi\/turku1800\/?page_id=15"},"modified":"2024-02-26T14:44:59","modified_gmt":"2024-02-26T14:44:59","slug":"1800-luvun-turkulaisia","status":"publish","type":"page","link":"https:\/\/blogit.utu.fi\/turku1800\/1800-luvun-turkulaisia\/","title":{"rendered":"1800-luvun turkulaisia"},"content":{"rendered":"\n<h2 class=\"wp-block-heading\"><\/h2>\n\n\n\n<p class=\"has-black-color has-pale-cyan-blue-background-color has-text-color has-background has-link-color wp-elements-5ef6e00428821e14bb061945f7780aa9\">Facebookissa ilmestyi tammikuussa 2017 pienoisel\u00e4m\u00e4kertoja otsikolla Turkulainen tammikuu. Samana vuonna niist\u00e4 ilmestyi kirja <em>Talouden ja kulttuurin verkostoissa: 1800-luvun turkulaisia<\/em> (Histories 4). Julkaisu on nyt luettavissa ja ladattavissa t\u00e4\u00e4ll\u00e4.<\/p>\n\n\n\n<figure class=\"wp-block-image\"><img decoding=\"async\" src=\"https:\/\/turku1800.utu.fi\/wp-content\/uploads\/2017\/01\/Alfred-och-Helene-224x300.jpg\" alt=\"\" class=\"wp-image-1801\" \/><\/figure>\n\n\n\n<div data-wp-interactive=\"core\/file\" class=\"wp-block-file\"><object data-wp-bind--hidden=\"!state.hasPdfPreview\" hidden class=\"wp-block-file__embed\" data=\"https:\/\/blogit.utu.fi\/turku1800\/wp-content\/uploads\/sites\/480\/2024\/02\/1800-luvun-turkulaisia-1.pdf\" type=\"application\/pdf\" style=\"width:100%;height:600px\" aria-label=\"Tiedoston 1800-luvun-turkulaisia-1 upotus.\"><\/object><a id=\"wp-block-file--media-a557300d-cd64-41aa-b78e-414948f95541\" href=\"https:\/\/blogit.utu.fi\/turku1800\/wp-content\/uploads\/sites\/480\/2024\/02\/1800-luvun-turkulaisia-1.pdf\">1800-luvun-turkulaisia-1<\/a><a href=\"https:\/\/blogit.utu.fi\/turku1800\/wp-content\/uploads\/sites\/480\/2024\/02\/1800-luvun-turkulaisia-1.pdf\" class=\"wp-block-file__button wp-element-button\" download aria-describedby=\"wp-block-file--media-a557300d-cd64-41aa-b78e-414948f95541\">Lataa<\/a><\/div>\n","protected":false},"excerpt":{"rendered":"<p>Facebookissa ilmestyi tammikuussa 2017 pienoisel\u00e4m\u00e4kertoja otsikolla Turkulainen tammikuu. Samana vuonna niist\u00e4 ilmestyi kirja Talouden ja kulttuurin verkostoissa: 1800-luvun turkulaisia (Histories 4). Julkaisu on nyt luettavissa ja ladattavissa t\u00e4\u00e4ll\u00e4.<\/p>\n","protected":false},"author":3371,"featured_media":0,"parent":0,"menu_order":2,"comment_status":"closed","ping_status":"closed","template":"","meta":{"footnotes":""},"class_list":["post-15","page","type-page","status-publish","hentry"],"_links":{"self":[{"href":"https:\/\/blogit.utu.fi\/turku1800\/wp-json\/wp\/v2\/pages\/15","targetHints":{"allow":["GET"]}}],"collection":[{"href":"https:\/\/blogit.utu.fi\/turku1800\/wp-json\/wp\/v2\/pages"}],"about":[{"href":"https:\/\/blogit.utu.fi\/turku1800\/wp-json\/wp\/v2\/types\/page"}],"author":[{"embeddable":true,"href":"https:\/\/blogit.utu.fi\/turku1800\/wp-json\/wp\/v2\/users\/3371"}],"replies":[{"embeddable":true,"href":"https:\/\/blogit.utu.fi\/turku1800\/wp-json\/wp\/v2\/comments?post=15"}],"version-history":[{"count":6,"href":"https:\/\/blogit.utu.fi\/turku1800\/wp-json\/wp\/v2\/pages\/15\/revisions"}],"predecessor-version":[{"id":277,"href":"https:\/\/blogit.utu.fi\/turku1800\/wp-json\/wp\/v2\/pages\/15\/revisions\/277"}],"wp:attachment":[{"href":"https:\/\/blogit.utu.fi\/turku1800\/wp-json\/wp\/v2\/media?parent=15"}],"curies":[{"name":"wp","href":"https:\/\/api.w.org\/{rel}","templated":true}]}}