{"id":21,"date":"2019-12-10T10:44:41","date_gmt":"2019-12-10T10:44:41","guid":{"rendered":"https:\/\/blogit.utu.fi\/turku1800\/?page_id=21"},"modified":"2024-02-26T13:48:31","modified_gmt":"2024-02-26T13:48:31","slug":"pa-svenska","status":"publish","type":"page","link":"https:\/\/blogit.utu.fi\/turku1800\/pa-svenska\/","title":{"rendered":"P\u00e5 svenska"},"content":{"rendered":"\n<p>L\u00e4ro\u00e4mnet&nbsp;<a href=\"http:\/\/www.utu.fi\/fi\/yksikot\/hum\/yksikot\/yleinenhistoria\/Sivut\/home.aspx\">Allm\u00e4n historia<\/a>&nbsp;vid \u00c5bo universitetet&nbsp;i samarbete med&nbsp;<a href=\"https:\/\/www.turku.fi\/sv\/museum\">\u00c5bo museicentral<\/a>&nbsp;genomf\u00f6r forskningsprojektet Turku\/\u00c5bo 1800&nbsp;som en del av&nbsp;<a href=\"https:\/\/www.turku.fi\/turku-tieto\/kaupunkitutkimus\/turun-kaupunkitutkimusohjelma\">\u00c5bo stadsforskningsprogrammet<\/a>.&nbsp;Syftet \u00e4r att f\u00f6r f\u00f6rsta g\u00e5ngen g\u00f6ra en helhetstolkning som grundar sig p\u00e5 den moderna historieforskningen g\u00e4llande akt\u00f6rer inom kultur och ekonomi. Forskarna&nbsp;\u00f6nskar att komma i kontakt med stadsbor f\u00f6r att kartl\u00e4gga det privata materialet.<\/p>\n\n\n\n<p>Forskningsprojektet av Professor Taina Syrj\u00e4maa och FD Janne Tunturi skapar en ny tolkning av \u00c5bos historia under 1800-talet genom att analysera staden som en del av det internationella n\u00e4tverket. I unders\u00f6kningen f\u00e4ster man uppm\u00e4rksamhet p\u00e5 gl\u00f6mda f\u00f6reningar och f\u00f6retag av betydelse. Resultatet av forskningen publiceras enligt open access -principen och det kommer att till\u00e4mpas bl.a. f\u00f6r utveckling av turismen.<\/p>\n\n\n\n<p><strong>Fr\u00e5n byr\u00e5l\u00e5dorna till allm\u00e4n gl\u00e4dje<\/strong><\/p>\n\n\n\n<p>I forskningsprojektet s\u00f6ker vi&nbsp;efter gamla bilder, texter och f\u00f6rem\u00e5l fr\u00e5n \u00c5bo&nbsp;\u00e5ren 1812-1917. Speciellt intresserade \u00e4r vi&nbsp;av material som behandlar internationella n\u00e4tverk inom det kulturella och ekonomiska livet.<\/p>\n\n\n\n<p>Projektet medf\u00f6r m\u00f6jligheten att kombinera privata samlingar med en del av en ny typ av databas, genom vilken materialen blir tillg\u00e4ngliga f\u00f6r b\u00e5de forskare och offentligheten. Vi&nbsp;\u00e4r intresserade av donationer eller l\u00e5n av historiska samlingar samt m\u00f6jligheten av att dokumentera privatsamlingar.<\/p>\n\n\n\n<p>Forskningsprojektet<em>&nbsp;Turku 1812\u20131917 \u2013 Valtiollisen historian marginaalista kansainv\u00e4lisen talous- ja kulttuuriel\u00e4m\u00e4n aktiiviseksi toimijaksi<\/em>&nbsp;\u00e4r en del av \u00c5bos stadsforskningsprogram. Projektet genomf\u00f6rs av l\u00e4ro\u00e4mnet allm\u00e4n historia vid \u00c5bo universitet i samarbete med \u00c5bo museicentral samt \u00f6vriga samarbetspartners.<\/p>\n\n\n\n<p>Forskningsprojektets Facebook-sidorna finns p\u00e5 adressen&nbsp;<a href=\"http:\/\/www.facebook.com\/Turku1800\">www.facebook.com\/Turku1800<\/a>.&nbsp;<\/p>\n","protected":false},"excerpt":{"rendered":"<p>L\u00e4ro\u00e4mnet&nbsp;Allm\u00e4n historia&nbsp;vid \u00c5bo universitetet&nbsp;i samarbete med&nbsp;\u00c5bo museicentral&nbsp;genomf\u00f6r forskningsprojektet Turku\/\u00c5bo 1800&nbsp;som en del av&nbsp;\u00c5bo stadsforskningsprogrammet.&nbsp;Syftet \u00e4r att f\u00f6r f\u00f6rsta g\u00e5ngen g\u00f6ra en helhetstolkning som grundar sig p\u00e5 den moderna historieforskningen g\u00e4llande akt\u00f6rer inom kultur och ekonomi. Forskarna&nbsp;\u00f6nskar att komma i kontakt med stadsbor f\u00f6r att kartl\u00e4gga det privata materialet. Forskningsprojektet av Professor Taina Syrj\u00e4maa och FD&#8230; <\/p>\n<div class=\"link-more\"><a href=\"https:\/\/blogit.utu.fi\/turku1800\/pa-svenska\/\">Read More<\/a><\/div>\n","protected":false},"author":3371,"featured_media":0,"parent":0,"menu_order":4,"comment_status":"closed","ping_status":"closed","template":"","meta":{"footnotes":""},"class_list":["post-21","page","type-page","status-publish","hentry"],"_links":{"self":[{"href":"https:\/\/blogit.utu.fi\/turku1800\/wp-json\/wp\/v2\/pages\/21","targetHints":{"allow":["GET"]}}],"collection":[{"href":"https:\/\/blogit.utu.fi\/turku1800\/wp-json\/wp\/v2\/pages"}],"about":[{"href":"https:\/\/blogit.utu.fi\/turku1800\/wp-json\/wp\/v2\/types\/page"}],"author":[{"embeddable":true,"href":"https:\/\/blogit.utu.fi\/turku1800\/wp-json\/wp\/v2\/users\/3371"}],"replies":[{"embeddable":true,"href":"https:\/\/blogit.utu.fi\/turku1800\/wp-json\/wp\/v2\/comments?post=21"}],"version-history":[{"count":1,"href":"https:\/\/blogit.utu.fi\/turku1800\/wp-json\/wp\/v2\/pages\/21\/revisions"}],"predecessor-version":[{"id":24,"href":"https:\/\/blogit.utu.fi\/turku1800\/wp-json\/wp\/v2\/pages\/21\/revisions\/24"}],"wp:attachment":[{"href":"https:\/\/blogit.utu.fi\/turku1800\/wp-json\/wp\/v2\/media?parent=21"}],"curies":[{"name":"wp","href":"https:\/\/api.w.org\/{rel}","templated":true}]}}