{"id":30,"date":"2019-12-10T10:51:11","date_gmt":"2019-12-10T10:51:11","guid":{"rendered":"https:\/\/blogit.utu.fi\/turku1800\/?page_id=30"},"modified":"2024-02-26T13:48:09","modified_gmt":"2024-02-26T13:48:09","slug":"projekti-2016-17","status":"publish","type":"page","link":"https:\/\/blogit.utu.fi\/turku1800\/projekti-2016-17\/","title":{"rendered":"Projekti 2016-17"},"content":{"rendered":"\n<p>\n\nProfessori Taina Syrj\u00e4maa ja FT Janne Tunturi k\u00e4ynnistiv\u00e4t lokakuussa 2016 esitutkimuksen, jonka pohjalta teht\u00e4v\u00e4ss\u00e4 pitk\u00e4aikaisessa tutkimushankkeessa tuotetaan uusi tulkinta Turun 1800-luvun historiasta kansainv\u00e4listen verkostojen osana. Samalla se kiinnitt\u00e4\u00e4 huomiota monien unohdettujen yhdistysten ja yritysten merkitykseen. Tutkimuksen tulokset julkaistaan mahdollisuuksien mukaan avoimen julkaisun&nbsp;periaatteella sek\u00e4 historiantutkijoiden ett\u00e4 turkulaisten k\u00e4ytt\u00f6\u00f6n. Esimerkiksi yksityisaineistosta luodaan uusi julkinen tietovaranto. \n\n<\/p>\n\n\n\n<p>Turku 1800-luvun aktiivisena, menestyv\u00e4n\u00e4 ja kansainv\u00e4lisen\u00e4 kaupunkina on j\u00e4\u00e4nyt varjoon kansallisessa historiankirjoituksessa, jonka huomio on kiinnittynyt valtiollisiin instituutioihin ja Helsinkiin. T\u00e4m\u00e4n takia Turkua on tuntunut\u00a0yh\u00e4 m\u00e4\u00e4ritt\u00e4v\u00e4n vain ajallisesti hyvin et\u00e4inen menneisyys.<\/p>\n\n\n\n<p>Turku\/\u00c5bo1800\u00a0oli osa\u00a0<a href=\"https:\/\/www.turku.fi\/turku-tieto\/kaupunkitutkimus\/turun-kaupunkitutkimusohjelma\">Turun kaupunkitutkimusohjelmaa<\/a>, joka on\u00a0Turun kaupungin, Turun yliopiston ja \u00c5bo Akademin yhteinen tutkimusohjelma, jossa tehd\u00e4\u00e4n kaupunkien kehityst\u00e4 koskevaa akateemista tutkimusta.<\/p>\n\n\n\n<p>Hankkeen toteuttiTurun\u00a0<a href=\"http:\/\/www.utu.fi\/fi\/yksikot\/hum\/yksikot\/yleinenhistoria\/Sivut\/home.aspx\">yleisen historian oppiaine<\/a>\u00a0yhteisty\u00f6ss\u00e4\u00a0<a href=\"https:\/\/www.turku.fi\/museo\">Turun Museokeskuksen<\/a>\u00a0kanssa.<\/p>\n\n\n\n<p>Ohjausryhm\u00e4 kuuluivat:<\/p>\n\n\n\n<ul class=\"wp-block-list\"><li>Pj. Olli Immonen, Turun Museokeskus<\/li><li>Tomi Karjalainen, Turun kaupunki<\/li><li>Sampo Ruoppila, Turun Kaupunkitutkimus<\/li><li>Taina Syrj\u00e4maa, yleinen historia<\/li><li>Maarit Talamo-Kemil\u00e4inen, Turun Museokeskus<\/li><li>Janne Tunturi, yleinen historia<\/li><\/ul>\n\n\n\n<p>Hanke oli osa&nbsp;<a href=\"http:\/\/suomifinland100.fi\/\">Suomi 100 -juhlavuoden<\/a>&nbsp;toimintaa.<\/p>\n\n\n\n<figure class=\"wp-block-image\"><img decoding=\"async\" src=\"https:\/\/turku1800.utu.fi\/wp-content\/uploads\/2017\/03\/download.png\" alt=\"\" class=\"wp-image-2073\" \/><\/figure>\n\n\n\n<p>Muista yhteisty\u00f6kumppaneitamme ovat:<\/p>\n\n\n\n<ul class=\"wp-block-list\"><li><a href=\"https:\/\/albumitauki.fi\/group\/turku\">Albumit Auki Turku<\/a><\/li><li><a href=\"http:\/\/www.turkuseura.fi\/\">Turkuseura<\/a><\/li><li><a href=\"http:\/\/www.turuntaidemuseo.fi\/\">Turun Taidemuseo<\/a><\/li><li><a href=\"http:\/\/www.perhelaakarit.com\/\">Turun Perhel\u00e4\u00e4k\u00e4rit<\/a><\/li><li><a href=\"http:\/\/www.sibeliusmuseum.fi\/\">Sibeliusmuseo<\/a><\/li><li><a href=\"http:\/\/www.turkusteamers.com\/oheistietoa\/varustamoita\/meritoimi\/varu.html\">Meritoimi Oy<\/a><\/li><li><a href=\"http:\/\/www.forum-marinum.fi\/fi\/\">Forum Marinum<\/a><\/li><li><a href=\"http:\/\/etthem.fi\/?lang=fi\">Ett Hem<\/a><\/li><li><a href=\"https:\/\/www.facebook.com\/groups\/589324387787908\/?fref=ts\">Postikorttien Turku<\/a><\/li><li><a href=\"http:\/\/www.turunvpk.fi\/\">Turun VPK:n talo<\/a><\/li><li><a href=\"http:\/\/www.vesilaitosmuseo.fi\/\">Turun Vesilaitosmuseo<\/a><\/li><\/ul>\n","protected":false},"excerpt":{"rendered":"<p>Professori Taina Syrj\u00e4maa ja FT Janne Tunturi k\u00e4ynnistiv\u00e4t lokakuussa 2016 esitutkimuksen, jonka pohjalta teht\u00e4v\u00e4ss\u00e4 pitk\u00e4aikaisessa tutkimushankkeessa tuotetaan uusi tulkinta Turun 1800-luvun historiasta kansainv\u00e4listen verkostojen osana. Samalla se kiinnitt\u00e4\u00e4 huomiota monien unohdettujen yhdistysten ja yritysten merkitykseen. Tutkimuksen tulokset julkaistaan mahdollisuuksien mukaan avoimen julkaisun&nbsp;periaatteella sek\u00e4 historiantutkijoiden ett\u00e4 turkulaisten k\u00e4ytt\u00f6\u00f6n. Esimerkiksi yksityisaineistosta luodaan uusi julkinen tietovaranto. Turku 1800-luvun&#8230; <\/p>\n<div class=\"link-more\"><a href=\"https:\/\/blogit.utu.fi\/turku1800\/projekti-2016-17\/\">Read More<\/a><\/div>\n","protected":false},"author":3371,"featured_media":0,"parent":0,"menu_order":1,"comment_status":"closed","ping_status":"closed","template":"","meta":{"footnotes":""},"class_list":["post-30","page","type-page","status-publish","hentry"],"_links":{"self":[{"href":"https:\/\/blogit.utu.fi\/turku1800\/wp-json\/wp\/v2\/pages\/30","targetHints":{"allow":["GET"]}}],"collection":[{"href":"https:\/\/blogit.utu.fi\/turku1800\/wp-json\/wp\/v2\/pages"}],"about":[{"href":"https:\/\/blogit.utu.fi\/turku1800\/wp-json\/wp\/v2\/types\/page"}],"author":[{"embeddable":true,"href":"https:\/\/blogit.utu.fi\/turku1800\/wp-json\/wp\/v2\/users\/3371"}],"replies":[{"embeddable":true,"href":"https:\/\/blogit.utu.fi\/turku1800\/wp-json\/wp\/v2\/comments?post=30"}],"version-history":[{"count":2,"href":"https:\/\/blogit.utu.fi\/turku1800\/wp-json\/wp\/v2\/pages\/30\/revisions"}],"predecessor-version":[{"id":60,"href":"https:\/\/blogit.utu.fi\/turku1800\/wp-json\/wp\/v2\/pages\/30\/revisions\/60"}],"wp:attachment":[{"href":"https:\/\/blogit.utu.fi\/turku1800\/wp-json\/wp\/v2\/media?parent=30"}],"curies":[{"name":"wp","href":"https:\/\/api.w.org\/{rel}","templated":true}]}}