{"id":408,"date":"2026-02-05T22:16:56","date_gmt":"2026-02-05T20:16:56","guid":{"rendered":"https:\/\/blogit.utu.fi\/turku800\/?page_id=408"},"modified":"2026-02-05T22:16:56","modified_gmt":"2026-02-05T20:16:56","slug":"las-om-abos-historia-pa-svenska","status":"publish","type":"page","link":"https:\/\/blogit.utu.fi\/turku800\/las-om-abos-historia-pa-svenska\/","title":{"rendered":"L\u00e4s om \u00c5bos historia p\u00e5 svenska"},"content":{"rendered":"\n<p>Nu kan du ocks\u00e5 f\u00f6lja bloggen p\u00e5 svenska! Bes\u00f6k den h\u00e4r: <a href=\"https:\/\/blogit.utu.fi\/abo800\/\">https:\/\/blogit.utu.fi\/abo800\/<\/a><\/p>\n","protected":false},"excerpt":{"rendered":"<p>Nu kan du ocks\u00e5 f\u00f6lja bloggen p\u00e5 svenska! Bes\u00f6k den h\u00e4r: https:\/\/blogit.utu.fi\/abo800\/<\/p>\n","protected":false},"author":29,"featured_media":0,"parent":0,"menu_order":0,"comment_status":"closed","ping_status":"closed","template":"","meta":{"footnotes":""},"class_list":["post-408","page","type-page","status-publish","hentry"],"_links":{"self":[{"href":"https:\/\/blogit.utu.fi\/turku800\/wp-json\/wp\/v2\/pages\/408","targetHints":{"allow":["GET"]}}],"collection":[{"href":"https:\/\/blogit.utu.fi\/turku800\/wp-json\/wp\/v2\/pages"}],"about":[{"href":"https:\/\/blogit.utu.fi\/turku800\/wp-json\/wp\/v2\/types\/page"}],"author":[{"embeddable":true,"href":"https:\/\/blogit.utu.fi\/turku800\/wp-json\/wp\/v2\/users\/29"}],"replies":[{"embeddable":true,"href":"https:\/\/blogit.utu.fi\/turku800\/wp-json\/wp\/v2\/comments?post=408"}],"version-history":[{"count":1,"href":"https:\/\/blogit.utu.fi\/turku800\/wp-json\/wp\/v2\/pages\/408\/revisions"}],"predecessor-version":[{"id":409,"href":"https:\/\/blogit.utu.fi\/turku800\/wp-json\/wp\/v2\/pages\/408\/revisions\/409"}],"wp:attachment":[{"href":"https:\/\/blogit.utu.fi\/turku800\/wp-json\/wp\/v2\/media?parent=408"}],"curies":[{"name":"wp","href":"https:\/\/api.w.org\/{rel}","templated":true}]}}