{"id":18,"date":"2021-01-27T12:13:46","date_gmt":"2021-01-27T12:13:46","guid":{"rendered":"https:\/\/blogit.utu.fi\/turunhovioikeus\/?page_id=18"},"modified":"2021-01-27T12:53:04","modified_gmt":"2021-01-27T12:53:04","slug":"tyoryhma","status":"publish","type":"page","link":"https:\/\/blogit.utu.fi\/turunhovioikeus\/tyoryhma\/","title":{"rendered":"Ty\u00f6ryhm\u00e4"},"content":{"rendered":"\n<p>Turun hovioikeuden historiaa tutkii eri yliopistojen oikeushistorioitsijoista ja historioitsijoista koostuva ty\u00f6ryhm\u00e4.<\/p>\n\n\n\n<figure class=\"wp-block-image\"><img decoding=\"async\" src=\"https:\/\/www.finna.fi\/Cover\/Show?id=museovirasto.44A100114B473E68CB07BC5F33D5AB7D&amp;index=0&amp;size=large&amp;source=Solr\" alt=\"Kansikuva\" \/><figcaption>Turun hovioikeuden 1. osaston j\u00e4senet vuonna 1908, vasemmalta p\u00f6yd\u00e4n ymp\u00e4ri kiert\u00e4en: Francis Bruun, Gustaf Idestam, August Juselius (taaempana), Fredrik Wasenius, Oskar Tammelin ja Fredrik Stenstr\u00f6m. Kuva: Museovirasto, historian kuvakokoelma.<\/figcaption><\/figure>\n","protected":false},"excerpt":{"rendered":"<p>Turun hovioikeuden historiaa tutkii eri yliopistojen oikeushistorioitsijoista ja historioitsijoista koostuva ty\u00f6ryhm\u00e4.<\/p>\n","protected":false},"author":5114,"featured_media":0,"parent":0,"menu_order":0,"comment_status":"closed","ping_status":"closed","template":"","meta":{"footnotes":""},"class_list":["post-18","page","type-page","status-publish","hentry"],"_links":{"self":[{"href":"https:\/\/blogit.utu.fi\/turunhovioikeus\/wp-json\/wp\/v2\/pages\/18","targetHints":{"allow":["GET"]}}],"collection":[{"href":"https:\/\/blogit.utu.fi\/turunhovioikeus\/wp-json\/wp\/v2\/pages"}],"about":[{"href":"https:\/\/blogit.utu.fi\/turunhovioikeus\/wp-json\/wp\/v2\/types\/page"}],"author":[{"embeddable":true,"href":"https:\/\/blogit.utu.fi\/turunhovioikeus\/wp-json\/wp\/v2\/users\/5114"}],"replies":[{"embeddable":true,"href":"https:\/\/blogit.utu.fi\/turunhovioikeus\/wp-json\/wp\/v2\/comments?post=18"}],"version-history":[{"count":2,"href":"https:\/\/blogit.utu.fi\/turunhovioikeus\/wp-json\/wp\/v2\/pages\/18\/revisions"}],"predecessor-version":[{"id":111,"href":"https:\/\/blogit.utu.fi\/turunhovioikeus\/wp-json\/wp\/v2\/pages\/18\/revisions\/111"}],"wp:attachment":[{"href":"https:\/\/blogit.utu.fi\/turunhovioikeus\/wp-json\/wp\/v2\/media?parent=18"}],"curies":[{"name":"wp","href":"https:\/\/api.w.org\/{rel}","templated":true}]}}