{"id":24,"date":"2021-01-27T12:13:47","date_gmt":"2021-01-27T12:13:47","guid":{"rendered":"https:\/\/blogit.utu.fi\/turunhovioikeus\/?page_id=24"},"modified":"2021-02-03T10:53:11","modified_gmt":"2021-02-03T10:53:11","slug":"pa-svenska","status":"publish","type":"page","link":"https:\/\/blogit.utu.fi\/turunhovioikeus\/pa-svenska\/","title":{"rendered":"P\u00e5 svenska"},"content":{"rendered":"\n<p class=\"has-large-font-size\">\u00c5bo hovr\u00e4tt 1623-2023 &#8211; domstol, stadsbor och r\u00e4ttskultur<\/p>\n\n\n\n<p>Sveriges kung Gustav II Adolf undertecknade grundl\u00e4ggningsdokumentet f\u00f6r \u00c5bo hovr\u00e4tt den 15 juni 1623. D\u00e4rmed fyller \u00c5bo hovr\u00e4tt 400 \u00e5r sommaren 2023.<\/p>\n\n\n\n<p>I v\u00e4ntan p\u00e5 jubileums\u00e5ret publiceras det korta artiklar i denna blogg. De behandlar domstolens, dess personals och verksamhets historia i ett brett perspektiv. Ut\u00f6ver forskarna i hovr\u00e4ttens historieprojekt kan bloggartiklar \u00e4ven skrivas av g\u00e4stforskare och sakkunniga.<\/p>\n\n\n\n<div class=\"wp-block-image\"><figure class=\"aligncenter is-resized\"><img loading=\"lazy\" decoding=\"async\" src=\"https:\/\/www.finna.fi\/Cover\/Show?id=museovirasto.781B8939816B01C0E32593AC35525134&amp;index=0&amp;size=large&amp;source=Solr\" alt=\"Kansikuva\" width=\"291\" height=\"302\" \/><figcaption>Minnesmedalj. \u00c5bo hovr\u00e4tt 300 \u00e5r. Foto: Finlands Nationalmuseum, myntkabinettets samling.<\/figcaption><\/figure><\/div>\n","protected":false},"excerpt":{"rendered":"<p>\u00c5bo hovr\u00e4tt 1623-2023 &#8211; domstol, stadsbor och r\u00e4ttskultur Sveriges kung Gustav II Adolf undertecknade grundl\u00e4ggningsdokumentet f\u00f6r \u00c5bo hovr\u00e4tt den 15 juni 1623. D\u00e4rmed fyller \u00c5bo hovr\u00e4tt 400 \u00e5r sommaren 2023. I v\u00e4ntan p\u00e5 jubileums\u00e5ret publiceras det korta artiklar i denna &hellip; <a href=\"https:\/\/blogit.utu.fi\/turunhovioikeus\/pa-svenska\/\">Lue loppuun <span class=\"meta-nav\">&rarr;<\/span><\/a><\/p>\n","protected":false},"author":5114,"featured_media":0,"parent":0,"menu_order":0,"comment_status":"closed","ping_status":"closed","template":"","meta":{"footnotes":""},"class_list":["post-24","page","type-page","status-publish","hentry"],"_links":{"self":[{"href":"https:\/\/blogit.utu.fi\/turunhovioikeus\/wp-json\/wp\/v2\/pages\/24","targetHints":{"allow":["GET"]}}],"collection":[{"href":"https:\/\/blogit.utu.fi\/turunhovioikeus\/wp-json\/wp\/v2\/pages"}],"about":[{"href":"https:\/\/blogit.utu.fi\/turunhovioikeus\/wp-json\/wp\/v2\/types\/page"}],"author":[{"embeddable":true,"href":"https:\/\/blogit.utu.fi\/turunhovioikeus\/wp-json\/wp\/v2\/users\/5114"}],"replies":[{"embeddable":true,"href":"https:\/\/blogit.utu.fi\/turunhovioikeus\/wp-json\/wp\/v2\/comments?post=24"}],"version-history":[{"count":6,"href":"https:\/\/blogit.utu.fi\/turunhovioikeus\/wp-json\/wp\/v2\/pages\/24\/revisions"}],"predecessor-version":[{"id":174,"href":"https:\/\/blogit.utu.fi\/turunhovioikeus\/wp-json\/wp\/v2\/pages\/24\/revisions\/174"}],"wp:attachment":[{"href":"https:\/\/blogit.utu.fi\/turunhovioikeus\/wp-json\/wp\/v2\/media?parent=24"}],"curies":[{"name":"wp","href":"https:\/\/api.w.org\/{rel}","templated":true}]}}