{"id":27,"date":"2021-01-27T12:13:47","date_gmt":"2021-01-27T12:13:47","guid":{"rendered":"https:\/\/blogit.utu.fi\/turunhovioikeus\/?page_id=27"},"modified":"2021-02-03T09:29:52","modified_gmt":"2021-02-03T09:29:52","slug":"tutkimushanke","status":"publish","type":"page","link":"https:\/\/blogit.utu.fi\/turunhovioikeus\/tutkimushanke\/","title":{"rendered":"Tutkimushanke"},"content":{"rendered":"\n<p>Turun hovioikeuden suuresta merkityksest\u00e4 huolimatta sen historiasta on suhteellisen v\u00e4h\u00e4n tietoa. T\u00e4rke\u00e4 syy t\u00e4h\u00e4n on se, ett\u00e4 oikeuden vanhemmat arkistot tuhoutuivat Turun suurpalossa 1827 ennen kuin instituution siihenastisesta historiasta oli ehditty julkaista mit\u00e4\u00e4n teosta. Hankkeen perspektiivi on sek\u00e4 oikeus- ett\u00e4 sosiaalihistoriallinen. N\u00e4in se tarjoaa uutta tietoa ja uusia n\u00e4k\u00f6kulmia niin suomalaiseen kuin turkulaiseenkin oikeushistoriaan tavalla, joka erinomaisesti t\u00e4ydent\u00e4\u00e4 Yrj\u00f6 Blomstedtin viisi vuosikymment\u00e4 vanhaa tutkimusta.<\/p>\n\n\n\n<p>Esimerkiksi Turun hovioikeuden henkil\u00f6kunnan suhde Turun kaupunkiin ja kaupunkilaisiin on pitk\u00e4lti tutkimaton teema. Ty\u00f6ryhm\u00e4 l\u00e4htee Turun hovioikeuden 400-vuotishistoriahankkeella t\u00e4ydent\u00e4m\u00e4\u00e4n t\u00e4t\u00e4 ja muita tutkimuksellisia aukkoja.<\/p>\n\n\n\n<figure class=\"wp-block-image\"><img decoding=\"async\" src=\"https:\/\/www.finna.fi\/Cover\/Show?id=musketti_tmk.M20%3AVA2000%3A3%3A1%3A3&amp;index=0&amp;size=large&amp;source=Solr\" alt=\"Kansikuva\" \/><figcaption>Vartiovuorenm\u00e4elt\u00e4 otettu kuva, jossa n\u00e4kyy Turun it\u00e4ist\u00e4 keskustaa; kuvan huomiopistein\u00e4 Turun tuomiokirkon korkea torni sek\u00e4 H\u00e4meenkadun ja Uudenmaankadun risteys kuvan keskell\u00e4.&nbsp;Kuva: Uno Sel\u00e9n, Turun museokeskus, Valokuva-arkisto, Valokuvat VA.<\/figcaption><\/figure>\n","protected":false},"excerpt":{"rendered":"<p>Turun hovioikeuden suuresta merkityksest\u00e4 huolimatta sen historiasta on suhteellisen v\u00e4h\u00e4n tietoa. T\u00e4rke\u00e4 syy t\u00e4h\u00e4n on se, ett\u00e4 oikeuden vanhemmat arkistot tuhoutuivat Turun suurpalossa 1827 ennen kuin instituution siihenastisesta historiasta oli ehditty julkaista mit\u00e4\u00e4n teosta. Hankkeen perspektiivi on sek\u00e4 oikeus- ett\u00e4 &hellip; <a href=\"https:\/\/blogit.utu.fi\/turunhovioikeus\/tutkimushanke\/\">Lue loppuun <span class=\"meta-nav\">&rarr;<\/span><\/a><\/p>\n","protected":false},"author":5114,"featured_media":0,"parent":0,"menu_order":0,"comment_status":"closed","ping_status":"closed","template":"","meta":{"footnotes":""},"class_list":["post-27","page","type-page","status-publish","hentry"],"_links":{"self":[{"href":"https:\/\/blogit.utu.fi\/turunhovioikeus\/wp-json\/wp\/v2\/pages\/27","targetHints":{"allow":["GET"]}}],"collection":[{"href":"https:\/\/blogit.utu.fi\/turunhovioikeus\/wp-json\/wp\/v2\/pages"}],"about":[{"href":"https:\/\/blogit.utu.fi\/turunhovioikeus\/wp-json\/wp\/v2\/types\/page"}],"author":[{"embeddable":true,"href":"https:\/\/blogit.utu.fi\/turunhovioikeus\/wp-json\/wp\/v2\/users\/5114"}],"replies":[{"embeddable":true,"href":"https:\/\/blogit.utu.fi\/turunhovioikeus\/wp-json\/wp\/v2\/comments?post=27"}],"version-history":[{"count":3,"href":"https:\/\/blogit.utu.fi\/turunhovioikeus\/wp-json\/wp\/v2\/pages\/27\/revisions"}],"predecessor-version":[{"id":171,"href":"https:\/\/blogit.utu.fi\/turunhovioikeus\/wp-json\/wp\/v2\/pages\/27\/revisions\/171"}],"wp:attachment":[{"href":"https:\/\/blogit.utu.fi\/turunhovioikeus\/wp-json\/wp\/v2\/media?parent=27"}],"curies":[{"name":"wp","href":"https:\/\/api.w.org\/{rel}","templated":true}]}}