{"id":6,"date":"2021-01-22T16:27:57","date_gmt":"2021-01-22T16:27:57","guid":{"rendered":"https:\/\/blogit.utu.fi\/turunhovioikeus\/?page_id=2"},"modified":"2021-01-27T13:17:47","modified_gmt":"2021-01-27T13:17:47","slug":"sample-page","status":"publish","type":"page","link":"https:\/\/blogit.utu.fi\/turunhovioikeus\/","title":{"rendered":"Turun hovioikeus 1623-2023"},"content":{"rendered":"\n<p>Ruotsin kuningas Kustaa II Aadolf allekirjoitti Turun hovioikeuden perustamisasiakirjan 15. kes\u00e4kuuta 1623. N\u00e4in ollen Turun hovioikeus viett\u00e4\u00e4 400-vuotisp\u00e4ivi\u00e4\u00e4n kes\u00e4ll\u00e4 2023. T\u00e4t\u00e4 juhlavuotta ennakoiden t\u00e4m\u00e4n sivuston blogissa julkaistaan Turun hovioikeuden historiaan liittyvi\u00e4 lyhyit\u00e4 kirjoituksia, jotka k\u00e4sittelev\u00e4t tuomioistuimen, sen henkil\u00f6kunnan ja toiminnan historiaa laajasti ottaen. Hovioikeuden historiahankkeen tutkijoiden lis\u00e4ksi blogitekstej\u00e4 saattavat my\u00f6s kirjoittaa vierailevat tutkijat ja asiantuntijat.<\/p>\n\n\n\n<div class=\"wp-block-image\"><figure class=\"aligncenter is-resized\"><img loading=\"lazy\" decoding=\"async\" src=\"https:\/\/www.finna.fi\/Cover\/Show?id=museovirasto.781B8939816B01C0E32593AC35525134&amp;index=0&amp;size=large&amp;source=Solr\" alt=\"Kansikuva\" width=\"278\" height=\"286\" \/><figcaption>Muistomitali, Turun hovioikeus 300 vuotta. Kansallismuseo, rahakammion kokoelmat.<\/figcaption><\/figure><\/div>\n\n\n\n<p><\/p>\n","protected":false},"excerpt":{"rendered":"<p>Ruotsin kuningas Kustaa II Aadolf allekirjoitti Turun hovioikeuden perustamisasiakirjan 15. kes\u00e4kuuta 1623. N\u00e4in ollen Turun hovioikeus viett\u00e4\u00e4 400-vuotisp\u00e4ivi\u00e4\u00e4n kes\u00e4ll\u00e4 2023. T\u00e4t\u00e4 juhlavuotta ennakoiden t\u00e4m\u00e4n sivuston blogissa julkaistaan Turun hovioikeuden historiaan liittyvi\u00e4 lyhyit\u00e4 kirjoituksia, jotka k\u00e4sittelev\u00e4t tuomioistuimen, sen henkil\u00f6kunnan ja toiminnan &hellip; <a href=\"https:\/\/blogit.utu.fi\/turunhovioikeus\/\">Lue loppuun <span class=\"meta-nav\">&rarr;<\/span><\/a><\/p>\n","protected":false},"author":5114,"featured_media":0,"parent":0,"menu_order":0,"comment_status":"closed","ping_status":"open","template":"","meta":{"footnotes":""},"class_list":["post-6","page","type-page","status-publish","hentry"],"_links":{"self":[{"href":"https:\/\/blogit.utu.fi\/turunhovioikeus\/wp-json\/wp\/v2\/pages\/6","targetHints":{"allow":["GET"]}}],"collection":[{"href":"https:\/\/blogit.utu.fi\/turunhovioikeus\/wp-json\/wp\/v2\/pages"}],"about":[{"href":"https:\/\/blogit.utu.fi\/turunhovioikeus\/wp-json\/wp\/v2\/types\/page"}],"author":[{"embeddable":true,"href":"https:\/\/blogit.utu.fi\/turunhovioikeus\/wp-json\/wp\/v2\/users\/5114"}],"replies":[{"embeddable":true,"href":"https:\/\/blogit.utu.fi\/turunhovioikeus\/wp-json\/wp\/v2\/comments?post=6"}],"version-history":[{"count":4,"href":"https:\/\/blogit.utu.fi\/turunhovioikeus\/wp-json\/wp\/v2\/pages\/6\/revisions"}],"predecessor-version":[{"id":150,"href":"https:\/\/blogit.utu.fi\/turunhovioikeus\/wp-json\/wp\/v2\/pages\/6\/revisions\/150"}],"wp:attachment":[{"href":"https:\/\/blogit.utu.fi\/turunhovioikeus\/wp-json\/wp\/v2\/media?parent=6"}],"curies":[{"name":"wp","href":"https:\/\/api.w.org\/{rel}","templated":true}]}}