{"id":81,"date":"2021-01-27T12:42:05","date_gmt":"2021-01-27T12:42:05","guid":{"rendered":"https:\/\/blogit.utu.fi\/turunhovioikeus\/?page_id=81"},"modified":"2021-02-03T10:54:11","modified_gmt":"2021-02-03T10:54:11","slug":"arbetsgrupp","status":"publish","type":"page","link":"https:\/\/blogit.utu.fi\/turunhovioikeus\/arbetsgrupp\/","title":{"rendered":"Arbetsgrupp"},"content":{"rendered":"\n<p>\u00c5bo hovr\u00e4tts historia forskas av en arbetsgrupp best\u00e5ende av r\u00e4ttshistoriker och historiker fr\u00e5n olika universitet.<\/p>\n\n\n\n<figure class=\"wp-block-image\"><img decoding=\"async\" src=\"https:\/\/www.finna.fi\/Cover\/Show?id=museovirasto.44A100114B473E68CB07BC5F33D5AB7D&amp;index=0&amp;size=large&amp;source=Solr\" alt=\"Kansikuva\" \/><figcaption>\u00c5bo Hovr\u00e4tt sesion i f\u00f6rsta divisionen 1908. Fr\u00e5n v\u00e4nster 1. Vicepresident Fredrik Francis Bruun, 2. Viceh\u00e4radsh\u00f6vding Gustaf Leonard Idestam (vid protokollet), 3. Hovr\u00e4ttsr\u00e5det August Artur Juselius (vid f\u00f6nstret), 4. Adj. borgm\u00e4stare Fredrik Rafael Wasenius, 5. Asessor Fredrik Stenstr\u00f6m, 6. Hovr\u00e4ttsr\u00e5det Oskar Julius Tammelin. Foto: Museiverket, historiska bildsamlingarna.<\/figcaption><\/figure>\n","protected":false},"excerpt":{"rendered":"<p>\u00c5bo hovr\u00e4tts historia forskas av en arbetsgrupp best\u00e5ende av r\u00e4ttshistoriker och historiker fr\u00e5n olika universitet.<\/p>\n","protected":false},"author":5114,"featured_media":0,"parent":0,"menu_order":0,"comment_status":"closed","ping_status":"closed","template":"","meta":{"footnotes":""},"class_list":["post-81","page","type-page","status-publish","hentry"],"_links":{"self":[{"href":"https:\/\/blogit.utu.fi\/turunhovioikeus\/wp-json\/wp\/v2\/pages\/81","targetHints":{"allow":["GET"]}}],"collection":[{"href":"https:\/\/blogit.utu.fi\/turunhovioikeus\/wp-json\/wp\/v2\/pages"}],"about":[{"href":"https:\/\/blogit.utu.fi\/turunhovioikeus\/wp-json\/wp\/v2\/types\/page"}],"author":[{"embeddable":true,"href":"https:\/\/blogit.utu.fi\/turunhovioikeus\/wp-json\/wp\/v2\/users\/5114"}],"replies":[{"embeddable":true,"href":"https:\/\/blogit.utu.fi\/turunhovioikeus\/wp-json\/wp\/v2\/comments?post=81"}],"version-history":[{"count":3,"href":"https:\/\/blogit.utu.fi\/turunhovioikeus\/wp-json\/wp\/v2\/pages\/81\/revisions"}],"predecessor-version":[{"id":177,"href":"https:\/\/blogit.utu.fi\/turunhovioikeus\/wp-json\/wp\/v2\/pages\/81\/revisions\/177"}],"wp:attachment":[{"href":"https:\/\/blogit.utu.fi\/turunhovioikeus\/wp-json\/wp\/v2\/media?parent=81"}],"curies":[{"name":"wp","href":"https:\/\/api.w.org\/{rel}","templated":true}]}}