{"id":84,"date":"2021-01-27T12:42:05","date_gmt":"2021-01-27T12:42:05","guid":{"rendered":"https:\/\/blogit.utu.fi\/turunhovioikeus\/?page_id=84"},"modified":"2021-01-27T12:58:12","modified_gmt":"2021-01-27T12:58:12","slug":"litteratur","status":"publish","type":"page","link":"https:\/\/blogit.utu.fi\/turunhovioikeus\/litteratur\/","title":{"rendered":"Litteratur"},"content":{"rendered":"\n<p>Lars Bj\u00f6rne, \u201d<em>Syihin ja lakiin eik\u00e4 mielivaltaan\u201d. Tutkimus Turun hovioikeuden poliittisista oikeudenk\u00e4ynneist\u00e4 vuosina 1918-1939<\/em>. SLY:n julkaisuja, A-sarja, 117. Suomalainen Lakimiesyhdistys, Helsingfors, 1977.<\/p>\n\n\n\n<p>Yrj\u00f6 Blomstedt, <em>Turun hovioikeus 1623 31\/10 1973 \u00c5bo Hovr\u00e4tt<\/em>, WSOY, Borg\u00e5\/Helsingfors, 1973.<\/p>\n\n\n\n<p>Hilkka Karpela-Uusitalo, <em>Tapahtuipa kerran. Kertomuksia Turun hovioikeudesta<\/em>. Turun hovioikeus, \u00c5bo, 2017.<\/p>\n\n\n\n<p>Wilhelm Gabriel Lagus, <em>\u00c5bo hofr\u00e4tts historia intill den 12. Nov. 1823, d\u00e5 hofr\u00e4tten firade sin andra secular-fest, 1.: Biographiska anteckningar<\/em>. Frenckell, Helsingfors, 1834.<\/p>\n\n\n\n<p>K. R. Melander, <em>Drag ur \u00c5bo hovr\u00e4tts \u00e4ldre historia och ur r\u00e4ttslivet i Finland under f\u00f6rra h\u00e4lften av 1600-talet<\/em>. Juridiska f\u00f6reningens i Finland publikationsserie, 3. Juridiska f\u00f6reningen i Finland, Helsingfors, 1936.<\/p>\n\n\n\n<p>A.W. Westerlund, <em>\u00c5bo hovr\u00e4tts presidenter, ledam\u00f6ter och tj\u00e4nstem\u00e4n 1623\u20131923: biografiska och genealogiska anteckningar<\/em>, 1\u20132. H. Edgrens bokhandel, \u00c5bo, 1923.<\/p>\n","protected":false},"excerpt":{"rendered":"<p>Lars Bj\u00f6rne, \u201dSyihin ja lakiin eik\u00e4 mielivaltaan\u201d. Tutkimus Turun hovioikeuden poliittisista oikeudenk\u00e4ynneist\u00e4 vuosina 1918-1939. SLY:n julkaisuja, A-sarja, 117. Suomalainen Lakimiesyhdistys, Helsingfors, 1977. Yrj\u00f6 Blomstedt, Turun hovioikeus 1623 31\/10 1973 \u00c5bo Hovr\u00e4tt, WSOY, Borg\u00e5\/Helsingfors, 1973. Hilkka Karpela-Uusitalo, Tapahtuipa kerran. Kertomuksia Turun &hellip; <a href=\"https:\/\/blogit.utu.fi\/turunhovioikeus\/litteratur\/\">Lue loppuun <span class=\"meta-nav\">&rarr;<\/span><\/a><\/p>\n","protected":false},"author":5114,"featured_media":0,"parent":0,"menu_order":0,"comment_status":"closed","ping_status":"closed","template":"","meta":{"footnotes":""},"class_list":["post-84","page","type-page","status-publish","hentry"],"_links":{"self":[{"href":"https:\/\/blogit.utu.fi\/turunhovioikeus\/wp-json\/wp\/v2\/pages\/84","targetHints":{"allow":["GET"]}}],"collection":[{"href":"https:\/\/blogit.utu.fi\/turunhovioikeus\/wp-json\/wp\/v2\/pages"}],"about":[{"href":"https:\/\/blogit.utu.fi\/turunhovioikeus\/wp-json\/wp\/v2\/types\/page"}],"author":[{"embeddable":true,"href":"https:\/\/blogit.utu.fi\/turunhovioikeus\/wp-json\/wp\/v2\/users\/5114"}],"replies":[{"embeddable":true,"href":"https:\/\/blogit.utu.fi\/turunhovioikeus\/wp-json\/wp\/v2\/comments?post=84"}],"version-history":[{"count":2,"href":"https:\/\/blogit.utu.fi\/turunhovioikeus\/wp-json\/wp\/v2\/pages\/84\/revisions"}],"predecessor-version":[{"id":120,"href":"https:\/\/blogit.utu.fi\/turunhovioikeus\/wp-json\/wp\/v2\/pages\/84\/revisions\/120"}],"wp:attachment":[{"href":"https:\/\/blogit.utu.fi\/turunhovioikeus\/wp-json\/wp\/v2\/media?parent=84"}],"curies":[{"name":"wp","href":"https:\/\/api.w.org\/{rel}","templated":true}]}}